{"id":93,"date":"2025-11-10T13:18:11","date_gmt":"2025-11-10T13:18:11","guid":{"rendered":"https:\/\/d-factory.in.net\/?page_id=93"},"modified":"2025-11-10T13:18:11","modified_gmt":"2025-11-10T13:18:11","slug":"lien-he","status":"publish","type":"page","link":"https:\/\/d-factory.in.net\/index.php\/lien-he\/","title":{"rendered":"Li\u00ean H\u1ec7 188BET: H\u01b0\u1edbng D\u1eabn \u0110\u1ec3 B\u1ea1n K\u1ebft N\u1ed1i Hi\u1ec7u Qu\u1ea3"},"content":{"rendered":"<p><span style=\"font-weight: 400;\">Trong th\u1eddi \u0111\u1ea1i c\u00f4ng ngh\u1ec7 s\u1ed1 ng\u00e0y nay, <\/span><b>li\u00ean h\u1ec7 <a href=\"https:\/\/d-factory.in.net\/\">188BET<\/a><\/b><span style=\"font-weight: 400;\"> l\u00e0 c\u1ea7u n\u1ed1i quan tr\u1ecdng gi\u00fap ng\u01b0\u1eddi ch\u01a1i d\u1ec5 d\u00e0ng ti\u1ebfp c\u1eadn d\u1ecbch v\u1ee5, h\u1ed7 tr\u1ee3 v\u00e0 gi\u1ea3i \u0111\u00e1p nh\u1eefng th\u1eafc m\u1eafc li\u00ean quan \u0111\u1ebfn n\u1ec1n t\u1ea3ng c\u00e1 c\u01b0\u1ee3c tr\u1ef1c tuy\u1ebfn n\u00e0y. Vi\u1ec7c c\u00f3 th\u1ec3 k\u1ebft n\u1ed1i nhanh ch\u00f3ng, ch\u00ednh x\u00e1c s\u1ebd gi\u00fap tr\u1ea3i nghi\u1ec7m c\u1ee7a b\u1ea1n tr\u1edf n\u00ean thu\u1eadn l\u1ee3i h\u01a1n, t\u1eeb \u0111\u00f3 n\u00e2ng cao s\u1ef1 h\u00e0i l\u00f2ng v\u00e0 tin t\u01b0\u1edfng khi s\u1eed d\u1ee5ng d\u1ecbch v\u1ee5 c\u1ee7a ch\u00fang t\u00f4i.\u00a0<\/span><\/p>\n<h2><b>T\u1ea7m Quan Tr\u1ecdng c\u1ee7a Vi\u1ec7c Li\u00ean h\u1ec7 188BET<\/b><\/h2>\n<figure id=\"attachment_96\" aria-describedby=\"caption-attachment-96\" style=\"width: 800px\" class=\"wp-caption aligncenter\"><img loading=\"lazy\" decoding=\"async\" class=\"size-full wp-image-96\" src=\"https:\/\/d-factory.in.net\/wp-content\/uploads\/2025\/11\/lien-he-2.jpg\" alt=\"T\u1ea7m Quan Tr\u1ecdng c\u1ee7a Vi\u1ec7c Li\u00ean h\u1ec7 188BET\" width=\"800\" height=\"400\" srcset=\"https:\/\/d-factory.in.net\/wp-content\/uploads\/2025\/11\/lien-he-2.jpg 800w, https:\/\/d-factory.in.net\/wp-content\/uploads\/2025\/11\/lien-he-2-300x150.jpg 300w, https:\/\/d-factory.in.net\/wp-content\/uploads\/2025\/11\/lien-he-2-768x384.jpg 768w\" sizes=\"auto, (max-width: 800px) 100vw, 800px\" \/><figcaption id=\"caption-attachment-96\" class=\"wp-caption-text\">T\u1ea7m Quan Tr\u1ecdng c\u1ee7a Vi\u1ec7c Li\u00ean h\u1ec7 188BET<\/figcaption><\/figure>\n<p><span style=\"font-weight: 400;\">Trong c\u00e1c d\u1ecbch v\u1ee5 c\u00e1 c\u01b0\u1ee3c tr\u1ef1c tuy\u1ebfn, t\u00ednh n\u0103ng h\u1ed7 tr\u1ee3 kh\u00e1ch h\u00e0ng qua c\u00e1c k\u00eanh li\u00ean h\u1ec7 \u0111\u00f3ng vai tr\u00f2 quan tr\u1ecdng kh\u00f4ng k\u00e9m g\u00ec c\u00e1c t\u00ednh n\u0103ng c\u00e1 c\u01b0\u1ee3c tr\u00ean n\u1ec1n t\u1ea3ng \u0111\u00f3. Khi g\u1eb7p v\u1ea5n \u0111\u1ec1 v\u1ec1 t\u00e0i kho\u1ea3n, thanh to\u00e1n, b\u1ea3o m\u1eadt ho\u1eb7c c\u00e1c y\u00eau c\u1ea7u \u0111\u1eb7c bi\u1ec7t, kh\u00e1ch h\u00e0ng c\u1ea7n c\u00f3 k\u00eanh tr\u1ef1c ti\u1ebfp \u0111\u1ec3 trao \u0111\u1ed5i v\u00e0 nh\u1eadn ph\u1ea3n h\u1ed3i nhanh ch\u00f3ng. Ch\u00ednh v\u00ec v\u1eady, vi\u1ec7c bi\u1ebft r\u00f5 c\u00e1c ph\u01b0\u01a1ng th\u1ee9c gi\u00fap b\u1ea1n ch\u1ee7 \u0111\u1ed9ng trong m\u1ecdi t\u00ecnh hu\u1ed1ng, \u0111\u1ea3m b\u1ea3o quy\u1ec1n l\u1ee3i c\u1ee7a m\u00ecnh lu\u00f4n \u0111\u01b0\u1ee3c b\u1ea3o v\u1ec7 t\u1ed1i \u0111a.<\/span><\/p>\n<h2><b>C\u00e1c Ph\u01b0\u01a1ng Th\u1ee9c Li\u00ean H\u1ec7 188BET Hi\u1ec7n Nay<\/b><\/h2>\n<p><span style=\"font-weight: 400;\">Trong ph\u1ea7n n\u00e0y, ch\u00fang t\u00f4i s\u1ebd tr\u00ecnh b\u00e0y c\u00e1c ph\u01b0\u01a1ng th\u1ee9c ph\u1ed5 bi\u1ebfn nh\u1ea5t \u0111\u1ec3 kh\u00e1ch h\u00e0ng c\u00f3 th\u1ec3 <\/span><b>li\u00ean h\u1ec7 <\/b><span style=\"font-weight: 400;\">m\u1ed9t c\u00e1ch thu\u1eadn ti\u1ec7n v\u00e0 nhanh ch\u00f3ng.<\/span><\/p>\n<h3><b>Qua T\u1ed5ng \u0110\u00e0i \u0110i\u1ec7n Tho\u1ea1i<\/b><\/h3>\n<p><span style=\"font-weight: 400;\">Ph\u01b0\u01a1ng th\u1ee9c truy\u1ec1n th\u1ed1ng nh\u01b0ng v\u1eabn hi\u1ec7u qu\u1ea3 nh\u1ea5t hi\u1ec7n nay l\u00e0 li\u00ean h\u1ec7 qua t\u1ed5ng \u0111\u00e0i. Ch\u00fang t\u00f4i cung c\u1ea5p nhi\u1ec1u s\u1ed1 \u0111i\u1ec7n tho\u1ea1i \u0111\u1ec3 kh\u00e1ch h\u00e0ng c\u00f3 th\u1ec3 g\u1ecdi tr\u1ef1c ti\u1ebfp v\u00e0 nh\u1eadn ph\u1ea3n h\u1ed3i ngay l\u1eadp t\u1ee9c t\u1eeb b\u1ed9 ph\u1eadn h\u1ed7 tr\u1ee3.<\/span><\/p>\n<h3><b>G\u1eedi Tin Nh\u1eafn Qua Email H\u1ed7 Tr\u1ee3<\/b><\/h3>\n<figure id=\"attachment_95\" aria-describedby=\"caption-attachment-95\" style=\"width: 800px\" class=\"wp-caption aligncenter\"><img loading=\"lazy\" decoding=\"async\" class=\"size-full wp-image-95\" src=\"https:\/\/d-factory.in.net\/wp-content\/uploads\/2025\/11\/lien-he-3.jpg\" alt=\"G\u1eedi Tin Nh\u1eafn Qua Email H\u1ed7 Tr\u1ee3\" width=\"800\" height=\"400\" srcset=\"https:\/\/d-factory.in.net\/wp-content\/uploads\/2025\/11\/lien-he-3.jpg 800w, https:\/\/d-factory.in.net\/wp-content\/uploads\/2025\/11\/lien-he-3-300x150.jpg 300w, https:\/\/d-factory.in.net\/wp-content\/uploads\/2025\/11\/lien-he-3-768x384.jpg 768w\" sizes=\"auto, (max-width: 800px) 100vw, 800px\" \/><figcaption id=\"caption-attachment-95\" class=\"wp-caption-text\">G\u1eedi Tin Nh\u1eafn Qua Email H\u1ed7 Tr\u1ee3<\/figcaption><\/figure>\n<p><span style=\"font-weight: 400;\">D\u1ecbch v\u1ee5 email h\u1ed7 tr\u1ee3 lu\u00f4n d\u00e0nh cho c\u00e1c v\u1ea5n \u0111\u1ec1 kh\u00f4ng c\u1ea5p b\u00e1ch ho\u1eb7c y\u00eau c\u1ea7u c\u1ea7n g\u1eedi t\u00e0i li\u1ec7u \u0111\u00ednh k\u00e8m. Ph\u01b0\u01a1ng th\u1ee9c n\u00e0y gi\u00fap kh\u00e1ch h\u00e0ng g\u1eedi y\u00eau c\u1ea7u r\u00f5 r\u00e0ng, chi ti\u1ebft v\u00e0 nh\u1eadn ph\u1ea3n h\u1ed3i trong th\u1eddi gian s\u1edbm nh\u1ea5t.<\/span><\/p>\n<h3><b>Tr\u00f2 Chuy\u1ec7n Tr\u1ef1c Tuy\u1ebfn (Chat Tr\u1ef1c Ti\u1ebfp)<\/b><\/h3>\n<p><span style=\"font-weight: 400;\">H\u1ea7u h\u1ebft c\u00e1c n\u1ec1n t\u1ea3ng c\u00e1 c\u01b0\u1ee3c online \u0111\u1ec1u c\u00f3 ch\u1ee9c n\u0103ng chat tr\u1ef1c ti\u1ebfp. \u0110\u00e2y l\u00e0 c\u00e1ch nhanh nh\u1ea5t \u0111\u1ec3 nh\u1eadn \u0111\u01b0\u1ee3c t\u01b0 v\u1ea5n t\u1ee9c th\u00ec t\u1eeb nh\u00e2n vi\u00ean h\u1ed7 tr\u1ee3, ph\u00f9 h\u1ee3p v\u1edbi nh\u1eefng c\u00e2u h\u1ecfi ng\u1eafn, c\u1ea7n ph\u1ea3n h\u1ed3i nhanh.<\/span><\/p>\n<h3><b>Qua M\u1ea1ng X\u00e3 H\u1ed9i<\/b><\/h3>\n<p><span style=\"font-weight: 400;\">Ngo\u00e0i c\u00e1c ph\u01b0\u01a1ng th\u1ee9c tr\u00ean, nh\u00e0 c\u00e1i c\u00f2n duy tr\u00ec c\u00e1c k\u00eanh m\u1ea1ng x\u00e3 h\u1ed9i nh\u01b0 Facebook, Zalo \u0111\u1ec3 kh\u00e1ch h\u00e0ng c\u00f3 th\u1ec3 li\u00ean h\u1ec7 v\u00e0 \u0111\u1eb7t c\u00e2u h\u1ecfi. \u0110\u00e2y l\u00e0 l\u1ef1a ch\u1ecdn ph\u00f9 h\u1ee3p khi b\u1ea1n mu\u1ed1n g\u1eedi y\u00eau c\u1ea7u kh\u00f4ng qu\u00e1 g\u1ea5p, ho\u1eb7c \u0111\u1ec3 theo d\u00f5i c\u00e1c c\u1eadp nh\u1eadt m\u1edbi nh\u1ea5t t\u1eeb nh\u00e0 c\u00e1i.<\/span><\/p>\n<h3><b>Th\u00f3i Quen Trong Vi\u1ec7c Gi\u1eef Li\u00ean L\u1ea1c<\/b><\/h3>\n<ul>\n<li style=\"font-weight: 400;\" aria-level=\"1\"><span style=\"font-weight: 400;\">Ghi nh\u1edb c\u00e1c s\u1ed1 \u0111i\u1ec7n tho\u1ea1i h\u1ed7 tr\u1ee3 ch\u00ednh.<\/span><\/li>\n<li style=\"font-weight: 400;\" aria-level=\"1\"><span style=\"font-weight: 400;\">L\u1ef1a ch\u1ecdn ph\u01b0\u01a1ng th\u1ee9c li\u00ean h\u1ec7 ph\u00f9 h\u1ee3p v\u1edbi t\u1eebng nhu c\u1ea7u.<\/span><\/li>\n<li style=\"font-weight: 400;\" aria-level=\"1\"><span style=\"font-weight: 400;\">Chu\u1ea9n b\u1ecb s\u1eb5n c\u00e1c th\u00f4ng tin c\u1ea7n thi\u1ebft nh\u01b0 m\u00e3 t\u00e0i kho\u1ea3n, v\u1ea5n \u0111\u1ec1 g\u1eb7p ph\u1ea3i,\u2026 \u0111\u1ec3 ti\u1ebft ki\u1ec7m th\u1eddi gian trao \u0111\u1ed5i.<\/span><\/li>\n<\/ul>\n<h2><b>C\u00e1c L\u01b0u \u00dd Khi Li\u00ean H\u1ec7 188BET<\/b><\/h2>\n<figure id=\"attachment_94\" aria-describedby=\"caption-attachment-94\" style=\"width: 800px\" class=\"wp-caption aligncenter\"><img loading=\"lazy\" decoding=\"async\" class=\"size-full wp-image-94\" src=\"https:\/\/d-factory.in.net\/wp-content\/uploads\/2025\/11\/lien-he-4.jpg\" alt=\"C\u00e1c L\u01b0u \u00dd Khi Li\u00ean H\u1ec7 188BET\" width=\"800\" height=\"400\" srcset=\"https:\/\/d-factory.in.net\/wp-content\/uploads\/2025\/11\/lien-he-4.jpg 800w, https:\/\/d-factory.in.net\/wp-content\/uploads\/2025\/11\/lien-he-4-300x150.jpg 300w, https:\/\/d-factory.in.net\/wp-content\/uploads\/2025\/11\/lien-he-4-768x384.jpg 768w\" sizes=\"auto, (max-width: 800px) 100vw, 800px\" \/><figcaption id=\"caption-attachment-94\" class=\"wp-caption-text\">C\u00e1c L\u01b0u \u00dd Khi Li\u00ean H\u1ec7 188BET<\/figcaption><\/figure>\n<p><span style=\"font-weight: 400;\">D\u01b0\u1edbi \u0111\u00e2y l\u00e0 m\u1ed9t s\u1ed1 l\u01b0u \u00fd gi\u00fap b\u1ea1n c\u00f3 tr\u1ea3i nghi\u1ec7m thu\u1eadn l\u1ee3i h\u01a1n:<\/span><\/p>\n<ul>\n<li style=\"font-weight: 400;\" aria-level=\"1\"><span style=\"font-weight: 400;\">Lu\u00f4n cung c\u1ea5p \u0111\u1ea7y \u0111\u1ee7, ch\u00ednh x\u00e1c th\u00f4ng tin \u0111\u1ec3 nh\u00e2n vi\u00ean c\u00f3 th\u1ec3 h\u1ed7 tr\u1ee3 nhanh nh\u1ea5t.<\/span><\/li>\n<li style=\"font-weight: 400;\" aria-level=\"1\"><span style=\"font-weight: 400;\">\u0110\u1ed1i v\u1edbi c\u00e1c v\u1ea5n \u0111\u1ec1 li\u00ean quan \u0111\u1ebfn t\u00e0i kho\u1ea3n, \u0111\u1eb7c bi\u1ec7t kh\u00f4ng chia s\u1ebb th\u00f4ng tin c\u00e1 nh\u00e2n ho\u1eb7c m\u1eadt kh\u1ea9u qua c\u00e1c k\u00eanh kh\u00f4ng ch\u00ednh th\u1ed1ng.<\/span><\/li>\n<li style=\"font-weight: 400;\" aria-level=\"1\"><span style=\"font-weight: 400;\">N\u1ebfu kh\u00f4ng nh\u1eadn \u0111\u01b0\u1ee3c ph\u1ea3n h\u1ed3i trong th\u1eddi gian quy \u0111\u1ecbnh, h\u00e3y th\u1eed c\u00e1c ph\u01b0\u01a1ng th\u1ee9c kh\u00e1c nh\u01b0 g\u1ecdi \u0111i\u1ec7n tr\u1ef1c ti\u1ebfp ho\u1eb7c g\u1eedi email.<\/span><\/li>\n<\/ul>\n<h2><b>Nh\u1eefng C\u00e2u H\u1ecfi Th\u01b0\u1eddng G\u1eb7p khi Li\u00ean H\u1ec7\u00a0<\/b><\/h2>\n<table>\n<tbody>\n<tr>\n<td><b>C\u00e2u h\u1ecfi<\/b><\/td>\n<td><b>\u0110\u00e1p \u00e1n<\/b><\/td>\n<\/tr>\n<tr>\n<td><span style=\"font-weight: 400;\">L\u00e0m th\u1ebf n\u00e0o \u0111\u1ec3 k\u1ebft n\u1ed1i nhanh nh\u1ea5t?<\/span><\/td>\n<td><span style=\"font-weight: 400;\">S\u1eed d\u1ee5ng chat tr\u1ef1c tuy\u1ebfn ho\u1eb7c g\u1ecdi \u0111i\u1ec7n tr\u1ef1c ti\u1ebfp \u0111\u1ec3 \u0111\u01b0\u1ee3c h\u1ed7 tr\u1ee3 ngay l\u1eadp t\u1ee9c.<\/span><\/td>\n<\/tr>\n<tr>\n<td><span style=\"font-weight: 400;\">C\u00f3 th\u1ec3 g\u1eedi y\u00eau c\u1ea7u qua email kh\u00f4ng?<\/span><\/td>\n<td><span style=\"font-weight: 400;\">C\u00f3, b\u1ea1n c\u00f3 th\u1ec3 g\u1eedi y\u00eau c\u1ea7u qua email h\u1ed7 tr\u1ee3 \u0111\u1ec3 \u0111\u01b0\u1ee3c gi\u1ea3i \u0111\u00e1p trong th\u1eddi gian s\u1edbm nh\u1ea5t.<\/span><\/td>\n<\/tr>\n<tr>\n<td><span style=\"font-weight: 400;\">Th\u1eddi gian ph\u1ea3n h\u1ed3i trung b\u00ecnh l\u00e0 bao l\u00e2u?<\/span><\/td>\n<td><span style=\"font-weight: 400;\">Th\u01b0\u1eddng trong v\u00f2ng 1-2 gi\u1edd l\u00e0m vi\u1ec7c, t\u00f9y thu\u1ed9c v\u00e0o m\u1ee9c \u0111\u1ed9 ph\u1ee9c t\u1ea1p c\u1ee7a y\u00eau c\u1ea7u v\u00e0 khung gi\u1edd c\u1ee7a b\u1ed9 ph\u1eadn h\u1ed7 tr\u1ee3.<\/span><\/td>\n<\/tr>\n<tr>\n<td><span style=\"font-weight: 400;\">Li\u1ec7u c\u00f3 th\u1ec3 k\u1ebft n\u1ed1i qua m\u1ea1ng x\u00e3 h\u1ed9i kh\u00f4ng?<\/span><\/td>\n<td><span style=\"font-weight: 400;\">C\u00f3, qua c\u00e1c k\u00eanh nh\u01b0 Facebook ho\u1eb7c Zalo. \u0110\u00e2y l\u00e0 ph\u01b0\u01a1ng th\u1ee9c thu\u1eadn ti\u1ec7n cho c\u00e1c c\u00e2u h\u1ecfi kh\u00f4ng qu\u00e1 c\u1ea5p thi\u1ebft.<\/span><\/td>\n<\/tr>\n<\/tbody>\n<\/table>\n<h2><b>B\u1ea3ng So S\u00e1nh C\u00e1c Ph\u01b0\u01a1ng Th\u1ee9c Li\u00ean H\u1ec7 188BET<\/b><\/h2>\n<table>\n<tbody>\n<tr>\n<td><b>Ph\u01b0\u01a1ng th\u1ee9c<\/b><\/td>\n<td><b>\u01afu \u0111i\u1ec3m<\/b><\/td>\n<td><b>Nh\u01b0\u1ee3c \u0111i\u1ec3m<\/b><\/td>\n<td><b>Th\u1eddi gian ph\u1ea3n h\u1ed3i<\/b><\/td>\n<td><b>Ph\u00f9 h\u1ee3p v\u1edbi<\/b><\/td>\n<\/tr>\n<tr>\n<td><span style=\"font-weight: 400;\">T\u1ed5ng \u0111\u00e0i \u0111i\u1ec7n tho\u1ea1i<\/span><\/td>\n<td><span style=\"font-weight: 400;\">Tr\u1ef1c ti\u1ebfp, nhanh ch\u00f3ng<\/span><\/td>\n<td><span style=\"font-weight: 400;\">C\u00f3 th\u1ec3 ch\u1edd \u0111\u1ee3i khi b\u1eadn ho\u1eb7c nhi\u1ec1u cu\u1ed9c g\u1ecdi<\/span><\/td>\n<td><span style=\"font-weight: 400;\">Ngay l\u1eadp t\u1ee9c<\/span><\/td>\n<td><span style=\"font-weight: 400;\">C\u00e1c v\u1ea5n \u0111\u1ec1 c\u1ea5p b\u00e1ch, c\u1ea7n gi\u1ea3i quy\u1ebft nhanh ch\u00f3ng<\/span><\/td>\n<\/tr>\n<tr>\n<td><span style=\"font-weight: 400;\">Email h\u1ed7 tr\u1ee3<\/span><\/td>\n<td><span style=\"font-weight: 400;\">G\u1eedi y\u00eau c\u1ea7u chi ti\u1ebft, \u0111\u00ednh k\u00e8m t\u00e0i li\u1ec7u<\/span><\/td>\n<td><span style=\"font-weight: 400;\">Th\u1eddi gian ph\u1ea3n h\u1ed3i l\u00e2u h\u01a1n cu\u1ed9c g\u1ecdi tr\u1ef1c ti\u1ebfp<\/span><\/td>\n<td><span style=\"font-weight: 400;\">1-2 gi\u1edd l\u00e0m vi\u1ec7c<\/span><\/td>\n<td><span style=\"font-weight: 400;\">C\u00e1c v\u1ea5n \u0111\u1ec1 kh\u00f4ng c\u1ea5p b\u00e1ch, c\u1ea7n ch\u1ee9ng c\u1ee9 r\u00f5 r\u00e0ng<\/span><\/td>\n<\/tr>\n<tr>\n<td><span style=\"font-weight: 400;\">Chat tr\u1ef1c tuy\u1ebfn<\/span><\/td>\n<td><span style=\"font-weight: 400;\">Ph\u1ea3n h\u1ed3i nhanh, ti\u1ec7n l\u1ee3i<\/span><\/td>\n<td><span style=\"font-weight: 400;\">C\u00f3 th\u1ec3 gi\u1edbi h\u1ea1n v\u1ec1 th\u1eddi gian ho\u1ea1t \u0111\u1ed9ng<\/span><\/td>\n<td><span style=\"font-weight: 400;\">Trong v\u00f2ng v\u00e0i ph\u00fat<\/span><\/td>\n<td><span style=\"font-weight: 400;\">T\u01b0 v\u1ea5n nhanh, c\u00e1c c\u00e2u h\u1ecfi ng\u1eafn g\u1ecdn<\/span><\/td>\n<\/tr>\n<tr>\n<td><span style=\"font-weight: 400;\">M\u1ea1ng x\u00e3 h\u1ed9i<\/span><\/td>\n<td><span style=\"font-weight: 400;\">Ti\u1ec7n l\u1ee3i, d\u1ec5 d\u00e0ng ti\u1ebfp c\u1eadn<\/span><\/td>\n<td><span style=\"font-weight: 400;\">Ph\u1ee9c t\u1ea1p h\u01a1n trong x\u00e1c minh danh t\u00ednh<\/span><\/td>\n<td><span style=\"font-weight: 400;\">1-3 gi\u1edd<\/span><\/td>\n<td><span style=\"font-weight: 400;\">C\u00e1c y\u00eau c\u1ea7u kh\u00f4ng c\u1ea7n c\u1ea5p b\u00e1ch, c\u1eadp nh\u1eadt tin t\u1ee9c<\/span><\/td>\n<\/tr>\n<\/tbody>\n<\/table>\n<p><b>T\u1ed5ng k\u1ebft<\/b><span style=\"font-weight: 400;\">: L\u1ef1a ch\u1ecdn ph\u01b0\u01a1ng th\u1ee9c ph\u00f9 h\u1ee3p l\u00e0 y\u1ebfu t\u1ed1 quy\u1ebft \u0111\u1ecbnh gi\u00fap b\u1ea1n \u0111\u1ea1t \u0111\u01b0\u1ee3c ph\u1ea3n h\u1ed3i nhanh ch\u00f3ng v\u00e0 hi\u1ec7u qu\u1ea3 nh\u1ea5t t\u1eeb n\u1ec1n t\u1ea3ng.<\/span><\/p>\n<h2><b>K\u1ebft Lu\u1eadn<\/b><\/h2>\n<p><b>T\u1ed5ng k\u1ebft<\/b><span style=\"font-weight: 400;\">, vi\u1ec7c c\u00f3 th\u1ec3 d\u1ec5 d\u00e0ng <a href=\"https:\/\/d-factory.in.net\/index.php\/lien-he\"><strong>li\u00ean h\u1ec7<\/strong><\/a> 188BET kh\u00f4ng nh\u1eefng gi\u00fap b\u1ea1n gi\u1ea3i quy\u1ebft nhanh c\u00e1c v\u1ea5n \u0111\u1ec1 ph\u00e1t sinh m\u00e0 c\u00f2n t\u0103ng ni\u1ec1m tin v\u00e0o n\u1ec1n t\u1ea3ng c\u00e1 c\u01b0\u1ee3c uy t\u00edn n\u00e0y. Ch\u00fac b\u1ea1n c\u00f3 nh\u1eefng tr\u1ea3i nghi\u1ec7m c\u00e1 c\u01b0\u1ee3c th\u00e0nh c\u00f4ng v\u00e0 an to\u00e0n nh\u1ea5t!<\/span><\/p>\n","protected":false},"excerpt":{"rendered":"<p>Trong th\u1eddi \u0111\u1ea1i c\u00f4ng ngh\u1ec7 s\u1ed1 ng\u00e0y nay, li\u00ean h\u1ec7 188BET l\u00e0 c\u1ea7u n\u1ed1i quan tr\u1ecdng gi\u00fap ng\u01b0\u1eddi ch\u01a1i d\u1ec5 d\u00e0ng ti\u1ebfp c\u1eadn d\u1ecbch v\u1ee5, h\u1ed7 tr\u1ee3 v\u00e0 gi\u1ea3i \u0111\u00e1p nh\u1eefng th\u1eafc m\u1eafc li\u00ean quan \u0111\u1ebfn n\u1ec1n t\u1ea3ng c\u00e1 c\u01b0\u1ee3c tr\u1ef1c tuy\u1ebfn n\u00e0y. Vi\u1ec7c c\u00f3 th\u1ec3 k\u1ebft n\u1ed1i nhanh ch\u00f3ng, ch\u00ednh x\u00e1c s\u1ebd gi\u00fap tr\u1ea3i [&#8230;]\n","protected":false},"author":1,"featured_media":97,"parent":0,"menu_order":0,"comment_status":"closed","ping_status":"closed","template":"page-blank-title-center.php","meta":{"footnotes":""},"class_list":["post-93","page","type-page","status-publish","has-post-thumbnail","hentry"],"_links":{"self":[{"href":"https:\/\/d-factory.in.net\/index.php\/wp-json\/wp\/v2\/pages\/93","targetHints":{"allow":["GET"]}}],"collection":[{"href":"https:\/\/d-factory.in.net\/index.php\/wp-json\/wp\/v2\/pages"}],"about":[{"href":"https:\/\/d-factory.in.net\/index.php\/wp-json\/wp\/v2\/types\/page"}],"author":[{"embeddable":true,"href":"https:\/\/d-factory.in.net\/index.php\/wp-json\/wp\/v2\/users\/1"}],"replies":[{"embeddable":true,"href":"https:\/\/d-factory.in.net\/index.php\/wp-json\/wp\/v2\/comments?post=93"}],"version-history":[{"count":2,"href":"https:\/\/d-factory.in.net\/index.php\/wp-json\/wp\/v2\/pages\/93\/revisions"}],"predecessor-version":[{"id":99,"href":"https:\/\/d-factory.in.net\/index.php\/wp-json\/wp\/v2\/pages\/93\/revisions\/99"}],"wp:featuredmedia":[{"embeddable":true,"href":"https:\/\/d-factory.in.net\/index.php\/wp-json\/wp\/v2\/media\/97"}],"wp:attachment":[{"href":"https:\/\/d-factory.in.net\/index.php\/wp-json\/wp\/v2\/media?parent=93"}],"curies":[{"name":"wp","href":"https:\/\/api.w.org\/{rel}","templated":true}]}}