{"id":79,"date":"2025-11-10T13:14:25","date_gmt":"2025-11-10T13:14:25","guid":{"rendered":"https:\/\/d-factory.in.net\/?page_id=79"},"modified":"2025-11-10T13:14:25","modified_gmt":"2025-11-10T13:14:25","slug":"gioi-thieu","status":"publish","type":"page","link":"https:\/\/d-factory.in.net\/index.php\/gioi-thieu\/","title":{"rendered":"Gi\u1edbi Thi\u1ec7u 188BET: Nh\u1eefng L\u00fd Do Thu H\u00fat C\u01b0\u1ee3c Th\u1ee7"},"content":{"rendered":"<p><b>Gi\u1edbi thi\u1ec7u <a href=\"https:\/\/d-factory.in.net\/\">188BET<\/a><\/b><span style=\"font-weight: 400;\"> l\u00e0 m\u1ed9t trong nh\u1eefng t\u1eeb kh\u00f3a \u0111\u01b0\u1ee3c nhi\u1ec1u ng\u01b0\u1eddi quan t\u00e2m khi t\u00ecm hi\u1ec3u v\u1ec1 c\u00e1c n\u1ec1n t\u1ea3ng c\u00e1 c\u01b0\u1ee3c tr\u1ef1c tuy\u1ebfn. \u0110\u00e2y l\u00e0 m\u1ed9t nh\u00e0 c\u00e1i uy t\u00edn, n\u1ed5i b\u1eadt trong l\u0129nh v\u1ef1c c\u00e1 c\u01b0\u1ee3c th\u1ec3 thao, casino tr\u1ef1c tuy\u1ebfn v\u00e0 c\u00e1c tr\u00f2 ch\u01a1i k\u1ef9 thu\u1eadt s\u1ed1 kh\u00e1c.\u00a0<\/span><\/p>\n<h2><b>L\u1ecbch s\u1eed h\u00ecnh th\u00e0nh v\u00e0 ph\u00e1t tri\u1ec3n c\u1ee7a nh\u00e0 c\u00e1i<\/b><\/h2>\n<h3><b>Ngu\u1ed3n g\u1ed1c v\u00e0 s\u1ef1 ph\u00e1t tri\u1ec3n\u00a0<\/b><\/h3>\n<figure id=\"attachment_82\" aria-describedby=\"caption-attachment-82\" style=\"width: 800px\" class=\"wp-caption aligncenter\"><img loading=\"lazy\" decoding=\"async\" class=\"size-full wp-image-82\" src=\"https:\/\/d-factory.in.net\/wp-content\/uploads\/2025\/11\/gioi-thieu-2.jpg\" alt=\"Gi\u1edbi thi\u1ec7u v\u1ec1 ngu\u1ed3n g\u1ed1c v\u00e0 s\u1ef1 ph\u00e1t tri\u1ec3n\" width=\"800\" height=\"400\" srcset=\"https:\/\/d-factory.in.net\/wp-content\/uploads\/2025\/11\/gioi-thieu-2.jpg 800w, https:\/\/d-factory.in.net\/wp-content\/uploads\/2025\/11\/gioi-thieu-2-300x150.jpg 300w, https:\/\/d-factory.in.net\/wp-content\/uploads\/2025\/11\/gioi-thieu-2-768x384.jpg 768w\" sizes=\"auto, (max-width: 800px) 100vw, 800px\" \/><figcaption id=\"caption-attachment-82\" class=\"wp-caption-text\">Gi\u1edbi thi\u1ec7u v\u1ec1 ngu\u1ed3n g\u1ed1c v\u00e0 s\u1ef1 ph\u00e1t tri\u1ec3n<\/figcaption><\/figure>\n<p><span style=\"font-weight: 400;\">188BET \u0111\u01b0\u1ee3c gi\u1edbi thi\u1ec7u ra \u0111\u1eddi t\u1eeb n\u0103m 2006 v\u00e0 nhanh ch\u00f3ng kh\u1eb3ng \u0111\u1ecbnh v\u1ecb tr\u00ed tr\u00ean th\u1ecb tr\u01b0\u1eddng c\u00e1 c\u01b0\u1ee3c tr\u1ef1c tuy\u1ebfn to\u00e0n c\u1ea7u. Nh\u00e0 c\u00e1i ho\u1ea1t \u0111\u1ed9ng d\u01b0\u1edbi s\u1ef1 qu\u1ea3n l\u00fd c\u1ee7a t\u1eadp \u0111o\u00e0n l\u1edbn v\u00e0 c\u00f3 gi\u1ea5y ph\u00e9p ho\u1ea1t \u0111\u1ed9ng h\u1ee3p ph\u00e1p t\u1eeb nhi\u1ec1u t\u1ed5 ch\u1ee9c uy t\u00edn. Tr\u1ea3i qua h\u01a1n m\u1ed9t th\u1eadp k\u1ef7 ho\u1ea1t \u0111\u1ed9ng, nh\u00e0 c\u00e1i \u0111\u00e3 m\u1edf r\u1ed9ng ra nhi\u1ec1u qu\u1ed1c gia, \u0111\u1eb7c bi\u1ec7t trong khu v\u1ef1c ch\u00e2u \u00c1, n\u01a1i c\u00f3 l\u01b0\u1ee3ng ng\u01b0\u1eddi ch\u01a1i \u0111\u00f4ng \u0111\u1ea3o v\u00e0 \u0111a d\u1ea1ng.<\/span><\/p>\n<h3><b>\u0110\u00e1nh gi\u00e1 t\u1ed5ng quan v\u1ec1 uy t\u00edn c\u1ee7a nh\u00e0 c\u00e1i<\/b><\/h3>\n<p><span style=\"font-weight: 400;\">M\u1ed9t trong nh\u1eefng y\u1ebfu t\u1ed1 gi\u00fap vi\u1ec7c Gi\u1edbi thi\u1ec7u n\u1ec1n t\u1ea3ng tr\u1edf th\u00e0nh ch\u1ee7 \u0111\u1ec1 n\u00f3ng h\u1ed5i ch\u00ednh l\u00e0 \u0111\u1ed9 tin c\u1eady v\u00e0 uy t\u00edn c\u1ee7a n\u1ec1n t\u1ea3ng n\u00e0y. C\u00e1c ch\u1ee9ng nh\u1eadn v\u1ec1 an to\u00e0n, b\u1ea3o m\u1eadt v\u00e0 t\u00ednh c\u00f4ng b\u1eb1ng trong c\u00e1 c\u01b0\u1ee3c \u0111\u00e3 t\u1ea1o d\u1ef1ng ni\u1ec1m tin l\u1edbn t\u1eeb c\u1ed9ng \u0111\u1ed3ng ng\u01b0\u1eddi ch\u01a1i.<\/span><\/p>\n<h2><b>C\u00e1c d\u1ecbch v\u1ee5 ch\u00ednh c\u1ee7a h\u1ec7 th\u1ed1ng<\/b><\/h2>\n<h3><b>C\u00e1 c\u01b0\u1ee3c th\u1ec3 thao<\/b><\/h3>\n<p><span style=\"font-weight: 400;\">Nh\u00e0 c\u00e1i \u0111\u01b0\u1ee3c gi\u1edbi thi\u1ec7u n\u1ed5i b\u1eadt v\u1edbi c\u00e1c s\u1ef1 ki\u1ec7n th\u1ec3 thao \u0111a d\u1ea1ng, t\u1eeb b\u00f3ng \u0111\u00e1, b\u00f3ng r\u1ed5, tennis t\u1edbi c\u00e1c m\u00f4n th\u1ec3 thao \u0111i\u1ec7n t\u1eed. Ng\u01b0\u1eddi ch\u01a1i c\u00f3 th\u1ec3 \u0111\u1eb7t c\u01b0\u1ee3c theo t\u1ef7 l\u1ec7 c\u01b0\u1ee3c phong ph\u00fa, k\u00e8m theo c\u00e1c ch\u01b0\u01a1ng tr\u00ecnh khuy\u1ebfn m\u00e3i h\u1ea5p d\u1eabn.<\/span><\/p>\n<h3><b>Casino tr\u1ef1c tuy\u1ebfn<\/b><\/h3>\n<figure id=\"attachment_81\" aria-describedby=\"caption-attachment-81\" style=\"width: 800px\" class=\"wp-caption aligncenter\"><img loading=\"lazy\" decoding=\"async\" class=\"size-full wp-image-81\" src=\"https:\/\/d-factory.in.net\/wp-content\/uploads\/2025\/11\/gioi-thieu-3.jpg\" alt=\"Casino tr\u1ef1c tuy\u1ebfn\" width=\"800\" height=\"400\" srcset=\"https:\/\/d-factory.in.net\/wp-content\/uploads\/2025\/11\/gioi-thieu-3.jpg 800w, https:\/\/d-factory.in.net\/wp-content\/uploads\/2025\/11\/gioi-thieu-3-300x150.jpg 300w, https:\/\/d-factory.in.net\/wp-content\/uploads\/2025\/11\/gioi-thieu-3-768x384.jpg 768w\" sizes=\"auto, (max-width: 800px) 100vw, 800px\" \/><figcaption id=\"caption-attachment-81\" class=\"wp-caption-text\">Casino tr\u1ef1c tuy\u1ebfn<\/figcaption><\/figure>\n<p><span style=\"font-weight: 400;\">Ngo\u00e0i c\u00e1 c\u01b0\u1ee3c th\u1ec3 thao, ch\u00fang t\u00f4i c\u00f2n gi\u1edbi thi\u1ec7u casino tr\u1ef1c tuy\u1ebfn g\u1ed3m c\u00e1c tr\u00f2 ch\u01a1i ph\u1ed5 bi\u1ebfn nh\u01b0 roulette, blackjack, baccarat, v\u00e0 m\u00e1y x\u1ed5 s\u1ed1. C\u00e1c tr\u00f2 ch\u01a1i n\u00e0y th\u01b0\u1eddng c\u00f3 \u0111\u1ed3 ho\u1ea1 s\u1ed1ng \u0111\u1ed9ng, \u00e2m thanh ch\u00e2n th\u1ef1c, mang \u0111\u1ebfn c\u1ea3m gi\u00e1c nh\u01b0 \u0111ang ch\u01a1i t\u1ea1i s\u00f2ng b\u1ea1c th\u1eadt.<\/span><\/p>\n<h3><b>Tr\u00f2 ch\u01a1i slot v\u00e0 game \u0111i\u1ec7n t\u1eed<\/b><\/h3>\n<p><span style=\"font-weight: 400;\">C\u00e1c tr\u00f2 ch\u01a1i slot \u0111\u01b0\u1ee3c gi\u1edbi thi\u1ec7u \u0111a d\u1ea1ng v\u1ec1 ch\u1ee7 \u0111\u1ec1 v\u00e0 t\u00ednh n\u0103ng, ph\u00f9 h\u1ee3p v\u1edbi m\u1ecdi s\u1edf th\u00edch c\u1ee7a ng\u01b0\u1eddi ch\u01a1i, t\u1eeb c\u00e1 nh\u00e2n \u0111\u1ebfn nh\u00f3m.<\/span><\/p>\n<h3><b>\u1ee8ng d\u1ee5ng di \u0111\u1ed9ng<\/b><\/h3>\n<p><span style=\"font-weight: 400;\">Nh\u00e0 c\u00e1i ph\u00e1t tri\u1ec3n \u1ee9ng d\u1ee5ng di \u0111\u1ed9ng t\u1ed1i \u01b0u cho iOS v\u00e0 Android, gi\u00fap ng\u01b0\u1eddi ch\u01a1i d\u1ec5 d\u00e0ng truy c\u1eadp, \u0111\u1eb7t c\u01b0\u1ee3c m\u1ecdi l\u00fac m\u1ecdi n\u01a1i.<\/span><\/p>\n<h3><b>H\u1ed7 tr\u1ee3 kh\u00e1ch h\u00e0ng<\/b><\/h3>\n<p><span style=\"font-weight: 400;\">D\u1ecbch v\u1ee5 h\u1ed7 tr\u1ee3 kh\u00e1ch h\u00e0ng lu\u00f4n \u0111\u01b0\u1ee3c gi\u1edbi thi\u1ec7u t\u1ed1t v\u1ec1 t\u1ed1c \u0111\u1ed9 ph\u1ea3n h\u1ed3i, chuy\u00ean nghi\u1ec7p v\u00e0 th\u00e2n thi\u1ec7n, g\u00f3p ph\u1ea7n n\u00e2ng cao tr\u1ea3i nghi\u1ec7m ng\u01b0\u1eddi d\u00f9ng.<\/span><\/p>\n<h2><b>T\u1ea1i sao n\u00ean ch\u1ecdn 188BET?<\/b><\/h2>\n<h3><b>\u0110\u1ed9 tin c\u1eady v\u00e0 an to\u00e0n<\/b><\/h3>\n<p><span style=\"font-weight: 400;\">Ch\u00fang t\u00f4i c\u00f3 gi\u1ea5y ph\u00e9p ho\u1ea1t \u0111\u1ed9ng r\u00f5 r\u00e0ng, s\u1eed d\u1ee5ng c\u00f4ng ngh\u1ec7 b\u1ea3o m\u1eadt ti\u00ean ti\u1ebfn \u0111\u1ec3 b\u1ea3o v\u1ec7 th\u00f4ng tin c\u1ee7a ng\u01b0\u1eddi ch\u01a1i.<\/span><\/p>\n<h3><b>Giao di\u1ec7n th\u00e2n thi\u1ec7n, d\u1ec5 s\u1eed d\u1ee5ng<\/b><\/h3>\n<p><span style=\"font-weight: 400;\">Giao di\u1ec7n thi\u1ebft k\u1ebf \u0111\u01a1n gi\u1ea3n, d\u1ec5 thao t\u00e1c ph\u00f9 h\u1ee3p cho m\u1ecdi \u0111\u1ed1i t\u01b0\u1ee3ng ng\u01b0\u1eddi d\u00f9ng, t\u1eeb m\u1edbi ch\u01a1i \u0111\u1ebfn chuy\u00ean nghi\u1ec7p.<\/span><\/p>\n<h3><b>C\u00e1c ch\u01b0\u01a1ng tr\u00ecnh khuy\u1ebfn m\u00e3i h\u1ea5p d\u1eabn<\/b><\/h3>\n<figure id=\"attachment_80\" aria-describedby=\"caption-attachment-80\" style=\"width: 800px\" class=\"wp-caption aligncenter\"><img loading=\"lazy\" decoding=\"async\" class=\"size-full wp-image-80\" src=\"https:\/\/d-factory.in.net\/wp-content\/uploads\/2025\/11\/gioi-thieu-4.jpg\" alt=\"Gi\u1edbi thi\u1ec7u v\u1ec1 c\u00e1c ch\u01b0\u01a1ng tr\u00ecnh khuy\u1ebfn m\u00e3i h\u1ea5p d\u1eabn\" width=\"800\" height=\"400\" srcset=\"https:\/\/d-factory.in.net\/wp-content\/uploads\/2025\/11\/gioi-thieu-4.jpg 800w, https:\/\/d-factory.in.net\/wp-content\/uploads\/2025\/11\/gioi-thieu-4-300x150.jpg 300w, https:\/\/d-factory.in.net\/wp-content\/uploads\/2025\/11\/gioi-thieu-4-768x384.jpg 768w\" sizes=\"auto, (max-width: 800px) 100vw, 800px\" \/><figcaption id=\"caption-attachment-80\" class=\"wp-caption-text\">Gi\u1edbi thi\u1ec7u v\u1ec1 c\u00e1c ch\u01b0\u01a1ng tr\u00ecnh khuy\u1ebfn m\u00e3i h\u1ea5p d\u1eabn<\/figcaption><\/figure>\n<p><span style=\"font-weight: 400;\">Nh\u00e0 c\u00e1i th\u01b0\u1eddng xuy\u00ean tung ra c\u00e1c khuy\u1ebfn m\u00e3i.\u0111\u1eb7c bi\u1ec7t nh\u01b0 th\u01b0\u1edfng \u0111\u0103ng k\u00fd, ho\u00e0n ti\u1ec1n, khuy\u1ebfn m\u00e3i theo ng\u00e0y, tu\u1ea7n.<\/span><\/p>\n<h3><b>\u0110a d\u1ea1ng ph\u01b0\u01a1ng th\u1ee9c thanh to\u00e1n<\/b><\/h3>\n<p><span style=\"font-weight: 400;\">H\u1ed7 tr\u1ee3 nhi\u1ec1u h\u00ecnh th\u1ee9c n\u1ea1p\/r\u00fat ti\u1ec1n nh\u01b0 th\u1ebb c\u01b0\u1edbc, chuy\u1ec3n kho\u1ea3n ng\u00e2n h\u00e0ng, v\u00ed \u0111i\u1ec7n t\u1eed, \u0111\u1ea3m b\u1ea3o thu\u1eadn ti\u1ec7n v\u00e0 nhanh ch\u00f3ng.<\/span><\/p>\n<table>\n<tbody>\n<tr>\n<td><b>Ti\u00eau ch\u00ed<\/b><\/td>\n<td><b>\u01afu \u0111i\u1ec3m ch\u00ednh<\/b><\/td>\n<\/tr>\n<tr>\n<td><span style=\"font-weight: 400;\">\u0110\u1ed9 tin c\u1eady<\/span><\/td>\n<td><span style=\"font-weight: 400;\">Gi\u1ea5y ph\u00e9p h\u1ee3p ph\u00e1p, c\u00f3 ch\u1ee9ng nh\u1eadn qu\u1ed1c t\u1ebf<\/span><\/td>\n<\/tr>\n<tr>\n<td><span style=\"font-weight: 400;\">Giao di\u1ec7n v\u00e0 tr\u1ea3i nghi\u1ec7m<\/span><\/td>\n<td><span style=\"font-weight: 400;\">Thi\u1ebft k\u1ebf th\u00e2n thi\u1ec7n, d\u1ec5 d\u00f9ng, ph\u00f9 h\u1ee3p nhi\u1ec1u thi\u1ebft b\u1ecb<\/span><\/td>\n<\/tr>\n<tr>\n<td><span style=\"font-weight: 400;\">\u0110a d\u1ea1ng tr\u00f2 ch\u01a1i<\/span><\/td>\n<td><span style=\"font-weight: 400;\">Th\u1ec3 thao, casino, slot, game \u0111i\u1ec7n t\u1eed<\/span><\/td>\n<\/tr>\n<tr>\n<td><span style=\"font-weight: 400;\">Ch\u00ednh s\u00e1ch khuy\u1ebfn m\u00e3i<\/span><\/td>\n<td><span style=\"font-weight: 400;\">Li\u00ean t\u1ee5c, h\u1ea5p d\u1eabn, n\u00e2ng cao gi\u00e1 tr\u1ecb tr\u1ea3i nghi\u1ec7m ng\u01b0\u1eddi ch\u01a1i<\/span><\/td>\n<\/tr>\n<tr>\n<td><span style=\"font-weight: 400;\">H\u1ed7 tr\u1ee3 kh\u00e1ch h\u00e0ng<\/span><\/td>\n<td><span style=\"font-weight: 400;\">Nhanh ch\u00f3ng, chuy\u00ean nghi\u1ec7p, 24\/7<\/span><\/td>\n<\/tr>\n<\/tbody>\n<\/table>\n<h2><b>C\u00e1c t\u00ednh n\u0103ng n\u1ed5i b\u1eadt c\u1ee7a 188BET<\/b><\/h2>\n<h3><b>B\u1ea3o m\u1eadt v\u00e0 an to\u00e0n<\/b><\/h3>\n<p><span style=\"font-weight: 400;\">S\u1eed d\u1ee5ng c\u00f4ng ngh\u1ec7 m\u00e3 ho\u00e1 SSL \u0111\u1ec3 b\u1ea3o v\u1ec7 d\u1eef li\u1ec7u kh\u00e1ch h\u00e0ng, gi\u1ea3m thi\u1ec3u t\u1ed1i \u0111a r\u1ee7i ro m\u1ea5t c\u1eafp th\u00f4ng tin.<\/span><\/p>\n<h3><b>H\u1ed7 tr\u1ee3 \u0111a n\u1ec1n t\u1ea3ng<\/b><\/h3>\n<p><span style=\"font-weight: 400;\">Kh\u00f4ng ch\u1ec9 c\u00f3 website, nh\u00e0 c\u00e1i c\u00f2n c\u00f3 \u1ee9ng d\u1ee5ng \u0111i\u1ec7n tho\u1ea1i gi\u00fap ng\u01b0\u1eddi ch\u01a1i tr\u1ea3i nghi\u1ec7m m\u01b0\u1ee3t m\u00e0 m\u1ecdi l\u00fac m\u1ecdi n\u01a1i.<\/span><\/p>\n<h3><b>C\u00e1c ph\u01b0\u01a1ng th\u1ee9c thanh to\u00e1n ti\u1ec7n l\u1ee3i<\/b><\/h3>\n<p><span style=\"font-weight: 400;\">Kh\u00e1ch h\u00e0ng c\u00f3 th\u1ec3 th\u1ef1c hi\u1ec7n giao d\u1ecbch qua ng\u00e2n h\u00e0ng, th\u1ebb t\u00edn d\u1ee5ng, v\u00ed \u0111i\u1ec7n t\u1eed m\u1ed9t c\u00e1ch nhanh ch\u00f3ng, an to\u00e0n.<\/span><\/p>\n<h3><b>Ch\u01b0\u01a1ng tr\u00ecnh th\u01b0\u1edfng v\u00e0 \u01b0u \u0111\u00e3i<\/b><\/h3>\n<p><span style=\"font-weight: 400;\">S\u00e2n ch\u01a1i th\u01b0\u1eddng xuy\u00ean c\u00f3 c\u00e1c ch\u01b0\u01a1ng tr\u00ecnh khuy\u1ebfn m\u00e3i nh\u01b0 th\u01b0\u1edfng \u0111\u0103ng k\u00fd l\u1ea7n \u0111\u1ea7u, ho\u00e0n ti\u1ec1n, quay s\u1ed1 tr\u00fang th\u01b0\u1edfng, gi\u00fap gia t\u0103ng gi\u00e1 tr\u1ecb cho ng\u01b0\u1eddi ch\u01a1i.<\/span><\/p>\n<h2><b>T\u1ed5ng k\u1ebft<\/b><\/h2>\n<p><span style=\"font-weight: 400;\">Trong b\u00e0i vi\u1ebft n\u00e0y, ch\u00fang t\u00f4i \u0111\u00e3 <a href=\"https:\/\/d-factory.in.net\/index.php\/gioi-thieu\"><strong>gi\u1edbi thi\u1ec7u<\/strong><\/a> m\u1ed9t c\u00e1i nh\u00ecn to\u00e0n di\u1ec7n v\u1ec1 188BET, t\u1eeb l\u1ecbch s\u1eed, d\u1ecbch v\u1ee5 \u0111\u1ebfn c\u00e1c \u0111\u1eb7c \u0111i\u1ec3m n\u1ed5i b\u1eadt. Ch\u00fac b\u1ea1n c\u00f3 nh\u1eefng tr\u1ea3i nghi\u1ec7m vui v\u1ebb v\u00e0 may m\u1eafn tr\u00ean n\u1ec1n t\u1ea3ng n\u00e0y.<\/span><\/p>\n","protected":false},"excerpt":{"rendered":"<p>Gi\u1edbi thi\u1ec7u 188BET l\u00e0 m\u1ed9t trong nh\u1eefng t\u1eeb kh\u00f3a \u0111\u01b0\u1ee3c nhi\u1ec1u ng\u01b0\u1eddi quan t\u00e2m khi t\u00ecm hi\u1ec3u v\u1ec1 c\u00e1c n\u1ec1n t\u1ea3ng c\u00e1 c\u01b0\u1ee3c tr\u1ef1c tuy\u1ebfn. \u0110\u00e2y l\u00e0 m\u1ed9t nh\u00e0 c\u00e1i uy t\u00edn, n\u1ed5i b\u1eadt trong l\u0129nh v\u1ef1c c\u00e1 c\u01b0\u1ee3c th\u1ec3 thao, casino tr\u1ef1c tuy\u1ebfn v\u00e0 c\u00e1c tr\u00f2 ch\u01a1i k\u1ef9 thu\u1eadt s\u1ed1 kh\u00e1c.\u00a0 L\u1ecbch s\u1eed h\u00ecnh [&#8230;]\n","protected":false},"author":1,"featured_media":83,"parent":0,"menu_order":0,"comment_status":"closed","ping_status":"closed","template":"","meta":{"footnotes":""},"class_list":["post-79","page","type-page","status-publish","has-post-thumbnail","hentry"],"_links":{"self":[{"href":"https:\/\/d-factory.in.net\/index.php\/wp-json\/wp\/v2\/pages\/79","targetHints":{"allow":["GET"]}}],"collection":[{"href":"https:\/\/d-factory.in.net\/index.php\/wp-json\/wp\/v2\/pages"}],"about":[{"href":"https:\/\/d-factory.in.net\/index.php\/wp-json\/wp\/v2\/types\/page"}],"author":[{"embeddable":true,"href":"https:\/\/d-factory.in.net\/index.php\/wp-json\/wp\/v2\/users\/1"}],"replies":[{"embeddable":true,"href":"https:\/\/d-factory.in.net\/index.php\/wp-json\/wp\/v2\/comments?post=79"}],"version-history":[{"count":2,"href":"https:\/\/d-factory.in.net\/index.php\/wp-json\/wp\/v2\/pages\/79\/revisions"}],"predecessor-version":[{"id":85,"href":"https:\/\/d-factory.in.net\/index.php\/wp-json\/wp\/v2\/pages\/79\/revisions\/85"}],"wp:featuredmedia":[{"embeddable":true,"href":"https:\/\/d-factory.in.net\/index.php\/wp-json\/wp\/v2\/media\/83"}],"wp:attachment":[{"href":"https:\/\/d-factory.in.net\/index.php\/wp-json\/wp\/v2\/media?parent=79"}],"curies":[{"name":"wp","href":"https:\/\/api.w.org\/{rel}","templated":true}]}}