{"id":72,"date":"2025-11-10T13:12:37","date_gmt":"2025-11-10T13:12:37","guid":{"rendered":"https:\/\/d-factory.in.net\/?page_id=72"},"modified":"2025-11-10T13:12:37","modified_gmt":"2025-11-10T13:12:37","slug":"le-tri-thanh","status":"publish","type":"page","link":"https:\/\/d-factory.in.net\/index.php\/le-tri-thanh\/","title":{"rendered":"L\u00ea Tr\u00ed Th\u00e0nh: Ng\u01b0\u1eddi \u0110\u1ee9ng Sau Th\u00e0nh C\u00f4ng C\u1ee7a 188BET"},"content":{"rendered":"<p><span style=\"font-weight: 400;\">Trong ng\u00e0nh c\u00e1 c\u01b0\u1ee3c th\u1ec3 thao v\u00e0 gi\u1ea3i tr\u00ed tr\u1ef1c tuy\u1ebfn hi\u1ec7n nay, t\u00ean tu\u1ed5i c\u1ee7a <\/span><b>L\u00ea Tr\u00ed Th\u00e0nh <\/b><span style=\"font-weight: 400;\">&#8211; CEO nh\u00e0 c\u00e1i <a href=\"https:\/\/d-factory.in.net\/\"><strong>188BET<\/strong><\/a> n\u1ed5i b\u1eadt nh\u01b0 m\u1ed9t bi\u1ec3u t\u01b0\u1ee3ng c\u1ee7a s\u1ef1 l\u00e3nh \u0111\u1ea1o t\u00e0i ba v\u00e0 chi\u1ebfn l\u01b0\u1ee3c ph\u00e1t tri\u1ec3n b\u1ec1n v\u1eefng.\u00a0<\/span><\/p>\n<h2><b>Gi\u1edbi thi\u1ec7u chung v\u1ec1 L\u00ea Tr\u00ed Th\u00e0nh &#8211; CEO nh\u00e0 c\u00e1i 188BET<\/b><\/h2>\n<figure id=\"attachment_75\" aria-describedby=\"caption-attachment-75\" style=\"width: 800px\" class=\"wp-caption aligncenter\"><img loading=\"lazy\" decoding=\"async\" class=\"size-full wp-image-75\" src=\"https:\/\/d-factory.in.net\/wp-content\/uploads\/2025\/11\/le-tri-thanh-2.jpg\" alt=\"Gi\u1edbi thi\u1ec7u chung v\u1ec1 L\u00ea Tr\u00ed Th\u00e0nh\" width=\"800\" height=\"400\" srcset=\"https:\/\/d-factory.in.net\/wp-content\/uploads\/2025\/11\/le-tri-thanh-2.jpg 800w, https:\/\/d-factory.in.net\/wp-content\/uploads\/2025\/11\/le-tri-thanh-2-300x150.jpg 300w, https:\/\/d-factory.in.net\/wp-content\/uploads\/2025\/11\/le-tri-thanh-2-768x384.jpg 768w\" sizes=\"auto, (max-width: 800px) 100vw, 800px\" \/><figcaption id=\"caption-attachment-75\" class=\"wp-caption-text\">Gi\u1edbi thi\u1ec7u chung v\u1ec1 L\u00ea Tr\u00ed Th\u00e0nh<\/figcaption><\/figure>\n<p><b>L\u00ea Tr\u00ed Th\u00e0nh<\/b><span style=\"font-weight: 400;\"> l\u00e0 m\u1ed9t trong nh\u1eefng nh\u00e2n v\u1eadt quan tr\u1ecdng g\u00f3p ph\u1ea7n \u0111\u1ecbnh h\u00ecnh v\u00e0 ph\u00e1t tri\u1ec3n nh\u00e0 c\u00e1i tr\u1edf th\u00e0nh m\u1ed9t trong nh\u1eefng nh\u00e0 c\u00e1i h\u00e0ng \u0111\u1ea7u t\u1ea1i ch\u00e2u \u00c1. V\u1edbi t\u1ea7m nh\u00ecn chi\u1ebfn l\u01b0\u1ee3c, kh\u1ea3 n\u0103ng qu\u1ea3n l\u00fd xu\u1ea5t s\u1eafc v\u00e0 ni\u1ec1m \u0111am m\u00ea trong l\u0129nh v\u1ef1c c\u00e1 c\u01b0\u1ee3c tr\u1ef1c tuy\u1ebfn, \u00f4ng \u0111\u00e3 gi\u00fap \u0111\u01b0a th\u01b0\u01a1ng hi\u1ec7u tr\u1edf th\u00e0nh \u0111\u1ecba ch\u1ec9 tin c\u1eady c\u1ee7a ng\u01b0\u1eddi ch\u01a1i kh\u1eafp n\u01a1i tr\u00ean th\u1ebf gi\u1edbi. \u1ede b\u00e0i vi\u1ebft n\u00e0y, ch\u00fang ta s\u1ebd c\u00f9ng nhau \u0111i s\u00e2u v\u00e0o ti\u1ec3u s\u1eed, qu\u00e1 tr\u00ecnh h\u00ecnh th\u00e0nh s\u1ef1 nghi\u1ec7p c\u1ee7a \u00f4ng, c\u0169ng nh\u01b0 nh\u1eefng th\u00e0nh t\u1ef1u \u0111\u00e1ng ch\u00fa \u00fd m\u00e0 \u00f4ng mang l\u1ea1i cho th\u01b0\u01a1ng hi\u1ec7u.<\/span><\/p>\n<h2><b>Ti\u1ec3u s\u1eed v\u00e0 qu\u00e1 tr\u00ecnh h\u00ecnh th\u00e0nh s\u1ef1 nghi\u1ec7p c\u1ee7a L\u00ea Tr\u00ed Th\u00e0nh\u00a0<\/b><\/h2>\n<p><span style=\"font-weight: 400;\">M\u1eb7c d\u00f9 th\u00f4ng tin chi ti\u1ebft v\u1ec1 ti\u1ec3u s\u1eed c\u1ee7a \u00f4ng kh\u00e1 h\u1ea1n ch\u1ebf, nh\u01b0ng nh\u1eefng g\u00ec \u00f4ng \u0111\u1ea1t \u0111\u01b0\u1ee3c trong ng\u00e0nh c\u00e1 c\u01b0\u1ee3c tr\u1ef1c tuy\u1ebfn l\u00e0 minh ch\u1ee9ng r\u00f5 r\u00e0ng cho n\u0103ng l\u1ef1c v\u00e0 t\u1ea7m nh\u00ecn d\u1ef1a tr\u00ean n\u1ec1n t\u1ea3ng v\u1eefng ch\u1eafc v\u1ec1 qu\u1ea3n l\u00fd v\u00e0 chi\u1ebfn l\u01b0\u1ee3c kinh doanh to\u00e0n di\u1ec7n.\u00a0<\/span><\/p>\n<p><span style=\"font-weight: 400;\">Tr\u01b0\u1edbc khi tr\u1edf th\u00e0nh CEO nh\u00e0 c\u00e1i, \u00f4ng t\u1eebng \u0111\u1ea3m nh\u1eadn nhi\u1ec1u v\u1ecb tr\u00ed qu\u1ea3n l\u00fd c\u1ea5p cao t\u1ea1i c\u00e1c c\u00f4ng ty l\u1edbn trong l\u0129nh v\u1ef1c c\u00f4ng ngh\u1ec7 v\u00e0 gi\u1ea3i tr\u00ed. S\u1ef1 am hi\u1ec3u s\u00e2u r\u1ed9ng v\u1ec1 th\u1ecb tr\u01b0\u1eddng, c\u00f9ng kh\u1ea3 n\u0103ng d\u1ef1 \u0111o\u00e1n xu h\u01b0\u1edbng m\u1edbi ch\u00ednh l\u00e0 \u0111i\u1ec3m m\u1ea1nh gi\u00fap \u00f4ng \u0111\u01b0a ra c\u00e1c quy\u1ebft \u0111\u1ecbnh \u0111\u00fang \u0111\u1eafn, ph\u00e1t huy t\u1ed1i \u0111a ti\u1ec1m n\u0103ng c\u1ee7a th\u01b0\u01a1ng hi\u1ec7u.<\/span><\/p>\n<h2><b>Nh\u1eefng th\u00e0nh t\u1ef1u ti\u00eau bi\u1ec3u c\u1ee7a L\u00ea Tr\u00ed Th\u00e0nh\u00a0<\/b><\/h2>\n<figure id=\"attachment_74\" aria-describedby=\"caption-attachment-74\" style=\"width: 800px\" class=\"wp-caption aligncenter\"><img loading=\"lazy\" decoding=\"async\" class=\"size-full wp-image-74\" src=\"https:\/\/d-factory.in.net\/wp-content\/uploads\/2025\/11\/le-tri-thanh-3.jpg\" alt=\"Nh\u1eefng th\u00e0nh t\u1ef1u ti\u00eau bi\u1ec3u c\u1ee7a L\u00ea Tr\u00ed Th\u00e0nh\" width=\"800\" height=\"400\" srcset=\"https:\/\/d-factory.in.net\/wp-content\/uploads\/2025\/11\/le-tri-thanh-3.jpg 800w, https:\/\/d-factory.in.net\/wp-content\/uploads\/2025\/11\/le-tri-thanh-3-300x150.jpg 300w, https:\/\/d-factory.in.net\/wp-content\/uploads\/2025\/11\/le-tri-thanh-3-768x384.jpg 768w\" sizes=\"auto, (max-width: 800px) 100vw, 800px\" \/><figcaption id=\"caption-attachment-74\" class=\"wp-caption-text\">Nh\u1eefng th\u00e0nh t\u1ef1u ti\u00eau bi\u1ec3u c\u1ee7a L\u00ea Tr\u00ed Th\u00e0nh<\/figcaption><\/figure>\n<p><span style=\"font-weight: 400;\">D\u01b0\u1edbi s\u1ef1 l\u00e3nh \u0111\u1ea1o c\u1ee7a <\/span><b>L\u00ea Tr\u00ed Th\u00e0nh<\/b><span style=\"font-weight: 400;\">, 188BET kh\u00f4ng ng\u1eebng m\u1edf r\u1ed9ng quy m\u00f4 v\u00e0 n\u00e2ng cao ch\u1ea5t l\u01b0\u1ee3ng d\u1ecbch v\u1ee5. Th\u01b0\u01a1ng hi\u1ec7u n\u00e0y hi\u1ec7n t\u1ea1i kh\u00f4ng ch\u1ec9 ph\u1ed5 bi\u1ebfn t\u1ea1i th\u1ecb tr\u01b0\u1eddng ch\u00e2u \u00c1 m\u00e0 c\u00f2n v\u01b0\u01a1n xa t\u1ea7m ra qu\u1ed1c t\u1ebf. M\u1ed9t s\u1ed1 th\u00e0nh t\u1ef1u n\u1ed5i b\u1eadt c\u1ee7a \u00f4ng c\u00f3 th\u1ec3 k\u1ec3 \u0111\u1ebfn bao g\u1ed3m vi\u1ec7c ph\u00e1t tri\u1ec3n c\u00e1c s\u1ea3n ph\u1ea9m c\u00e1 c\u01b0\u1ee3c \u0111a d\u1ea1ng, m\u1edf r\u1ed9ng m\u1ea1ng l\u01b0\u1edbi c\u1ed9ng t\u00e1c vi\u00ean v\u00e0 \u0111\u1ed1i t\u00e1c chi\u1ebfn l\u01b0\u1ee3c, \u0111\u1ed3ng th\u1eddi x\u00e2y d\u1ef1ng h\u1ec7 th\u1ed1ng c\u00f4ng ngh\u1ec7 \u0111\u1ea3m b\u1ea3o an to\u00e0n, b\u1ea3o m\u1eadt v\u00e0 ti\u1ec7n l\u1ee3i cho ng\u01b0\u1eddi ch\u01a1i.<\/span><\/p>\n<h2><b>Chi\u1ebfn l\u01b0\u1ee3c ph\u00e1t tri\u1ec3n c\u1ee7a L\u00ea Tr\u00ed Th\u00e0nh\u00a0<\/b><\/h2>\n<p><span style=\"font-weight: 400;\">Trong vai tr\u00f2 CEO, <\/span><b>L\u00ea Tr\u00ed Th\u00e0nh<\/b><span style=\"font-weight: 400;\"> lu\u00f4n \u0111\u1eb7t tr\u1ecdng t\u00e2m v\u00e0o vi\u1ec7c n\u00e2ng cao tr\u1ea3i nghi\u1ec7m kh\u00e1ch h\u00e0ng, \u0111\u1eb7c bi\u1ec7t l\u00e0 vi\u1ec7c t\u00edch h\u1ee3p c\u00f4ng ngh\u1ec7 m\u1edbi nh\u01b0 tr\u00ed tu\u1ec7 nh\u00e2n t\u1ea1o v\u00e0 ph\u00e2n t\u00edch d\u1eef li\u1ec7u l\u1edbn \u0111\u1ec3 t\u1ed1i \u01b0u ho\u00e1 d\u1ecbch v\u1ee5. \u0110\u1ed3ng th\u1eddi, \u00f4ng c\u0169ng quan t\u00e2m \u0111\u1ebfn vi\u1ec7c m\u1edf r\u1ed9ng th\u1ecb tr\u01b0\u1eddng, h\u01b0\u1edbng t\u1edbi nh\u1eefng khu v\u1ef1c ti\u1ec1m n\u0103ng m\u1edbi, \u0111\u1ed3ng th\u1eddi \u0111\u1ea3m b\u1ea3o c\u00e1c quy \u0111\u1ecbnh ph\u00e1p l\u00fd v\u00e0 an ninh m\u1ea1ng \u0111\u01b0\u1ee3c th\u1ef1c thi nghi\u00eam ng\u1eb7t.\u00a0<\/span><\/p>\n<p><span style=\"font-weight: 400;\">Nh\u1edd nh\u1eefng chi\u1ebfn l\u01b0\u1ee3c n\u00e0y, nh\u00e0 c\u00e1i ng\u00e0y c\u00e0ng ph\u00e1t tri\u1ec3n m\u1ea1nh m\u1ebd v\u00e0 gi\u1eef v\u1eefng v\u1ecb tr\u00ed h\u00e0ng \u0111\u1ea7u trong l\u0129nh v\u1ef1c.<\/span><\/p>\n<h2><b>T\u1ea7m \u1ea3nh h\u01b0\u1edfng c\u1ee7a L\u00ea Tr\u00ed Th\u00e0nh trong ng\u00e0nh c\u00e1 c\u01b0\u1ee3c tr\u1ef1c tuy\u1ebfn<\/b><\/h2>\n<p><span style=\"font-weight: 400;\">V\u1edbi nh\u1eefng \u0111\u00f3ng g\u00f3p to l\u1edbn, <\/span><b>L\u00ea Tr\u00ed Th\u00e0nh <\/b><span style=\"font-weight: 400;\">\u0111\u00e3 tr\u1edf th\u00e0nh h\u00ecnh m\u1eabu l\u00e3nh \u0111\u1ea1o th\u00e0nh \u0111\u1ea1t, truy\u1ec1n c\u1ea3m h\u1ee9ng cho nhi\u1ec1u th\u1ebf h\u1ec7 doanh nh\u00e2n tr\u1ebb trong ng\u00e0nh. \u00d4ng g\u00f3p ph\u1ea7n thay \u0111\u1ed5i c\u00e1ch ng\u01b0\u1eddi ch\u01a1i ti\u1ebfp c\u1eadn v\u1edbi d\u1ecbch v\u1ee5 c\u00e1 c\u01b0\u1ee3c, \u0111\u1ed3ng th\u1eddi th\u00fac \u0111\u1ea9y c\u1ea1nh tranh l\u00e0nh m\u1ea1nh, t\u1ea1o ra m\u00f4i tr\u01b0\u1eddng ph\u00e1t tri\u1ec3n b\u1ec1n v\u1eefng v\u00e0 c\u00f4ng b\u1eb1ng h\u01a1n.<\/span><\/p>\n<h2><b>C\u00e1c d\u1ef1 \u00e1n ti\u00eau bi\u1ec3u d\u01b0\u1edbi s\u1ef1 d\u1eabn d\u1eaft c\u1ee7a \u00f4ng<\/b><\/h2>\n<figure id=\"attachment_73\" aria-describedby=\"caption-attachment-73\" style=\"width: 800px\" class=\"wp-caption aligncenter\"><img loading=\"lazy\" decoding=\"async\" class=\"size-full wp-image-73\" src=\"https:\/\/d-factory.in.net\/wp-content\/uploads\/2025\/11\/le-tri-thanh-4.jpg\" alt=\"C\u00e1c d\u1ef1 \u00e1n ti\u00eau bi\u1ec3u d\u01b0\u1edbi s\u1ef1 d\u1eabn d\u1eaft c\u1ee7a \u00f4ng\" width=\"800\" height=\"400\" srcset=\"https:\/\/d-factory.in.net\/wp-content\/uploads\/2025\/11\/le-tri-thanh-4.jpg 800w, https:\/\/d-factory.in.net\/wp-content\/uploads\/2025\/11\/le-tri-thanh-4-300x150.jpg 300w, https:\/\/d-factory.in.net\/wp-content\/uploads\/2025\/11\/le-tri-thanh-4-768x384.jpg 768w\" sizes=\"auto, (max-width: 800px) 100vw, 800px\" \/><figcaption id=\"caption-attachment-73\" class=\"wp-caption-text\">C\u00e1c d\u1ef1 \u00e1n ti\u00eau bi\u1ec3u d\u01b0\u1edbi s\u1ef1 d\u1eabn d\u1eaft c\u1ee7a \u00f4ng<\/figcaption><\/figure>\n<p><span style=\"font-weight: 400;\">Trong s\u1ef1 nghi\u1ec7p c\u1ee7a m\u00ecnh, <\/span><b>L\u00ea Tr\u00ed Th\u00e0nh<\/b><span style=\"font-weight: 400;\"> \u0111\u00e3 kh\u1edfi x\u01b0\u1edbng v\u00e0 \u0111\u01b0a v\u00e0o ho\u1ea1t \u0111\u1ed9ng nhi\u1ec1u d\u1ef1 \u00e1n, bao g\u1ed3m ph\u00e1t tri\u1ec3n h\u1ec7 th\u1ed1ng c\u00e1 c\u01b0\u1ee3c th\u1ec3 thao tr\u1ef1c tuy\u1ebfn, tr\u00f2 ch\u01a1i casino, c\u00e1c \u1ee9ng d\u1ee5ng di \u0111\u1ed9ng m\u1edbi, c\u0169ng nh\u01b0 c\u00e1c ch\u01b0\u01a1ng tr\u00ecnh khuy\u1ebfn m\u00e3i, c\u1ed9ng \u0111\u1ed3ng kh\u00e1ch h\u00e0ng trung th\u00e0nh. Nh\u1eefng d\u1ef1 \u00e1n n\u00e0y kh\u00f4ng ch\u1ec9 n\u00e2ng cao tr\u1ea3i nghi\u1ec7m ng\u01b0\u1eddi d\u00f9ng m\u00e0 c\u00f2n g\u00f3p ph\u1ea7n gia t\u0103ng th\u1ecb ph\u1ea7n v\u00e0 doanh thu cho th\u01b0\u01a1ng hi\u1ec7u.<\/span><\/p>\n<h2><b>T\u01b0\u01a1ng lai c\u1ee7a 188BET d\u01b0\u1edbi s\u1ef1 l\u00e3nh \u0111\u1ea1o c\u1ee7a L\u00ea Tr\u00ed Th\u00e0nh<\/b><\/h2>\n<p><span style=\"font-weight: 400;\">Trong b\u1ed1i c\u1ea3nh ng\u00e0nh c\u00e1 c\u01b0\u1ee3c tr\u1ef1c tuy\u1ebfn ng\u00e0y c\u00e0ng c\u1ea1nh tranh, <\/span><b>L\u00ea Tr\u00ed Th\u00e0nh<\/b><span style=\"font-weight: 400;\"> v\u1eabn gi\u1eef v\u1eefng t\u1ea7m nh\u00ecn chi\u1ebfn l\u01b0\u1ee3c, h\u01b0\u1edbng t\u1edbi vi\u1ec7c m\u1edf r\u1ed9ng th\u1ecb tr\u01b0\u1eddng, \u1ee9ng d\u1ee5ng c\u00f4ng ngh\u1ec7 ti\u00ean ti\u1ebfn v\u00e0 x\u00e2y d\u1ef1ng h\u1ec7 sinh th\u00e1i c\u00e1 c\u01b0\u1ee3c to\u00e0n di\u1ec7n h\u01a1n n\u1eefa. V\u1edbi s\u1ef1 d\u1eabn d\u1eaft c\u1ee7a \u00f4ng, n\u1ec1n t\u1ea3ng h\u1ee9a h\u1eb9n ti\u1ebfp t\u1ee5c ph\u00e1t tri\u1ec3n b\u1ec1n v\u1eefng, gi\u1eef v\u1eefng v\u1ecb th\u1ebf l\u00e0 nh\u00e0 c\u00e1i uy t\u00edn v\u00e0 s\u00e1ng t\u1ea1o h\u00e0ng \u0111\u1ea7u trong ng\u00e0nh.<\/span><\/p>\n<h2><b>K\u1ebft lu\u1eadn<\/b><\/h2>\n<p><a href=\"https:\/\/d-factory.in.net\/index.php\/le-tri-thanh\/\"><b>L\u00ea Tr\u00ed Th\u00e0nh<\/b><\/a>\u00a0<span style=\"font-weight: 400;\">kh\u00f4ng ch\u1ec9 l\u00e0 nh\u00e0 l\u00e3nh \u0111\u1ea1o xu\u1ea5t s\u1eafc m\u00e0 c\u00f2n l\u00e0 bi\u1ec3u t\u01b0\u1ee3ng c\u1ee7a s\u1ef1 \u0111\u1ed5i m\u1edbi v\u00e0 s\u00e1ng t\u1ea1o trong l\u0129nh v\u1ef1c c\u00e1 c\u01b0\u1ee3c tr\u1ef1c tuy\u1ebfn. Nh\u1eefng th\u00e0nh t\u1ef1u \u00f4ng \u0111\u1ea1t \u0111\u01b0\u1ee3c \u0111\u00e3 g\u00f3p ph\u1ea7n \u0111\u01b0a n\u01a1i \u0111\u00e2y tr\u1edf th\u00e0nh th\u01b0\u01a1ng hi\u1ec7u n\u1ed5i b\u1eadt, t\u1ea1o d\u1ef1ng ni\u1ec1m tin v\u1eefng ch\u1eafc cho ng\u01b0\u1eddi ch\u01a1i to\u00e0n c\u1ea7u. B\u1eb1ng t\u1ea7m nh\u00ecn chi\u1ebfn l\u01b0\u1ee3c v\u00e0 s\u1ef1 c\u1ed1ng hi\u1ebfn kh\u00f4ng ng\u1eebng, \u00f4ng s\u1ebd c\u00f2n ti\u1ebfp t\u1ee5c h\u00e0nh tr\u00ecnh \u0111\u01b0a 188BET ng\u00e0y c\u00e0ng v\u01b0\u01a1n xa h\u01a1n n\u1eefa trong t\u01b0\u01a1ng lai.<\/span><\/p>\n","protected":false},"excerpt":{"rendered":"<p>Trong ng\u00e0nh c\u00e1 c\u01b0\u1ee3c th\u1ec3 thao v\u00e0 gi\u1ea3i tr\u00ed tr\u1ef1c tuy\u1ebfn hi\u1ec7n nay, t\u00ean tu\u1ed5i c\u1ee7a L\u00ea Tr\u00ed Th\u00e0nh &#8211; CEO nh\u00e0 c\u00e1i 188BET n\u1ed5i b\u1eadt nh\u01b0 m\u1ed9t bi\u1ec3u t\u01b0\u1ee3ng c\u1ee7a s\u1ef1 l\u00e3nh \u0111\u1ea1o t\u00e0i ba v\u00e0 chi\u1ebfn l\u01b0\u1ee3c ph\u00e1t tri\u1ec3n b\u1ec1n v\u1eefng.\u00a0 Gi\u1edbi thi\u1ec7u chung v\u1ec1 L\u00ea Tr\u00ed Th\u00e0nh &#8211; CEO nh\u00e0 c\u00e1i 188BET [&#8230;]\n","protected":false},"author":1,"featured_media":76,"parent":0,"menu_order":0,"comment_status":"closed","ping_status":"closed","template":"page-blank-title-center.php","meta":{"footnotes":""},"class_list":["post-72","page","type-page","status-publish","has-post-thumbnail","hentry"],"_links":{"self":[{"href":"https:\/\/d-factory.in.net\/index.php\/wp-json\/wp\/v2\/pages\/72","targetHints":{"allow":["GET"]}}],"collection":[{"href":"https:\/\/d-factory.in.net\/index.php\/wp-json\/wp\/v2\/pages"}],"about":[{"href":"https:\/\/d-factory.in.net\/index.php\/wp-json\/wp\/v2\/types\/page"}],"author":[{"embeddable":true,"href":"https:\/\/d-factory.in.net\/index.php\/wp-json\/wp\/v2\/users\/1"}],"replies":[{"embeddable":true,"href":"https:\/\/d-factory.in.net\/index.php\/wp-json\/wp\/v2\/comments?post=72"}],"version-history":[{"count":2,"href":"https:\/\/d-factory.in.net\/index.php\/wp-json\/wp\/v2\/pages\/72\/revisions"}],"predecessor-version":[{"id":78,"href":"https:\/\/d-factory.in.net\/index.php\/wp-json\/wp\/v2\/pages\/72\/revisions\/78"}],"wp:featuredmedia":[{"embeddable":true,"href":"https:\/\/d-factory.in.net\/index.php\/wp-json\/wp\/v2\/media\/76"}],"wp:attachment":[{"href":"https:\/\/d-factory.in.net\/index.php\/wp-json\/wp\/v2\/media?parent=72"}],"curies":[{"name":"wp","href":"https:\/\/api.w.org\/{rel}","templated":true}]}}