{"id":153,"date":"2025-11-10T14:36:56","date_gmt":"2025-11-10T14:36:56","guid":{"rendered":"https:\/\/d-factory.in.net\/?page_id=153"},"modified":"2025-11-10T14:36:56","modified_gmt":"2025-11-10T14:36:56","slug":"xo-so","status":"publish","type":"page","link":"https:\/\/d-factory.in.net\/index.php\/xo-so\/","title":{"rendered":"X\u1ed5 S\u1ed1 188BET: Th\u1ebf Gi\u1edbi \u0110\u1eb3ng C\u1ea5p V\u00e0 Tr\u1ea3i Nghi\u1ec7m Th\u00fa V\u1ecb"},"content":{"rendered":"<p><span style=\"font-weight: 400;\">X\u1ed5 s\u1ed1 <a href=\"https:\/\/d-factory.in.net\/\"><strong>188BET<\/strong><\/a> &#8211; m\u1ed9t trong nh\u1eefng l\u1ef1a ch\u1ecdn h\u1ea5p d\u1eabn v\u00e0 uy t\u00edn \u0111\u01b0\u1ee3c nhi\u1ec1u ng\u01b0\u1eddi ch\u01a1i quan t\u00e2m. \u0110\u00e2y kh\u00f4ng ch\u1ec9 \u0111\u01a1n thu\u1ea7n l\u00e0 m\u1ed9t h\u00ecnh th\u1ee9c truy\u1ec1n th\u1ed1ng m\u00e0 c\u00f2n l\u00e0 m\u1ed9t ph\u1ea7n c\u1ee7a n\u1ec1n t\u1ea3ng c\u00e1 c\u01b0\u1ee3c tr\u1ef1c tuy\u1ebfn \u0111a d\u1ea1ng, mang \u0111\u1ebfn cho ng\u01b0\u1eddi ch\u01a1i c\u01a1 h\u1ed9i th\u1eed v\u1eadn may v\u00e0 nh\u1eadn th\u01b0\u1edfng l\u1edbn.\u00a0<\/span><\/p>\n<h2><b>Gi\u1edbi thi\u1ec7u v\u1ec1 X\u1ed5 s\u1ed1 188BET<\/b><\/h2>\n<h3><b>X\u1ed5 s\u1ed1 188BET l\u00e0 g\u00ec?<\/b><\/h3>\n<p><b>X\u1ed5 s\u1ed1 188BET<\/b><span style=\"font-weight: 400;\"> l\u00e0 m\u1ed9t s\u1ea3n ph\u1ea9m tr\u1ef1c tuy\u1ebfn do n\u1ec1n t\u1ea3ng c\u00e1 c\u01b0\u1ee3c 188BET cung c\u1ea5p, mang \u0111\u1eb7c \u0111i\u1ec3m c\u1ee7a h\u00ecnh th\u1ee9c truy\u1ec1n th\u1ed1ng, nh\u01b0ng \u0111\u01b0\u1ee3c v\u1eadn h\u00e0nh d\u01b0\u1edbi d\u1ea1ng tr\u1ef1c tuy\u1ebfn, thu\u1eadn ti\u1ec7n v\u00e0 linh ho\u1ea1t h\u01a1n cho ng\u01b0\u1eddi ch\u01a1i. Th\u00f4ng qua n\u1ec1n t\u1ea3ng n\u00e0y, b\u1ea1n c\u00f3 th\u1ec3 \u0111\u1eb7t c\u01b0\u1ee3c, mua v\u00e9 s\u1ed1 v\u00e0 theo d\u00f5i k\u1ebft qu\u1ea3 m\u1ed9t c\u00e1ch d\u1ec5 d\u00e0ng ngay tr\u00ean thi\u1ebft b\u1ecb c\u1ee7a m\u00ecnh, t\u1eeb \u0111i\u1ec7n tho\u1ea1i, m\u00e1y t\u00ednh ho\u1eb7c c\u00e1c thi\u1ebft b\u1ecb k\u1ebft n\u1ed1i Internet kh\u00e1c.<\/span><\/p>\n<figure id=\"attachment_155\" aria-describedby=\"caption-attachment-155\" style=\"width: 800px\" class=\"wp-caption aligncenter\"><img loading=\"lazy\" decoding=\"async\" class=\"size-full wp-image-155\" src=\"https:\/\/d-factory.in.net\/wp-content\/uploads\/2025\/11\/xo-so-2.jpg\" alt=\"X\u1ed5 s\u1ed1 188BET l\u00e0 g\u00ec?\" width=\"800\" height=\"400\" srcset=\"https:\/\/d-factory.in.net\/wp-content\/uploads\/2025\/11\/xo-so-2.jpg 800w, https:\/\/d-factory.in.net\/wp-content\/uploads\/2025\/11\/xo-so-2-300x150.jpg 300w, https:\/\/d-factory.in.net\/wp-content\/uploads\/2025\/11\/xo-so-2-768x384.jpg 768w\" sizes=\"auto, (max-width: 800px) 100vw, 800px\" \/><figcaption id=\"caption-attachment-155\" class=\"wp-caption-text\">X\u1ed5 s\u1ed1 188BET l\u00e0 g\u00ec?<\/figcaption><\/figure>\n<h3><b>T\u1ea1i sao n\u00ean ch\u1ecdn X\u1ed5 s\u1ed1 188BET?<\/b><\/h3>\n<p><span style=\"font-weight: 400;\">\u0110\u01b0\u1ee3c \u0111\u00e1nh gi\u00e1 cao v\u1ec1 \u0111\u1ed9 uy t\u00edn v\u00e0 minh b\u1ea1ch, <\/span><b>X\u1ed5 s\u1ed1 188BET<\/b><span style=\"font-weight: 400;\"> c\u00f2n n\u1ed5i b\u1eadt v\u1edbi c\u00e1c d\u1ecbch v\u1ee5 kh\u00e1ch h\u00e0ng chuy\u00ean nghi\u1ec7p, t\u1ef7 l\u1ec7 tr\u00fang th\u01b0\u1edfng c\u1ea1nh tranh c\u00f9ng nhi\u1ec1u ch\u01b0\u01a1ng tr\u00ecnh khuy\u1ebfn m\u00e3i h\u1ea5p d\u1eabn. \u0110\u00e2y ch\u00ednh l\u00e0 s\u1ef1 l\u1ef1a ch\u1ecdn h\u00e0ng \u0111\u1ea7u cho nh\u1eefng ng\u01b0\u1eddi y\u00eau th\u00edch con s\u1ed1 tr\u1ef1c tuy\u1ebfn, mong mu\u1ed1n tr\u1ea3i nghi\u1ec7m c\u1ea3m gi\u00e1c h\u1ed3i h\u1ed9p khi ch\u1edd \u0111\u1ee3i k\u1ebft qu\u1ea3 v\u00e0 c\u01a1 h\u1ed9i nh\u1eadn th\u01b0\u1edfng gi\u00e1 tr\u1ecb l\u1edbn.<\/span><\/p>\n<h2><b>C\u00e1c t\u00ednh n\u0103ng n\u1ed5i b\u1eadt c\u1ee7a X\u1ed5 s\u1ed1 188BET<\/b><\/h2>\n<h3><b>Giao di\u1ec7n th\u00e2n thi\u1ec7n, d\u1ec5 s\u1eed d\u1ee5ng<\/b><\/h3>\n<p><span style=\"font-weight: 400;\">N\u1ec1n t\u1ea3ng c\u1ee7a <\/span><b>X\u1ed5 s\u1ed1 188BET<\/b><span style=\"font-weight: 400;\"> \u0111\u01b0\u1ee3c thi\u1ebft k\u1ebf t\u1ed1i \u01b0u h\u00f3a \u0111\u1ec3 d\u1ec5 d\u00e0ng thao t\u00e1c cho m\u1ecdi ng\u01b0\u1eddi d\u00f9ng, k\u1ec3 c\u1ea3 nh\u1eefng ng\u01b0\u1eddi m\u1edbi b\u1eaft \u0111\u1ea7u. Giao di\u1ec7n r\u00f5 r\u00e0ng, b\u1ed1 c\u1ee5c h\u1ee3p l\u00fd gi\u00fap ng\u01b0\u1eddi ch\u01a1i c\u00f3 th\u1ec3 nhanh ch\u00f3ng n\u1eafm b\u1eaft c\u00e1c th\u00f4ng tin, \u0111\u1eb7t c\u01b0\u1ee3c hay ki\u1ec3m tra k\u1ebft qu\u1ea3.<\/span><\/p>\n<h3><b>\u0110a d\u1ea1ng c\u00e1c lo\u1ea1i x\u1ed5 s\u1ed1<\/b><\/h3>\n<p><span style=\"font-weight: 400;\">188BET cung c\u1ea5p nhi\u1ec1u lo\u1ea1i h\u00ecnh kh\u00e1c nhau ph\u00f9 h\u1ee3p v\u1edbi s\u1edf th\u00edch c\u1ee7a t\u1eebng ng\u01b0\u1eddi ch\u01a1i nh\u01b0 x\u1ed5 s\u1ed1 ki\u1ebfn thi\u1ebft, x\u1ed5 s\u1ed1 mi\u1ec1n B\u1eafc, mi\u1ec1n Nam, v\u00e0 nhi\u1ec1u h\u00ecnh th\u1ee9c kh\u00e1c n\u1eefa. S\u1ef1 \u0111a d\u1ea1ng n\u00e0y gi\u00fap ng\u01b0\u1eddi ch\u01a1i c\u00f3 nhi\u1ec1u l\u1ef1a ch\u1ecdn h\u01a1n, t\u0103ng kh\u1ea3 n\u0103ng chi\u1ebfn th\u1eafng.<\/span><\/p>\n<h3><b>Thanh to\u00e1n nhanh, b\u1ea3o m\u1eadt cao<\/b><\/h3>\n<p><span style=\"font-weight: 400;\">T\u00edch h\u1ee3p c\u00e1c ph\u01b0\u01a1ng th\u1ee9c thanh to\u00e1n \u0111a d\u1ea1ng nh\u01b0 chuy\u1ec3n kho\u1ea3n ng\u00e2n h\u00e0ng, v\u00ed \u0111i\u1ec7n t\u1eed, th\u1ebb c\u00e0o, gi\u00fap qu\u00e1 tr\u00ecnh n\u1ea1p ti\u1ec1n v\u00e0 r\u00fat th\u01b0\u1edfng tr\u1edf n\u00ean thu\u1eadn ti\u1ec7n v\u00e0 an to\u00e0n. \u0110\u1ed3ng th\u1eddi, h\u1ec7 th\u1ed1ng c\u1ee7a 188BET s\u1eed d\u1ee5ng c\u00f4ng ngh\u1ec7 m\u00e3 h\u00f3a cao, \u0111\u1ea3m b\u1ea3o d\u1eef li\u1ec7u kh\u00e1ch h\u00e0ng lu\u00f4n \u0111\u01b0\u1ee3c b\u1ea3o v\u1ec7 t\u1ed1i \u0111a.<\/span><\/p>\n<h3><b>C\u1eadp nh\u1eadt k\u1ebft qu\u1ea3 ch\u00ednh x\u00e1c v\u00e0 minh b\u1ea1ch<\/b><\/h3>\n<p><span style=\"font-weight: 400;\">\u0110\u1ed9i ng\u0169 c\u1eadp nh\u1eadt k\u1ebft qu\u1ea3 di\u1ec5n ra li\u00ean t\u1ee5c, \u0111\u00fang gi\u1edd, ch\u00ednh x\u00e1c. Ng\u01b0\u1eddi ch\u01a1i ho\u00e0n to\u00e0n y\u00ean t\u00e2m v\u1ec1 t\u00ednh minh b\u1ea1ch c\u1ee7a qu\u00e1 tr\u00ecnh x\u00e1c \u0111\u1ecbnh k\u1ebft qu\u1ea3, h\u1ea1n ch\u1ebf t\u1ed1i \u0111a c\u00e1c tranh c\u00e3i v\u1ec1 gian l\u1eadn.<\/span><\/p>\n<h3><b>Ch\u01b0\u01a1ng tr\u00ecnh khuy\u1ebfn m\u00e3i v\u00e0 th\u01b0\u1edfng h\u1ea5p d\u1eabn<\/b><\/h3>\n<figure id=\"attachment_156\" aria-describedby=\"caption-attachment-156\" style=\"width: 800px\" class=\"wp-caption aligncenter\"><img loading=\"lazy\" decoding=\"async\" class=\"size-full wp-image-156\" src=\"https:\/\/d-factory.in.net\/wp-content\/uploads\/2025\/11\/xo-so-3.jpg\" alt=\"Ch\u01b0\u01a1ng tr\u00ecnh khuy\u1ebfn m\u00e3i v\u00e0 th\u01b0\u1edfng h\u1ea5p d\u1eabn\" width=\"800\" height=\"400\" srcset=\"https:\/\/d-factory.in.net\/wp-content\/uploads\/2025\/11\/xo-so-3.jpg 800w, https:\/\/d-factory.in.net\/wp-content\/uploads\/2025\/11\/xo-so-3-300x150.jpg 300w, https:\/\/d-factory.in.net\/wp-content\/uploads\/2025\/11\/xo-so-3-768x384.jpg 768w\" sizes=\"auto, (max-width: 800px) 100vw, 800px\" \/><figcaption id=\"caption-attachment-156\" class=\"wp-caption-text\">Ch\u01b0\u01a1ng tr\u00ecnh khuy\u1ebfn m\u00e3i v\u00e0 th\u01b0\u1edfng h\u1ea5p d\u1eabn<\/figcaption><\/figure>\n<p><span style=\"font-weight: 400;\">188BET th\u01b0\u1eddng xuy\u00ean t\u1ed5 ch\u1ee9c c\u00e1c ch\u01b0\u01a1ng tr\u00ecnh khuy\u1ebfn m\u00e3i nh\u01b0 ho\u00e0n ti\u1ec1n, t\u1eb7ng th\u01b0\u1edfng v\u00e9 s\u1ed1 mi\u1ec5n ph\u00ed, qu\u00e0 t\u1eb7ng gi\u00e1 tr\u1ecb, gi\u00fap ng\u01b0\u1eddi ch\u01a1i gia t\u0103ng c\u01a1 h\u1ed9i tr\u00fang th\u01b0\u1edfng v\u00e0 l\u00e0m phong ph\u00fa tr\u1ea3i nghi\u1ec7m c\u00e1 c\u01b0\u1ee3c.<\/span><\/p>\n<h2><b>H\u01b0\u1edbng d\u1eabn c\u00e1ch tham gia X\u1ed5 s\u1ed1 188BET<\/b><\/h2>\n<h3><b>B\u01b0\u1edbc 1: \u0110\u0103ng k\u00fd t\u00e0i kho\u1ea3n<\/b><\/h3>\n<p><span style=\"font-weight: 400;\">B\u1ea1n truy c\u1eadp trang web ho\u1eb7c \u1ee9ng d\u1ee5ng c\u1ee7a 188BET v\u00e0 th\u1ef1c hi\u1ec7n quy tr\u00ecnh \u0111\u0103ng k\u00fd d\u1ec5 d\u00e0ng. C\u1ea7n \u0111i\u1ec1n \u0111\u1ea7y \u0111\u1ee7 th\u00f4ng tin c\u00e1 nh\u00e2n, x\u00e1c th\u1ef1c t\u00e0i kho\u1ea3n \u0111\u1ec3 \u0111\u1ea3m b\u1ea3o an to\u00e0n v\u00e0 h\u1ee3p ph\u00e1p.<\/span><\/p>\n<h3><b>B\u01b0\u1edbc 2: N\u1ea1p ti\u1ec1n v\u00e0o t\u00e0i kho\u1ea3n<\/b><\/h3>\n<p><span style=\"font-weight: 400;\">Ch\u1ecdn ph\u01b0\u01a1ng th\u1ee9c thanh to\u00e1n ph\u00f9 h\u1ee3p v\u00e0 g\u1eedi ti\u1ec1n v\u00e0o t\u00e0i kho\u1ea3n \u0111\u1ec3 chu\u1ea9n b\u1ecb tham gia. T\u00f9y theo ph\u01b0\u01a1ng th\u1ee9c b\u1ea1n ch\u1ecdn, c\u00f3 th\u1ec3 m\u1ea5t v\u00e0i b\u01b0\u1edbc x\u00e1c th\u1ef1c \u0111\u1ec3 ho\u00e0n t\u1ea5t.<\/span><\/p>\n<h3><b>B\u01b0\u1edbc 3: Ch\u1ecdn lo\u1ea1i x\u1ed5 s\u1ed1 v\u00e0 mua v\u00e9<\/b><\/h3>\n<p><span style=\"font-weight: 400;\">Sau khi \u0111\u00e3 c\u00f3 ti\u1ec1n trong v\u00ed, ng\u01b0\u1eddi ch\u01a1i c\u00f3 th\u1ec3 l\u1ef1a ch\u1ecdn lo\u1ea1i y\u00eau th\u00edch, \u0111i\u1ec1n c\u00e1c con s\u1ed1 d\u1ef1 \u0111o\u00e1n ho\u1eb7c ch\u1ecdn theo c\u00e1c ph\u01b0\u01a1ng ph\u00e1p kh\u00e1c v\u00e0 mua v\u00e9 s\u1ed1 m\u1ed9t c\u00e1ch d\u1ec5 d\u00e0ng ch\u1ec9 v\u1edbi v\u00e0i click.<\/span><\/p>\n<h3><b>B\u01b0\u1edbc 4: Theo d\u00f5i k\u1ebft qu\u1ea3 v\u00e0 nh\u1eadn th\u01b0\u1edfng<\/b><\/h3>\n<p><span style=\"font-weight: 400;\">K\u1ebft qu\u1ea3 s\u1ebd \u0111\u01b0\u1ee3c c\u1eadp nh\u1eadt ch\u00ednh x\u00e1c v\u00e0 nhanh ch\u00f3ng. Ng\u01b0\u1eddi ch\u01a1i c\u00f3 th\u1ec3 ki\u1ec3m tra l\u1ecbch s\u1eed th\u1eafng thua, r\u00fat ti\u1ec1n th\u01b0\u1edfng v\u1ec1 t\u00e0i kho\u1ea3n c\u00e1 nh\u00e2n ho\u1eb7c ti\u1ebfp t\u1ee5c \u0111\u1eb7t c\u01b0\u1ee3c \u0111\u1ec3 t\u0103ng c\u01a1 h\u1ed9i chi\u1ebfn th\u1eafng.<\/span><\/p>\n<h3><b>L\u01b0u \u00fd khi ch\u01a1i<\/b><\/h3>\n<p><span style=\"font-weight: 400;\">Trong qu\u00e1 tr\u00ecnh tham gia, ng\u01b0\u1eddi ch\u01a1i c\u1ea7n \u0111\u1ec1 cao c\u1ea3nh gi\u00e1c, kh\u00f4ng chia s\u1ebb th\u00f4ng tin t\u00e0i kho\u1ea3n, tu\u00e2n th\u1ee7 c\u00e1c quy \u0111\u1ecbnh c\u1ee7a nh\u00e0 c\u00e1i \u0111\u1ec3 \u0111\u1ea3m b\u1ea3o an to\u00e0n. \u0110\u1ed3ng th\u1eddi, qu\u1ea3n l\u00fd ng\u00e2n s\u00e1ch c\u00e1 nh\u00e2n, kh\u00f4ng ch\u01a1i qu\u00e1 m\u1ee9c kh\u1ea3 n\u0103ng c\u1ee7a m\u00ecnh \u0111\u1ec3 tr\u00e1nh r\u1ee7i ro.<\/span><\/p>\n<h2><b>C\u00e1c l\u1ee3i \u00edch khi ch\u1ecdn X\u1ed5 s\u1ed1 188BET<\/b><\/h2>\n<figure id=\"attachment_157\" aria-describedby=\"caption-attachment-157\" style=\"width: 800px\" class=\"wp-caption aligncenter\"><img loading=\"lazy\" decoding=\"async\" class=\"size-full wp-image-157\" src=\"https:\/\/d-factory.in.net\/wp-content\/uploads\/2025\/11\/xo-so-4.jpg\" alt=\"C\u00e1c l\u1ee3i \u00edch khi ch\u1ecdn X\u1ed5 s\u1ed1 188BET\" width=\"800\" height=\"400\" srcset=\"https:\/\/d-factory.in.net\/wp-content\/uploads\/2025\/11\/xo-so-4.jpg 800w, https:\/\/d-factory.in.net\/wp-content\/uploads\/2025\/11\/xo-so-4-300x150.jpg 300w, https:\/\/d-factory.in.net\/wp-content\/uploads\/2025\/11\/xo-so-4-768x384.jpg 768w\" sizes=\"auto, (max-width: 800px) 100vw, 800px\" \/><figcaption id=\"caption-attachment-157\" class=\"wp-caption-text\">C\u00e1c l\u1ee3i \u00edch khi ch\u1ecdn X\u1ed5 s\u1ed1 188BET<\/figcaption><\/figure>\n<table>\n<tbody>\n<tr>\n<td><b>Ti\u00eau ch\u00ed<\/b><\/td>\n<td><b>L\u1ee3i \u00edch<\/b><\/td>\n<\/tr>\n<tr>\n<td><span style=\"font-weight: 400;\">Ti\u1ec7n l\u1ee3i<\/span><\/td>\n<td><span style=\"font-weight: 400;\">C\u00f3 th\u1ec3 tham gia b\u1ea5t c\u1ee9 khi n\u00e0o, b\u1ea5t c\u1ee9 n\u01a1i \u0111\u00e2u ch\u1ec9 c\u1ea7n Internet<\/span><\/td>\n<\/tr>\n<tr>\n<td><span style=\"font-weight: 400;\">\u0110a d\u1ea1ng s\u1ea3n ph\u1ea9m<\/span><\/td>\n<td><span style=\"font-weight: 400;\">Nhi\u1ec1u lo\u1ea1i, ph\u01b0\u01a1ng th\u1ee9c c\u00e1 c\u01b0\u1ee3c ph\u00f9 h\u1ee3p v\u1edbi m\u1ecdi \u0111\u1ed1i t\u01b0\u1ee3ng<\/span><\/td>\n<\/tr>\n<tr>\n<td><span style=\"font-weight: 400;\">B\u1ea3o m\u1eadt cao<\/span><\/td>\n<td><span style=\"font-weight: 400;\">H\u1ec7 th\u1ed1ng b\u1ea3o v\u1ec7 d\u1eef li\u1ec7u, thanh to\u00e1n nhanh v\u00e0 an to\u00e0n<\/span><\/td>\n<\/tr>\n<tr>\n<td><span style=\"font-weight: 400;\">Minh b\u1ea1ch<\/span><\/td>\n<td><span style=\"font-weight: 400;\">K\u1ebft qu\u1ea3 \u0111\u01b0\u1ee3c c\u1eadp nh\u1eadt li\u00ean t\u1ee5c, r\u00f5 r\u00e0ng, kh\u00f4ng gian l\u1eadn<\/span><\/td>\n<\/tr>\n<tr>\n<td><span style=\"font-weight: 400;\">\u01afu \u0111\u00e3i h\u1ea5p d\u1eabn<\/span><\/td>\n<td><span style=\"font-weight: 400;\">C\u00e1c ch\u01b0\u01a1ng tr\u00ecnh khuy\u1ebfn m\u00e3i, t\u1eb7ng th\u01b0\u1edfng gi\u00fap gia t\u0103ng c\u01a1 h\u1ed9i chi\u1ebfn th\u1eafng<\/span><\/td>\n<\/tr>\n<\/tbody>\n<\/table>\n<h2><b>T\u1ed5ng k\u1ebft<\/b><\/h2>\n<p><b><a href=\"https:\/\/d-factory.in.net\/index.php\/xo-so\">X\u1ed5 s\u1ed1<\/a> 188BET<\/b><span style=\"font-weight: 400;\"> l\u00e0 m\u1ed9t l\u1ef1a ch\u1ecdn h\u00e0ng \u0111\u1ea7u d\u00e0nh cho nh\u1eefng ai y\u00eau th\u00edch tr\u1ef1c tuy\u1ebfn, nh\u1edd v\u00e0o s\u1ef1 ti\u1ec7n l\u1ee3i, \u0111a d\u1ea1ng v\u00e0 uy t\u00edn c\u1ee7a n\u1ec1n t\u1ea3ng. Ng\u01b0\u1eddi ch\u01a1i kh\u00f4ng nh\u1eefng c\u00f3 th\u1ec3 th\u1eed v\u1eadn may c\u1ee7a m\u00ecnh, m\u00e0 c\u00f2n \u0111\u01b0\u1ee3c h\u01b0\u1edfng nhi\u1ec1u ch\u01b0\u01a1ng tr\u00ecnh \u01b0u \u0111\u00e3i, d\u1ecbch v\u1ee5 kh\u00e1ch h\u00e0ng chuy\u00ean nghi\u1ec7p v\u00e0 h\u1ec7 th\u1ed1ng b\u1ea3o m\u1eadt t\u1ed1i cao. V\u1edbi nh\u1eefng h\u01b0\u1edbng d\u1eabn tr\u00ean, hy v\u1ecdng b\u1ea1n \u0111\u00e3 c\u00f3 c\u00e1i nh\u00ecn r\u00f5 n\u00e9t h\u01a1n v\u1ec1 c\u00e1ch th\u1ee9c tham gia c\u0169ng nh\u01b0 c\u00e1c l\u1ee3i \u00edch m\u00e0 nh\u00e0 c\u00e1i mang l\u1ea1i. H\u00e3y th\u1eed v\u1eadn may v\u00e0 tr\u1ea3i nghi\u1ec7m c\u1ea3m gi\u00e1c h\u1ed3i h\u1ed9p khi \u0111\u1ee3i k\u1ebft qu\u1ea3, bi\u1ebft \u0111\u00e2u b\u1ea1n s\u1ebd tr\u1edf th\u00e0nh ng\u01b0\u1eddi may m\u1eafn ti\u1ebfp theo nh\u1eadn th\u01b0\u1edfng l\u1edbn t\u1eeb n\u1ec1n t\u1ea3ng n\u00e0y.<\/span><\/p>\n","protected":false},"excerpt":{"rendered":"<p>X\u1ed5 s\u1ed1 188BET &#8211; m\u1ed9t trong nh\u1eefng l\u1ef1a ch\u1ecdn h\u1ea5p d\u1eabn v\u00e0 uy t\u00edn \u0111\u01b0\u1ee3c nhi\u1ec1u ng\u01b0\u1eddi ch\u01a1i quan t\u00e2m. \u0110\u00e2y kh\u00f4ng ch\u1ec9 \u0111\u01a1n thu\u1ea7n l\u00e0 m\u1ed9t h\u00ecnh th\u1ee9c truy\u1ec1n th\u1ed1ng m\u00e0 c\u00f2n l\u00e0 m\u1ed9t ph\u1ea7n c\u1ee7a n\u1ec1n t\u1ea3ng c\u00e1 c\u01b0\u1ee3c tr\u1ef1c tuy\u1ebfn \u0111a d\u1ea1ng, mang \u0111\u1ebfn cho ng\u01b0\u1eddi ch\u01a1i c\u01a1 h\u1ed9i th\u1eed v\u1eadn may [&#8230;]\n","protected":false},"author":1,"featured_media":154,"parent":0,"menu_order":0,"comment_status":"closed","ping_status":"closed","template":"page-blank-title-center.php","meta":{"footnotes":""},"class_list":["post-153","page","type-page","status-publish","has-post-thumbnail","hentry"],"_links":{"self":[{"href":"https:\/\/d-factory.in.net\/index.php\/wp-json\/wp\/v2\/pages\/153","targetHints":{"allow":["GET"]}}],"collection":[{"href":"https:\/\/d-factory.in.net\/index.php\/wp-json\/wp\/v2\/pages"}],"about":[{"href":"https:\/\/d-factory.in.net\/index.php\/wp-json\/wp\/v2\/types\/page"}],"author":[{"embeddable":true,"href":"https:\/\/d-factory.in.net\/index.php\/wp-json\/wp\/v2\/users\/1"}],"replies":[{"embeddable":true,"href":"https:\/\/d-factory.in.net\/index.php\/wp-json\/wp\/v2\/comments?post=153"}],"version-history":[{"count":1,"href":"https:\/\/d-factory.in.net\/index.php\/wp-json\/wp\/v2\/pages\/153\/revisions"}],"predecessor-version":[{"id":158,"href":"https:\/\/d-factory.in.net\/index.php\/wp-json\/wp\/v2\/pages\/153\/revisions\/158"}],"wp:featuredmedia":[{"embeddable":true,"href":"https:\/\/d-factory.in.net\/index.php\/wp-json\/wp\/v2\/media\/154"}],"wp:attachment":[{"href":"https:\/\/d-factory.in.net\/index.php\/wp-json\/wp\/v2\/media?parent=153"}],"curies":[{"name":"wp","href":"https:\/\/api.w.org\/{rel}","templated":true}]}}