{"id":147,"date":"2025-11-10T14:33:36","date_gmt":"2025-11-10T14:33:36","guid":{"rendered":"https:\/\/d-factory.in.net\/?page_id=147"},"modified":"2025-11-10T14:33:36","modified_gmt":"2025-11-10T14:33:36","slug":"live-casino","status":"publish","type":"page","link":"https:\/\/d-factory.in.net\/index.php\/live-casino\/","title":{"rendered":"Live Casino: Tr\u1ea3i Nghi\u1ec7m \u0110\u1ed9c \u0110\u00e1o Tr\u1eadn \u0110\u1ea5u Tr\u1ef1c Tuy\u1ebfn"},"content":{"rendered":"<p><span style=\"font-weight: 400;\">Trong th\u1eddi \u0111\u1ea1i s\u1ed1 h\u00f3a hi\u1ec7n nay, <\/span><b>Live Casino<\/b> <a href=\"https:\/\/d-factory.in.net\/\"><b>188BET<\/b><\/a> <span style=\"font-weight: 400;\">\u0111\u00e3 tr\u1edf th\u00e0nh m\u1ed9t trong nh\u1eefng h\u00ecnh th\u1ee9c gi\u1ea3i tr\u00ed y\u00eau th\u00edch c\u1ee7a nhi\u1ec1u ng\u01b0\u1eddi ch\u01a1i \u0111am m\u00ea c\u00e1 c\u01b0\u1ee3c v\u00e0 tr\u00f2 ch\u01a1i tr\u1ef1c tuy\u1ebfn. Kh\u00f4ng gi\u1ed1ng nh\u01b0 c\u00e1c lo\u1ea1i casino truy\u1ec1n th\u1ed1ng hay game \u0111i\u1ec7n t\u1eed, n\u1ec1n t\u1ea3ng mang l\u1ea1i tr\u1ea3i nghi\u1ec7m ch\u00e2n th\u1ef1c, s\u1ed1ng \u0111\u1ed9ng nh\u01b0 \u0111ang ch\u01a1i t\u1ea1i s\u00f2ng b\u1ea1c th\u1ef1c s\u1ef1, qua \u0111\u00f3 h\u1ed9i t\u1ee5 nhi\u1ec1u \u01b0u \u0111i\u1ec3m v\u01b0\u1ee3t tr\u1ed9i v\u1ec1 c\u1ea3 \u0111\u1ed9 ch\u00e2n th\u1ef1c l\u1eabn t\u00ednh gi\u1ea3i tr\u00ed.\u00a0<\/span><\/p>\n<h2><b>\u0110\u1ecbnh ngh\u0129a v\u00e0 \u00fd ngh\u0129a c\u1ee7a Live Casino<\/b><\/h2>\n<figure id=\"attachment_150\" aria-describedby=\"caption-attachment-150\" style=\"width: 800px\" class=\"wp-caption aligncenter\"><img loading=\"lazy\" decoding=\"async\" class=\"size-full wp-image-150\" src=\"https:\/\/d-factory.in.net\/wp-content\/uploads\/2025\/11\/live-casino-2.jpg\" alt=\"\u0110\u1ecbnh ngh\u0129a v\u00e0 \u00fd ngh\u0129a c\u1ee7a Live Casino\" width=\"800\" height=\"400\" srcset=\"https:\/\/d-factory.in.net\/wp-content\/uploads\/2025\/11\/live-casino-2.jpg 800w, https:\/\/d-factory.in.net\/wp-content\/uploads\/2025\/11\/live-casino-2-300x150.jpg 300w, https:\/\/d-factory.in.net\/wp-content\/uploads\/2025\/11\/live-casino-2-768x384.jpg 768w\" sizes=\"auto, (max-width: 800px) 100vw, 800px\" \/><figcaption id=\"caption-attachment-150\" class=\"wp-caption-text\">\u0110\u1ecbnh ngh\u0129a v\u00e0 \u00fd ngh\u0129a c\u1ee7a Live Casino<\/figcaption><\/figure>\n<p><b>Live Casino<\/b><span style=\"font-weight: 400;\"> l\u00e0 m\u1ed9t lo\u1ea1i h\u00ecnh c\u00e1 c\u01b0\u1ee3c tr\u1ef1c tuy\u1ebfn trong \u0111\u00f3 c\u00e1c tr\u00f2 ch\u01a1i \u0111\u01b0\u1ee3c ph\u00e1t s\u00f3ng tr\u1ef1c ti\u1ebfp t\u1eeb m\u1ed9t studio ho\u1eb7c s\u00f2ng b\u1ea1c th\u1ef1c s\u1ef1, qua \u0111\u00f3 ng\u01b0\u1eddi ch\u01a1i c\u00f3 th\u1ec3 t\u01b0\u01a1ng t\u00e1c tr\u1ef1c ti\u1ebfp v\u1edbi dealer (ng\u01b0\u1eddi chia b\u00e0i ho\u1eb7c ng\u01b0\u1eddi \u0111i\u1ec1u khi\u1ec3n tr\u00f2 ch\u01a1i). \u0110\u1eb7c \u0111i\u1ec3m n\u1ed5i b\u1eadt c\u1ee7a s\u00e2n ch\u01a1i l\u00e0 vi\u1ec7c s\u1eed d\u1ee5ng c\u00f4ng ngh\u1ec7 truy\u1ec1n h\u00ecnh tr\u1ef1c ti\u1ebfp, webcam v\u00e0 c\u00e1c thi\u1ebft b\u1ecb h\u1ed7 tr\u1ee3 \u0111\u1ec3 mang \u0111\u1ebfn c\u1ea3m gi\u00e1c nh\u01b0 \u0111ang ch\u01a1i t\u1ea1i m\u1ed9t casino th\u1eadt, d\u00f9 b\u1ea1n \u0111ang \u1edf b\u1ea5t k\u1ef3 \u0111\u00e2u ch\u1ec9 c\u1ea7n c\u00f3 k\u1ebft n\u1ed1i internet \u1ed5n \u0111\u1ecbnh.<\/span><\/p>\n<p><b>Live Casino<\/b><span style=\"font-weight: 400;\"> kh\u00f4ng ch\u1ec9 \u0111\u01a1n thu\u1ea7n cung c\u1ea5p c\u00e1c tr\u00f2 ch\u01a1i ph\u1ed5 bi\u1ebfn nh\u01b0 roulette, blackjack, baccarat, m\u00e0 c\u00f2n k\u1ebft h\u1ee3p c\u00e1c y\u1ebfu t\u1ed1 tr\u1ef1c ti\u1ebfp, minh b\u1ea1ch v\u00e0 t\u01b0\u01a1i m\u1edbi, n\u00e2ng cao tr\u1ea3i nghi\u1ec7m c\u00e1 c\u01b0\u1ee3c tr\u1ef1c tuy\u1ebfn m\u1ed9t c\u00e1ch r\u00f5 r\u1ec7t.<\/span><\/p>\n<h2><b>C\u00e1c y\u1ebfu t\u1ed1 quy\u1ebft \u0111\u1ecbnh ch\u1ecdn Live Casino t\u1ed1t nh\u1ea5t<\/b><\/h2>\n<p><span style=\"font-weight: 400;\">Khi l\u1ef1a ch\u1ecdn m\u1ed9t n\u1ec1n t\u1ea3ng, ng\u01b0\u1eddi ch\u01a1i c\u1ea7n xem x\u00e9t c\u00e1c y\u1ebfu t\u1ed1 sau:<\/span><\/p>\n<ul>\n<li style=\"font-weight: 400;\" aria-level=\"1\"><span style=\"font-weight: 400;\">Ch\u1ea5t l\u01b0\u1ee3ng h\u00ecnh \u1ea3nh v\u00e0 \u00e2m thanh<\/span><\/li>\n<li style=\"font-weight: 400;\" aria-level=\"1\"><span style=\"font-weight: 400;\">\u0110\u1ed9 ch\u00ednh x\u00e1c, minh b\u1ea1ch c\u1ee7a tr\u00f2 ch\u01a1i<\/span><\/li>\n<li style=\"font-weight: 400;\" aria-level=\"1\"><span style=\"font-weight: 400;\">\u0110a d\u1ea1ng c\u00e1c tr\u00f2 ch\u01a1i v\u00e0 phi\u00ean b\u1ea3n<\/span><\/li>\n<li style=\"font-weight: 400;\" aria-level=\"1\"><span style=\"font-weight: 400;\">T\u1ed1c \u0111\u1ed9 ph\u1ea3n h\u1ed3i v\u00e0 d\u1ecbch v\u1ee5 kh\u00e1ch h\u00e0ng<\/span><\/li>\n<li style=\"font-weight: 400;\" aria-level=\"1\"><span style=\"font-weight: 400;\">Nh\u1eefng ch\u01b0\u01a1ng tr\u00ecnh khuy\u1ebfn m\u00e3i h\u1ea5p d\u1eabn<\/span><\/li>\n<\/ul>\n<p><span style=\"font-weight: 400;\">D\u01b0\u1edbi \u0111\u00e2y l\u00e0 5 l\u1ef1a ch\u1ecdn h\u00e0ng \u0111\u1ea7u d\u1ef1a tr\u00ean c\u00e1c ti\u00eau ch\u00ed n\u00e0y.<\/span><\/p>\n<h2><b>Top 5 n\u1ec1n t\u1ea3ng Live Casino t\u1ed1t nh\u1ea5t hi\u1ec7n nay<\/b><\/h2>\n<figure id=\"attachment_151\" aria-describedby=\"caption-attachment-151\" style=\"width: 800px\" class=\"wp-caption aligncenter\"><img loading=\"lazy\" decoding=\"async\" class=\"size-full wp-image-151\" src=\"https:\/\/d-factory.in.net\/wp-content\/uploads\/2025\/11\/live-casino-3.jpg\" alt=\"N\u1ec1n t\u1ea3ng Live Casino t\u1ed1t nh\u1ea5t hi\u1ec7n nay\" width=\"800\" height=\"400\" srcset=\"https:\/\/d-factory.in.net\/wp-content\/uploads\/2025\/11\/live-casino-3.jpg 800w, https:\/\/d-factory.in.net\/wp-content\/uploads\/2025\/11\/live-casino-3-300x150.jpg 300w, https:\/\/d-factory.in.net\/wp-content\/uploads\/2025\/11\/live-casino-3-768x384.jpg 768w\" sizes=\"auto, (max-width: 800px) 100vw, 800px\" \/><figcaption id=\"caption-attachment-151\" class=\"wp-caption-text\">N\u1ec1n t\u1ea3ng Live Casino t\u1ed1t nh\u1ea5t hi\u1ec7n nay<\/figcaption><\/figure>\n<h3><b>1. Evolution Gaming<\/b><\/h3>\n<p><b>Evolution Gaming<\/b><span style=\"font-weight: 400;\"> l\u00e0 th\u01b0\u01a1ng hi\u1ec7u h\u00e0ng \u0111\u1ea7u trong l\u0129nh v\u1ef1c <\/span><b>Live Casino<\/b><span style=\"font-weight: 400;\"> to\u00e0n c\u1ea7u, n\u1ed5i b\u1eadt nh\u1edd v\u00e0o c\u00f4ng ngh\u1ec7 ti\u00ean ti\u1ebfn, d\u1ecbch v\u1ee5 chuy\u00ean nghi\u1ec7p v\u00e0 \u0111a d\u1ea1ng c\u00e1c tr\u00f2 ch\u01a1i. Ph\u00f9 h\u1ee3p v\u1edbi c\u00e1c ng\u01b0\u1eddi ch\u01a1i y\u00eau c\u1ea7u tr\u1ea3i nghi\u1ec7m cao c\u1ea5p v\u00e0 an to\u00e0n.<\/span><\/p>\n<h3><b>2. Pragmatic Play Live<\/b><\/h3>\n<p><b>Pragmatic Play Live<\/b><span style=\"font-weight: 400;\"> cung c\u1ea5p c\u00e1c tr\u00f2 ch\u01a1i \u0111a d\u1ea1ng, c\u1eadp nh\u1eadt li\u00ean t\u1ee5c v\u1edbi ch\u1ea5t l\u01b0\u1ee3ng h\u00ecnh \u1ea3nh s\u1eafc n\u00e9t v\u00e0 t\u00ednh n\u0103ng hi\u1ec7n \u0111\u1ea1i. Th\u00edch h\u1ee3p cho nh\u1eefng ng\u01b0\u1eddi m\u1edbi b\u1eaft \u0111\u1ea7u v\u00e0 ng\u01b0\u1eddi ch\u01a1i trung c\u1ea5p.<\/span><\/p>\n<h3><b>3. Playtech Live<\/b><\/h3>\n<p><span style=\"font-weight: 400;\">\u0110\u01b0\u1ee3c bi\u1ebft \u0111\u1ebfn l\u00e0 m\u1ed9t trong nh\u1eefng nh\u00e0 cung c\u1ea5p ph\u1ea7n m\u1ec1m l\u00e2u \u0111\u1eddi, <\/span><b>Playtech Live<\/b><span style=\"font-weight: 400;\"> n\u1ed5i b\u1eadt v\u1edbi s\u1ef1 \u1ed5n \u0111\u1ecbnh cao, c\u00e1c phi\u00ean b\u1ea3n game ph\u1ed5 bi\u1ebfn v\u00e0 t\u00edch h\u1ee3p c\u00e1c y\u1ebfu t\u1ed1 gi\u1ea3i tr\u00ed h\u1ea5p d\u1eabn.<\/span><\/p>\n<h3><b>4. Ezugi<\/b><\/h3>\n<p><b>Ezugi<\/b><span style=\"font-weight: 400;\"> n\u1ed5i b\u1eadt trong c\u00e1c gi\u1ea3i ph\u00e1p <\/span><b>Live Casino<\/b><span style=\"font-weight: 400;\"> d\u00e0nh cho th\u1ecb tr\u01b0\u1eddng ch\u00e2u \u00c1, cung c\u1ea5p c\u00e1c tr\u00f2 ch\u01a1i \u0111\u1eb7c bi\u1ec7t ph\u00f9 h\u1ee3p v\u1edbi s\u1edf th\u00edch v\u00e0 nhu c\u1ea7u c\u1ee7a ng\u01b0\u1eddi ch\u01a1i khu v\u1ef1c n\u00e0y, c\u00f9ng d\u1ecbch v\u1ee5 h\u1ed7 tr\u1ee3 t\u1ed1t.<\/span><\/p>\n<h3><b>5. Authentic Gaming<\/b><\/h3>\n<p><b>Authentic Gaming<\/b><span style=\"font-weight: 400;\"> chuy\u00ean v\u1ec1 c\u00e1c tr\u00f2 ch\u01a1i Live Roulette tr\u1ef1c ti\u1ebfp t\u1eeb c\u00e1c s\u00f2ng casino th\u1ef1c t\u1ebf, mang l\u1ea1i tr\u1ea3i nghi\u1ec7m ch\u00e2n th\u1ef1c, s\u1ed1ng \u0111\u1ed9ng nh\u1ea5t.<\/span><\/p>\n<table>\n<tbody>\n<tr>\n<td><b>N\u1ec1n t\u1ea3ng<\/b><\/td>\n<td><b>\u0110\u1eb7c \u0111i\u1ec3m ch\u00ednh<\/b><\/td>\n<td><b>Tr\u00f2 ch\u01a1i ti\u00eau bi\u1ec3u<\/b><\/td>\n<td><b>Ph\u00e2n kh\u00fac kh\u00e1ch h\u00e0ng<\/b><\/td>\n<td><b>\u0110\u00e1nh gi\u00e1 t\u1eeb ng\u01b0\u1eddi ch\u01a1i<\/b><\/td>\n<\/tr>\n<tr>\n<td><span style=\"font-weight: 400;\">Evolution Gaming<\/span><\/td>\n<td><span style=\"font-weight: 400;\">C\u00f4ng ngh\u1ec7 cao, \u0111a d\u1ea1ng, uy t\u00edn<\/span><\/td>\n<td><span style=\"font-weight: 400;\">Roulette, Blackjack, Baccarat<\/span><\/td>\n<td><span style=\"font-weight: 400;\">Cao c\u1ea5p, chuy\u00ean nghi\u1ec7p<\/span><\/td>\n<td><span style=\"font-weight: 400;\">R\u1ea5t cao<\/span><\/td>\n<\/tr>\n<tr>\n<td><span style=\"font-weight: 400;\">Pragmatic Play Live<\/span><\/td>\n<td><span style=\"font-weight: 400;\">H\u00ecnh \u1ea3nh s\u1eafc n\u00e9t, c\u1eadp nh\u1eadt th\u01b0\u1eddng xuy\u00ean<\/span><\/td>\n<td><span style=\"font-weight: 400;\">Roulette, blackjack, sic bo<\/span><\/td>\n<td><span style=\"font-weight: 400;\">Trung c\u1ea5p, ng\u01b0\u1eddi m\u1edbi<\/span><\/td>\n<td><span style=\"font-weight: 400;\">Cao<\/span><\/td>\n<\/tr>\n<tr>\n<td><span style=\"font-weight: 400;\">Playtech Live<\/span><\/td>\n<td><span style=\"font-weight: 400;\">\u1ed4n \u0111\u1ecbnh, c\u00f3 bom t\u1ea5n game<\/span><\/td>\n<td><span style=\"font-weight: 400;\">Roulette, Poker, blackjack<\/span><\/td>\n<td><span style=\"font-weight: 400;\">Trung c\u1ea5p \u0111\u1ebfn cao c\u1ea5p<\/span><\/td>\n<td><span style=\"font-weight: 400;\">R\u1ea5t cao<\/span><\/td>\n<\/tr>\n<tr>\n<td><span style=\"font-weight: 400;\">Ezugi<\/span><\/td>\n<td><span style=\"font-weight: 400;\">\u0110\u1eb7c bi\u1ec7t ph\u00f9 h\u1ee3p ch\u00e2u \u00c1<\/span><\/td>\n<td><span style=\"font-weight: 400;\">Teen Patti, Dragon Tiger<\/span><\/td>\n<td><span style=\"font-weight: 400;\">Ng\u01b0\u1eddi ch\u01a1i ch\u00e2u \u00c1<\/span><\/td>\n<td><span style=\"font-weight: 400;\">Kh\u00e1 t\u1ed1t<\/span><\/td>\n<\/tr>\n<tr>\n<td><span style=\"font-weight: 400;\">Authentic Gaming<\/span><\/td>\n<td><span style=\"font-weight: 400;\">Tr\u1ef1c ti\u1ebfp t\u1eeb casino th\u1ef1c t\u1ebf<\/span><\/td>\n<td><span style=\"font-weight: 400;\">Roulette<\/span><\/td>\n<td><span style=\"font-weight: 400;\">Tr\u00ecnh \u0111\u1ed9 trung c\u1ea5p \u0111\u1ebfn cao<\/span><\/td>\n<td><span style=\"font-weight: 400;\">Cao<\/span><\/td>\n<\/tr>\n<\/tbody>\n<\/table>\n<h2><b>C\u00e1ch b\u1eaft \u0111\u1ea7u tr\u1ea3i nghi\u1ec7m Live Casino d\u1ec5 d\u00e0ng<\/b><\/h2>\n<figure id=\"attachment_148\" aria-describedby=\"caption-attachment-148\" style=\"width: 800px\" class=\"wp-caption aligncenter\"><img loading=\"lazy\" decoding=\"async\" class=\"size-full wp-image-148\" src=\"https:\/\/d-factory.in.net\/wp-content\/uploads\/2025\/11\/live-casino-4.jpg\" alt=\"C\u00e1ch b\u1eaft \u0111\u1ea7u tr\u1ea3i nghi\u1ec7m\" width=\"800\" height=\"400\" srcset=\"https:\/\/d-factory.in.net\/wp-content\/uploads\/2025\/11\/live-casino-4.jpg 800w, https:\/\/d-factory.in.net\/wp-content\/uploads\/2025\/11\/live-casino-4-300x150.jpg 300w, https:\/\/d-factory.in.net\/wp-content\/uploads\/2025\/11\/live-casino-4-768x384.jpg 768w\" sizes=\"auto, (max-width: 800px) 100vw, 800px\" \/><figcaption id=\"caption-attachment-148\" class=\"wp-caption-text\">C\u00e1ch b\u1eaft \u0111\u1ea7u tr\u1ea3i nghi\u1ec7m<\/figcaption><\/figure>\n<p><span style=\"font-weight: 400;\">\u0110\u1ec3 tham gia, b\u1ea1n c\u00f3 th\u1ec3 l\u00e0m theo c\u00e1c b\u01b0\u1edbc \u0111\u01a1n gi\u1ea3n sau \u0111\u00e2y:<\/span><\/p>\n<ul>\n<li style=\"font-weight: 400;\" aria-level=\"1\"><b>Ch\u1ecdn n\u1ec1n t\u1ea3ng ph\u00f9 h\u1ee3p<\/b><span style=\"font-weight: 400;\">: Truy c\u1eadp v\u00e0o m\u1ed9t nh\u00e0 c\u00e1i ho\u1eb7c n\u1ec1n t\u1ea3ng cung c\u1ea5p d\u1ecbch v\u1ee5 <\/span><b>Live Casino<\/b><span style=\"font-weight: 400;\"> uy t\u00edn.<\/span><\/li>\n<li style=\"font-weight: 400;\" aria-level=\"1\"><b>\u0110\u0103ng k\u00fd t\u00e0i kho\u1ea3n<\/b><span style=\"font-weight: 400;\">: \u0110i\u1ec1n th\u00f4ng tin ch\u00ednh x\u00e1c v\u00e0 x\u00e1c th\u1ef1c danh t\u00ednh theo h\u01b0\u1edbng d\u1eabn.<\/span><\/li>\n<li style=\"font-weight: 400;\" aria-level=\"1\"><b>N\u1ea1p ti\u1ec1n v\u00e0o t\u00e0i kho\u1ea3n<\/b><span style=\"font-weight: 400;\">: Ch\u1ecdn ph\u01b0\u01a1ng th\u1ee9c thanh to\u00e1n ph\u00f9 h\u1ee3p v\u00e0 g\u1eedi ti\u1ec1n v\u00e0o t\u00e0i kho\u1ea3n ch\u01a1i.<\/span><\/li>\n<li style=\"font-weight: 400;\" aria-level=\"1\"><b>Ch\u1ecdn tr\u00f2 ch\u01a1i<\/b><span style=\"font-weight: 400;\">: L\u1ef1a ch\u1ecdn tr\u00f2 ch\u01a1i y\u00eau th\u00edch trong danh s\u00e1ch <\/span><b>Live Casino<\/b><span style=\"font-weight: 400;\">, nh\u01b0 roulette, blackjack ho\u1eb7c baccarat.<\/span><\/li>\n<li style=\"font-weight: 400;\" aria-level=\"1\"><b>Tham gia v\u00e0 ch\u01a1i<\/b><span style=\"font-weight: 400;\">: Tham gia tr\u1ef1c ti\u1ebfp, \u0111\u1eb7t c\u01b0\u1ee3c v\u00e0 theo d\u00f5i dealer trong th\u1eddi gian th\u1ef1c.<\/span><\/li>\n<li style=\"font-weight: 400;\" aria-level=\"1\"><b>Ch\u1ed1t s\u1ed1 v\u00e0 r\u00fat th\u01b0\u1edfng<\/b><span style=\"font-weight: 400;\">: Khi th\u1eafng l\u1edbn ho\u1eb7c mu\u1ed1n d\u1eebng, th\u1ef1c hi\u1ec7n r\u00fat ti\u1ec1n v\u1ec1 t\u00e0i kho\u1ea3n ng\u00e2n h\u00e0ng c\u1ee7a b\u1ea1n.<\/span><\/li>\n<\/ul>\n<p><b>M\u1eb9o nh\u1ecf \u0111\u1ec3 t\u1ed1i \u01b0u tr\u1ea3i nghi\u1ec7m<\/b><\/p>\n<ul>\n<li style=\"font-weight: 400;\" aria-level=\"1\"><span style=\"font-weight: 400;\">Lu\u00f4n ki\u1ec3m tra k\u1ebft n\u1ed1i internet nhanh, \u1ed5n \u0111\u1ecbnh.<\/span><\/li>\n<li style=\"font-weight: 400;\" aria-level=\"1\"><span style=\"font-weight: 400;\">\u0110\u1ecdc k\u1ef9 c\u00e1c quy \u0111\u1ecbnh v\u00e0 h\u01b0\u1edbng d\u1eabn c\u1ee7a nh\u00e0 c\u00e1i.<\/span><\/li>\n<li style=\"font-weight: 400;\" aria-level=\"1\"><span style=\"font-weight: 400;\">Tham kh\u1ea3o c\u00e1c ch\u01b0\u01a1ng tr\u00ecnh khuy\u1ebfn m\u00e3i \u0111\u1ec3 t\u0103ng ng\u00e2n s\u00e1ch ch\u01a1i.<\/span><\/li>\n<li style=\"font-weight: 400;\" aria-level=\"1\"><span style=\"font-weight: 400;\">Gi\u1eef b\u00ecnh t\u0129nh, ch\u01a1i c\u00f3 ki\u1ec3m so\u00e1t v\u00e0 kh\u00f4ng \u0111\u1ec3 c\u1ea3m x\u00fac chi ph\u1ed1i.<\/span><\/li>\n<\/ul>\n<h2><b>So s\u00e1nh Live Casino v\u1edbi c\u00e1c h\u00ecnh th\u1ee9c c\u00e1 c\u01b0\u1ee3c kh\u00e1c<\/b><\/h2>\n<table>\n<tbody>\n<tr>\n<td><b>Ti\u00eau ch\u00ed<\/b><\/td>\n<td><b>Live Casino<\/b><\/td>\n<td><b>Casino Tr\u1ef1c Tuy\u1ebfn Th\u01b0\u1eddng<\/b><\/td>\n<td><b>C\u00e1 c\u01b0\u1ee3c th\u1ec3 thao<\/b><\/td>\n<\/tr>\n<tr>\n<td><span style=\"font-weight: 400;\">Tr\u1ea3i nghi\u1ec7m th\u1ef1c t\u1ebf<\/span><\/td>\n<td><span style=\"font-weight: 400;\">Cao, ch\u00e2n th\u1ef1c v\u00e0 s\u1ed1ng \u0111\u1ed9ng<\/span><\/td>\n<td><span style=\"font-weight: 400;\">Trung b\u00ecnh, \u00edt ch\u00e2n th\u1ef1c<\/span><\/td>\n<td><span style=\"font-weight: 400;\">Kh\u00f4ng ph\u00f9 h\u1ee3p v\u00ec \u00edt t\u01b0\u01a1ng t\u00e1c tr\u1ef1c ti\u1ebfp<\/span><\/td>\n<\/tr>\n<tr>\n<td><span style=\"font-weight: 400;\">\u0110\u1ed9 an to\u00e0n<\/span><\/td>\n<td><span style=\"font-weight: 400;\">Cao, c\u00f3 gi\u1ea5y ph\u00e9p v\u00e0 ki\u1ec3m tra<\/span><\/td>\n<td><span style=\"font-weight: 400;\">T\u00f9y theo nh\u00e0 cung c\u1ea5p<\/span><\/td>\n<td><span style=\"font-weight: 400;\">C\u1ea7n ch\u00fa \u00fd \u0111\u1ebfn \u0111\u1ed9 uy t\u00edn c\u1ee7a nh\u00e0 c\u00e1i<\/span><\/td>\n<\/tr>\n<tr>\n<td><span style=\"font-weight: 400;\">\u0110a d\u1ea1ng tr\u00f2 ch\u01a1i<\/span><\/td>\n<td><span style=\"font-weight: 400;\">R\u1ea5t phong ph\u00fa, \u0111a d\u1ea1ng<\/span><\/td>\n<td><span style=\"font-weight: 400;\">H\u1ea1n ch\u1ebf, ch\u1ee7 y\u1ebfu game \u0111i\u1ec7n t\u1eed<\/span><\/td>\n<td><span style=\"font-weight: 400;\">Ph\u1ee5 thu\u1ed9c v\u00e0o m\u00f4n th\u1ec3 thao v\u00e0 c\u00e1c l\u1ef1a ch\u1ecdn c\u00e1 c\u01b0\u1ee3c<\/span><\/td>\n<\/tr>\n<tr>\n<td><span style=\"font-weight: 400;\">Th\u1eddi gian ph\u1ea3n h\u1ed3i<\/span><\/td>\n<td><span style=\"font-weight: 400;\">Nhanh, tr\u1ef1c ti\u1ebfp<\/span><\/td>\n<td><span style=\"font-weight: 400;\">Ch\u1eadm h\u01a1n<\/span><\/td>\n<td><span style=\"font-weight: 400;\">Kh\u00f4ng li\u00ean quan, ch\u1ec9 c\u00e1 v\u00e0o k\u1ebft qu\u1ea3 th\u1ec3 thao<\/span><\/td>\n<\/tr>\n<tr>\n<td><span style=\"font-weight: 400;\">\u0110\u1ed9 ch\u00e2n th\u1ef1c<\/span><\/td>\n<td><span style=\"font-weight: 400;\">Cao, m\u00f4 ph\u1ecfng casino th\u1eadt<\/span><\/td>\n<td><span style=\"font-weight: 400;\">Th\u1ea5p, ch\u01a1i qua ph\u1ea7n m\u1ec1m<\/span><\/td>\n<td><span style=\"font-weight: 400;\">Kh\u00f4ng c\u00f3 y\u1ebfu t\u1ed1 ch\u00e2n th\u1ef1c<\/span><\/td>\n<\/tr>\n<\/tbody>\n<\/table>\n<p><b>T\u1ed5ng k\u1ebft<\/b><span style=\"font-weight: 400;\">: <\/span><b>Live Casino<\/b><span style=\"font-weight: 400;\"> l\u00e0 gi\u1ea3i ph\u00e1p l\u00fd t\u01b0\u1edfng cho nh\u1eefng ai \u0111am m\u00ea c\u1ea3m gi\u00e1c ch\u01a1i tr\u1ef1c ti\u1ebfp, k\u1ebft h\u1ee3p hai y\u1ebfu t\u1ed1 gi\u1ea3i tr\u00ed v\u00e0 c\u00e1 c\u01b0\u1ee3c an to\u00e0n, trung th\u1ef1c. M\u1eb7c d\u00f9 c\u00f2n m\u1ed9t s\u1ed1 h\u1ea1n ch\u1ebf v\u1ec1 c\u00f4ng ngh\u1ec7 v\u00e0 k\u1ebft n\u1ed1i, nh\u01b0ng v\u1edbi s\u1ef1 ph\u00e1t tri\u1ec3n kh\u00f4ng ng\u1eebng c\u1ee7a c\u00f4ng ngh\u1ec7, ng\u00e0y c\u00e0ng nhi\u1ec1u n\u1ec1n t\u1ea3ng uy t\u00edn mang l\u1ea1i tr\u1ea3i nghi\u1ec7m v\u01b0\u1ee3t mong \u0111\u1ee3i.<\/span><\/p>\n<h2><b>K\u1ebft lu\u1eadn<\/b><\/h2>\n<p><a href=\"https:\/\/d-factory.in.net\/index.php\/live-casino\"><b>Live Casino<\/b><\/a><span style=\"font-weight: 400;\"> 188BET th\u1ef1c s\u1ef1 \u0111\u00e3 l\u00e0m thay \u0111\u1ed5i c\u00e1ch ch\u00fang ta tr\u1ea3i nghi\u1ec7m c\u00e1 c\u01b0\u1ee3c tr\u1ef1c tuy\u1ebfn, mang \u0111\u1ebfn c\u1ea3m gi\u00e1c nh\u01b0 \u0111ang h\u00f2a m\u00ecnh v\u00e0o m\u1ed9t s\u00f2ng b\u1ea1c th\u1ef1c s\u1ef1. L\u1ef1a ch\u1ecdn m\u1ed9t n\u1ec1n t\u1ea3ng ph\u00f9 h\u1ee3p, hi\u1ec3u r\u00f5 c\u00e1c b\u01b0\u1edbc b\u1eaft \u0111\u1ea7u v\u00e0 lu\u00f4n gi\u1eef th\u00e1i \u0111\u1ed9 ch\u01a1i t\u1ec9nh t\u00e1o, s\u1ebd gi\u00fap b\u1ea1n t\u1eadn h\u01b0\u1edfng tr\u1ecdn v\u1eb9n ni\u1ec1m vui v\u00e0 c\u01a1 h\u1ed9i th\u1eafng l\u1edbn t\u1eeb c\u00e1c tr\u00f2 ch\u01a1i h\u1ea5p d\u1eabn n\u00e0y.<\/span><\/p>\n","protected":false},"excerpt":{"rendered":"<p>Trong th\u1eddi \u0111\u1ea1i s\u1ed1 h\u00f3a hi\u1ec7n nay, Live Casino 188BET \u0111\u00e3 tr\u1edf th\u00e0nh m\u1ed9t trong nh\u1eefng h\u00ecnh th\u1ee9c gi\u1ea3i tr\u00ed y\u00eau th\u00edch c\u1ee7a nhi\u1ec1u ng\u01b0\u1eddi ch\u01a1i \u0111am m\u00ea c\u00e1 c\u01b0\u1ee3c v\u00e0 tr\u00f2 ch\u01a1i tr\u1ef1c tuy\u1ebfn. Kh\u00f4ng gi\u1ed1ng nh\u01b0 c\u00e1c lo\u1ea1i casino truy\u1ec1n th\u1ed1ng hay game \u0111i\u1ec7n t\u1eed, n\u1ec1n t\u1ea3ng mang l\u1ea1i tr\u1ea3i nghi\u1ec7m ch\u00e2n th\u1ef1c, [&#8230;]\n","protected":false},"author":1,"featured_media":149,"parent":0,"menu_order":0,"comment_status":"closed","ping_status":"closed","template":"page-blank-title-center.php","meta":{"footnotes":""},"class_list":["post-147","page","type-page","status-publish","has-post-thumbnail","hentry"],"_links":{"self":[{"href":"https:\/\/d-factory.in.net\/index.php\/wp-json\/wp\/v2\/pages\/147","targetHints":{"allow":["GET"]}}],"collection":[{"href":"https:\/\/d-factory.in.net\/index.php\/wp-json\/wp\/v2\/pages"}],"about":[{"href":"https:\/\/d-factory.in.net\/index.php\/wp-json\/wp\/v2\/types\/page"}],"author":[{"embeddable":true,"href":"https:\/\/d-factory.in.net\/index.php\/wp-json\/wp\/v2\/users\/1"}],"replies":[{"embeddable":true,"href":"https:\/\/d-factory.in.net\/index.php\/wp-json\/wp\/v2\/comments?post=147"}],"version-history":[{"count":1,"href":"https:\/\/d-factory.in.net\/index.php\/wp-json\/wp\/v2\/pages\/147\/revisions"}],"predecessor-version":[{"id":152,"href":"https:\/\/d-factory.in.net\/index.php\/wp-json\/wp\/v2\/pages\/147\/revisions\/152"}],"wp:featuredmedia":[{"embeddable":true,"href":"https:\/\/d-factory.in.net\/index.php\/wp-json\/wp\/v2\/media\/149"}],"wp:attachment":[{"href":"https:\/\/d-factory.in.net\/index.php\/wp-json\/wp\/v2\/media?parent=147"}],"curies":[{"name":"wp","href":"https:\/\/api.w.org\/{rel}","templated":true}]}}