{"id":140,"date":"2025-11-10T14:27:41","date_gmt":"2025-11-10T14:27:41","guid":{"rendered":"https:\/\/d-factory.in.net\/?page_id=140"},"modified":"2025-11-10T14:27:41","modified_gmt":"2025-11-10T14:27:41","slug":"cuoc-the-thao","status":"publish","type":"page","link":"https:\/\/d-factory.in.net\/index.php\/cuoc-the-thao\/","title":{"rendered":"M\u1eb9o C\u01b0\u1ee3c Th\u1ec3 Thao: B\u00ed Quy\u1ebft \u0110\u01b0a Ng\u01b0\u1eddi Ch\u01a1i \u0110\u1ebfn Th\u00e0nh C\u00f4ng"},"content":{"rendered":"<p><span style=\"font-weight: 400;\">Trong th\u1ebf gi\u1edbi c\u00e1 c\u01b0\u1ee3c th\u1ec3 thao <a href=\"https:\/\/d-factory.in.net\/\"><strong>188BET<\/strong><\/a>, M\u1eb9o c\u01b0\u1ee3c \u0111\u00f3ng vai tr\u00f2 c\u1ef1c k\u1ef3 quan tr\u1ecdng \u0111\u1ec3 gi\u00fap ng\u01b0\u1eddi ch\u01a1i n\u00e2ng cao kh\u1ea3 n\u0103ng chi\u1ebfn th\u1eafng v\u00e0 t\u1ed1i \u01b0u h\u00f3a l\u1ee3i nhu\u1eadn. Nh\u1eefng m\u1eb9o n\u00e0y kh\u00f4ng ch\u1ec9 d\u1ef1a tr\u00ean may r\u1ee7i m\u00e0 c\u00f2n d\u1ef1a tr\u00ean ki\u1ebfn th\u1ee9c, ph\u00e2n t\u00edch v\u00e0 chi\u1ebfn l\u01b0\u1ee3c h\u1ee3p l\u00fd.\u00a0<\/span><\/p>\n<h2><b>Hi\u1ec3u R\u00f5 v\u1ec1 Th\u1ecb Tr\u01b0\u1eddng C\u01b0\u1ee3c Th\u1ec3 Thao<\/b><\/h2>\n<p><span style=\"font-weight: 400;\">M\u1ed9t trong nh\u1eefng y\u1ebfu t\u1ed1 quan tr\u1ecdng khi b\u1eaft \u0111\u1ea7u b\u1ea5t k\u1ef3 ho\u1ea1t \u0111\u1ed9ng c\u00e1 c\u01b0\u1ee3c n\u00e0o ch\u00ednh l\u00e0 hi\u1ec3u r\u00f5 th\u1ecb tr\u01b0\u1eddng. \u0110i\u1ec1u n\u00e0y gi\u00fap b\u1ea1n c\u00f3 c\u00e1i nh\u00ecn t\u1ed5ng quan v\u1ec1 c\u00e1ch th\u1ee9c ho\u1ea1t \u0111\u1ed9ng, c\u00e1c lo\u1ea1i k\u00e8o, c\u00e1c y\u1ebfu t\u1ed1 \u1ea3nh h\u01b0\u1edfng \u0111\u1ebfn k\u1ebft qu\u1ea3 v\u00e0 c\u00e1c chi\u1ebfn thu\u1eadt ph\u00f9 h\u1ee3p.<\/span><\/p>\n<figure id=\"attachment_142\" aria-describedby=\"caption-attachment-142\" style=\"width: 800px\" class=\"wp-caption aligncenter\"><img loading=\"lazy\" decoding=\"async\" class=\"size-full wp-image-142\" src=\"https:\/\/d-factory.in.net\/wp-content\/uploads\/2025\/11\/cuoc-the-thao-2.jpg\" alt=\"Hi\u1ec3u R\u00f5 v\u1ec1 Th\u1ecb Tr\u01b0\u1eddng C\u01b0\u1ee3c Th\u1ec3 Thao\" width=\"800\" height=\"400\" srcset=\"https:\/\/d-factory.in.net\/wp-content\/uploads\/2025\/11\/cuoc-the-thao-2.jpg 800w, https:\/\/d-factory.in.net\/wp-content\/uploads\/2025\/11\/cuoc-the-thao-2-300x150.jpg 300w, https:\/\/d-factory.in.net\/wp-content\/uploads\/2025\/11\/cuoc-the-thao-2-768x384.jpg 768w\" sizes=\"auto, (max-width: 800px) 100vw, 800px\" \/><figcaption id=\"caption-attachment-142\" class=\"wp-caption-text\">Hi\u1ec3u R\u00f5 v\u1ec1 Th\u1ecb Tr\u01b0\u1eddng C\u01b0\u1ee3c Th\u1ec3 Thao<\/figcaption><\/figure>\n<h3><b>Th\u1ecb Tr\u01b0\u1eddng C\u01b0\u1ee3c Th\u1ec3 Thao L\u00e0 G\u00ec?<\/b><\/h3>\n<p><span style=\"font-weight: 400;\">Th\u1ecb tr\u01b0\u1eddng c\u01b0\u1ee3c th\u1ec3 thao l\u00e0 n\u01a1i c\u00e1c ng\u01b0\u1eddi ch\u01a1i c\u00f3 th\u1ec3 \u0111\u1eb7t c\u01b0\u1ee3c v\u00e0o k\u1ebft qu\u1ea3 c\u1ee7a c\u00e1c tr\u1eadn \u0111\u1ea5u th\u1ec3 thao nh\u01b0 b\u00f3ng \u0111\u00e1, b\u00f3ng r\u1ed5, qu\u1ea7n v\u1ee3t, v\u00e0 nhi\u1ec1u m\u00f4n th\u1ec3 thao kh\u00e1c. M\u1ed7i m\u00f4n th\u1ec3 thao \u0111\u1ec1u c\u00f3 c\u00e1c lo\u1ea1i k\u00e8o kh\u00e1c nhau nh\u01b0 k\u00e8o ch\u00e2u \u00c1, k\u00e8o ch\u00e2u \u00c2u, k\u00e8o T\u00e0i\/X\u1ec9u&#8230; gi\u00fap \u0111a d\u1ea1ng l\u1ef1a ch\u1ecdn cho ng\u01b0\u1eddi ch\u01a1i d\u1ef1a tr\u00ean ph\u00e2n t\u00edch v\u00e0 d\u1ef1 \u0111o\u00e1n c\u1ee7a ri\u00eang m\u00ecnh.<\/span><\/p>\n<h3><b>C\u00e1c Lo\u1ea1i Th\u1ecb Tr\u01b0\u1eddng Ph\u1ed5 Bi\u1ebfn<\/b><\/h3>\n<p><span style=\"font-weight: 400;\">M\u1eb9o c\u01b0\u1ee3c th\u1ec3 thao \u0111\u1ec3 th\u00e0nh c\u00f4ng kh\u00f4ng th\u1ec3 b\u1ecf qua vi\u1ec7c n\u1eafm b\u1eaft r\u00f5 c\u00e1c lo\u1ea1i th\u1ecb tr\u01b0\u1eddng ph\u1ed5 bi\u1ebfn n\u00e0y. C\u00e1c lo\u1ea1i th\u1ecb tr\u01b0\u1eddng ch\u00ednh bao g\u1ed3m k\u00e8o ch\u1ea5p (handicap), k\u00e8o ch\u00e2u \u00c2u (1X2), k\u00e8o t\u00e0i x\u1ec9u (over\/under), k\u00e8o ph\u1ea1t g\u00f3c, th\u1ebb ph\u1ea1t, v\u00e0 nhi\u1ec1u h\u01a1n n\u1eefa. Hi\u1ec3u r\u00f5 \u0111\u1eb7c \u0111i\u1ec3m t\u1eebng lo\u1ea1i gi\u00fap ng\u01b0\u1eddi ch\u01a1i c\u00f3 th\u1ec3 \u0111\u01b0a ra l\u1ef1a ch\u1ecdn \u0111\u00fang \u0111\u1eafn d\u1ef1a tr\u00ean ph\u00e2n t\u00edch kh\u00e1ch quan.<\/span><\/p>\n<h2><b>Chi\u1ebfn Thu\u1eadt v\u00e0 B\u00ed Quy\u1ebft C\u01b0\u1ee3c Th\u1ec3 Thao Hi\u1ec7u Qu\u1ea3<\/b><\/h2>\n<figure id=\"attachment_143\" aria-describedby=\"caption-attachment-143\" style=\"width: 800px\" class=\"wp-caption aligncenter\"><img loading=\"lazy\" decoding=\"async\" class=\"size-full wp-image-143\" src=\"https:\/\/d-factory.in.net\/wp-content\/uploads\/2025\/11\/cuoc-the-thao-3.jpg\" alt=\"Chi\u1ebfn Thu\u1eadt v\u00e0 B\u00ed Quy\u1ebft\" width=\"800\" height=\"400\" srcset=\"https:\/\/d-factory.in.net\/wp-content\/uploads\/2025\/11\/cuoc-the-thao-3.jpg 800w, https:\/\/d-factory.in.net\/wp-content\/uploads\/2025\/11\/cuoc-the-thao-3-300x150.jpg 300w, https:\/\/d-factory.in.net\/wp-content\/uploads\/2025\/11\/cuoc-the-thao-3-768x384.jpg 768w\" sizes=\"auto, (max-width: 800px) 100vw, 800px\" \/><figcaption id=\"caption-attachment-143\" class=\"wp-caption-text\">Chi\u1ebfn Thu\u1eadt v\u00e0 B\u00ed Quy\u1ebft<\/figcaption><\/figure>\n<p><span style=\"font-weight: 400;\">\u0110\u1ec3 n\u00e2ng cao c\u01a1 h\u1ed9i chi\u1ebfn th\u1eafng, ng\u01b0\u1eddi ch\u01a1i c\u1ea7n \u00e1p d\u1ee5ng c\u00e1c m\u1eb9o c\u01b0\u1ee3c th\u1ec3 thao \u0111\u00e3 \u0111\u01b0\u1ee3c ki\u1ec3m ch\u1ee9ng qua th\u1eddi gian. \u0110i\u1ec1u n\u00e0y bao g\u1ed3m c\u00e1c chi\u1ebfn l\u01b0\u1ee3c chu\u1ea9n b\u1ecb, c\u00e1ch \u0111\u1ecdc t\u1ef7 l\u1ec7 c\u01b0\u1ee3c, c\u00e1ch qu\u1ea3n l\u00fd v\u1ed1n v\u00e0 tinh th\u1ea7n ch\u01a1i h\u1ee3p l\u00fd.<\/span><\/p>\n<h3><b>Qu\u1ea3n L\u00fd V\u1ed1n v\u00e0 X\u00e2y D\u1ef1ng Ng\u00e2n S\u00e1ch<\/b><\/h3>\n<p><span style=\"font-weight: 400;\">M\u1ed9t trong nh\u1eefng y\u1ebfu t\u1ed1 quy\u1ebft \u0111\u1ecbnh th\u00e0nh c\u00f4ng l\u00e2u d\u00e0i trong c\u00e1 c\u01b0\u1ee3c th\u1ec3 thao ch\u00ednh l\u00e0 qu\u1ea3n l\u00fd t\u00e0i ch\u00ednh ch\u1eb7t ch\u1ebd. Ng\u01b0\u1eddi ch\u01a1i n\u00ean x\u00e1c \u0111\u1ecbnh r\u00f5 ng\u00e2n s\u00e1ch cho m\u1ed7i tr\u1eadn \u0111\u1ea5u v\u00e0 kh\u00f4ng \u0111\u1eb7t c\u01b0\u1ee3c qu\u00e1 l\u1edbn so v\u1edbi kh\u1ea3 n\u0103ng. D\u1ef1 ph\u00f2ng c\u00e1c r\u1ee7i ro, gi\u1eef t\u00e2m l\u00fd b\u00ecnh t\u0129nh, kh\u00f4ng \u0111\u1ec3 c\u1ea3m x\u00fac chi ph\u1ed1i quy\u1ebft \u0111\u1ecbnh.<\/span><\/p>\n<h3><b>Ph\u00e2n T\u00edch v\u00e0 D\u1ef1 \u0110o\u00e1n Ch\u00ednh X\u00e1c<\/b><\/h3>\n<p><span style=\"font-weight: 400;\">M\u1eb9o c\u01b0\u1ee3c th\u1ec3 thao th\u00e0nh c\u00f4ng d\u1ef1a tr\u00ean vi\u1ec7c ph\u00e2n t\u00edch d\u1eef li\u1ec7u th\u1ec3 thao, phong \u0111\u1ed9 \u0111\u1ed9i b\u00f3ng, l\u1ecbch s\u1eed \u0111\u1ed1i \u0111\u1ea7u, tin t\u1ee9c ch\u1ea5n th\u01b0\u01a1ng v\u00e0 c\u00e1c y\u1ebfu t\u1ed1 kh\u00e1c nh\u01b0 th\u1eddi ti\u1ebft, s\u00e2n b\u00e3i. Ng\u01b0\u1eddi ch\u01a1i c\u1ea7n c\u1eadp nh\u1eadt th\u00f4ng tin li\u00ean t\u1ee5c \u0111\u1ec3 \u0111\u01b0a ra d\u1ef1 \u0111o\u00e1n h\u1ee3p l\u00fd, tr\u00e1nh \u0111\u1eb7t c\u01b0\u1ee3c d\u1ef1a tr\u00ean c\u1ea3m t\u00ednh ho\u1eb7c tin \u0111\u1ed3n kh\u00f4ng x\u00e1c th\u1ef1c.<\/span><\/p>\n<h2><b>S\u1eed D\u1ee5ng C\u00f4ng C\u1ee5 v\u00e0 \u1ee8ng D\u1ee5ng H\u1ed7 Tr\u1ee3 C\u01b0\u1ee3c Th\u1ec3 Thao<\/b><\/h2>\n<figure id=\"attachment_144\" aria-describedby=\"caption-attachment-144\" style=\"width: 800px\" class=\"wp-caption aligncenter\"><img loading=\"lazy\" decoding=\"async\" class=\"size-full wp-image-144\" src=\"https:\/\/d-factory.in.net\/wp-content\/uploads\/2025\/11\/cuoc-the-thao-4.jpg\" alt=\"S\u1eed D\u1ee5ng C\u00f4ng C\u1ee5 v\u00e0 \u1ee8ng D\u1ee5ng H\u1ed7 Tr\u1ee3\" width=\"800\" height=\"400\" srcset=\"https:\/\/d-factory.in.net\/wp-content\/uploads\/2025\/11\/cuoc-the-thao-4.jpg 800w, https:\/\/d-factory.in.net\/wp-content\/uploads\/2025\/11\/cuoc-the-thao-4-300x150.jpg 300w, https:\/\/d-factory.in.net\/wp-content\/uploads\/2025\/11\/cuoc-the-thao-4-768x384.jpg 768w\" sizes=\"auto, (max-width: 800px) 100vw, 800px\" \/><figcaption id=\"caption-attachment-144\" class=\"wp-caption-text\">S\u1eed D\u1ee5ng C\u00f4ng C\u1ee5 v\u00e0 \u1ee8ng D\u1ee5ng H\u1ed7 Tr\u1ee3<\/figcaption><\/figure>\n<p><span style=\"font-weight: 400;\">Trong th\u1eddi \u0111\u1ea1i c\u00f4ng ngh\u1ec7, c\u00f3 nhi\u1ec1u c\u00f4ng c\u1ee5 h\u1ed7 tr\u1ee3 gi\u00fap ng\u01b0\u1eddi ch\u01a1i \u0111\u1eb7t c\u01b0\u1ee3c th\u00f4ng minh h\u01a1n. C\u00e1c website, ph\u1ea7n m\u1ec1m ph\u00e2n t\u00edch, d\u1ef1 \u0111o\u00e1n k\u1ebft qu\u1ea3 v\u00e0 theo d\u00f5i t\u1ef7 l\u1ec7 c\u01b0\u1ee3c lu\u00f4n s\u1eb5n s\u00e0ng \u0111\u1ed3ng h\u00e0nh c\u00f9ng b\u1ea1n.<\/span><\/p>\n<h3><b>C\u00e1c \u1ee8ng D\u1ee5ng Ph\u00e2n T\u00edch v\u00e0 D\u1ef1 \u0110o\u00e1n<\/b><\/h3>\n<p><span style=\"font-weight: 400;\">Nhi\u1ec1u n\u1ec1n t\u1ea3ng cung c\u1ea5p c\u00e1c c\u00f4ng c\u1ee5 d\u1ef1 \u0111o\u00e1n v\u00e0 ph\u00e2n t\u00edch d\u1ef1a tr\u00ean d\u1eef li\u1ec7u th\u1ef1c t\u1ebf, gi\u00fap ng\u01b0\u1eddi ch\u01a1i c\u00f3 th\u1ec3 \u0111\u01b0a ra quy\u1ebft \u0111\u1ecbnh nhanh ch\u00f3ng v\u00e0 ch\u00ednh x\u00e1c h\u01a1n. \u0110\u1eb7c bi\u1ec7t, c\u00e1c \u1ee9ng d\u1ee5ng n\u00e0y c\u00f2n cung c\u1ea5p d\u1ef1 b\u00e1o t\u1ef7 l\u1ec7 c\u01b0\u1ee3c, l\u1ecbch s\u1eed tr\u1eadn \u0111\u1ea5u, phong \u0111\u1ed9 c\u00e1c \u0111\u1ed9i v\u00e0 c\u00e1c d\u1eef li\u1ec7u quan tr\u1ecdng kh\u00e1c.<\/span><\/p>\n<h3><b>L\u1ee3i \u00cdch c\u1ee7a Vi\u1ec7c S\u1eed d\u1ee5ng C\u00f4ng C\u1ee5<\/b><\/h3>\n<p><span style=\"font-weight: 400;\">Vi\u1ec7c t\u1eadn d\u1ee5ng c\u00e1c c\u00f4ng c\u1ee5 h\u1ed7 tr\u1ee3 gi\u00fap gi\u1ea3m thi\u1ec3u r\u1ee7i ro, t\u0103ng kh\u1ea3 n\u0103ng chi\u1ebfn th\u1eafng, \u0111\u1ed3ng th\u1eddi gi\u00fap b\u1ea1n c\u1eadp nh\u1eadt th\u00f4ng tin k\u1ecbp th\u1eddi \u0111\u1ec3 \u0111i\u1ec1u ch\u1ec9nh chi\u1ebfn l\u01b0\u1ee3c c\u01b0\u1ee3c c\u1ee7a m\u00ecnh. \u0110\u1ed3ng th\u1eddi, c\u00e1c c\u00f4ng c\u1ee5 n\u00e0y c\u00f2n gi\u00fap b\u1ea1n qu\u1ea3n l\u00fd t\u1ed1t ng\u00e2n s\u00e1ch c\u00e1 c\u01b0\u1ee3c v\u00e0 theo d\u00f5i k\u1ebft qu\u1ea3 theo th\u1eddi gian.<\/span><\/p>\n<h2><b>C\u00e1c L\u1ef1a Ch\u1ecdn N\u1ec1n T\u1ea3ng C\u01b0\u1ee3c Th\u1ec3 Thao Ph\u00f9 H\u1ee3p<\/b><\/h2>\n<p><span style=\"font-weight: 400;\">Ch\u1ecdn \u0111\u00fang n\u1ec1n t\u1ea3ng c\u01b0\u1ee3c th\u1ec3 thao l\u00e0 y\u1ebfu t\u1ed1 quy\u1ebft \u0111\u1ecbnh \u0111\u1ebfn th\u00e0nh c\u00f4ng c\u1ee7a b\u1ea1n. M\u1ed9t n\u1ec1n t\u1ea3ng uy t\u00edn, \u0111\u00e1ng tin c\u1eady s\u1ebd gi\u00fap b\u1ea1n an t\u00e2m v\u00e0 c\u00f3 nhi\u1ec1u c\u01a1 h\u1ed9i chi\u1ebfn th\u1eafng h\u01a1n.<\/span><\/p>\n<ul>\n<li style=\"font-weight: 400;\" aria-level=\"1\"><b>188Bet:<\/b><span style=\"font-weight: 400;\"> \u01afu \u0111i\u1ec3m v\u1ec1 t\u1ef7 l\u1ec7 c\u01b0\u1ee3c cao, c\u00e1c ch\u01b0\u01a1ng tr\u00ecnh khuy\u1ebfn m\u00e3i h\u1ea5p d\u1eabn v\u00e0 d\u1ecbch v\u1ee5 mobile ti\u1ec7n l\u1ee3i cho ng\u01b0\u1eddi ch\u01a1i di \u0111\u1ed9ng.<\/span><\/li>\n<li style=\"font-weight: 400;\" aria-level=\"1\"><b>Bet365:<\/b><span style=\"font-weight: 400;\"> \u0110\u01b0\u1ee3c \u0111\u00e1nh gi\u00e1 cao b\u1edfi \u0111a d\u1ea1ng s\u1ea3n ph\u1ea9m, t\u1ef7 l\u1ec7 c\u01b0\u1ee3c h\u1ea5p d\u1eabn, giao di\u1ec7n th\u00e2n thi\u1ec7n v\u00e0 d\u1ecbch v\u1ee5 kh\u00e1ch h\u00e0ng chuy\u00ean nghi\u1ec7p. Th\u00edch h\u1ee3p cho ng\u01b0\u1eddi ch\u01a1i m\u1edbi v\u00e0 c\u1ea3 cao th\u1ee7.<\/span><\/li>\n<li style=\"font-weight: 400;\" aria-level=\"1\"><b>W88:<\/b><span style=\"font-weight: 400;\"> N\u1ed5i b\u1eadt v\u1edbi t\u1ef7 l\u1ec7 c\u01b0\u1ee3c c\u1ea1nh tranh, h\u01a1n n\u1eefa c\u00f2n t\u00edch h\u1ee3p nhi\u1ec1u th\u1ec3 thao kh\u00e1c nhau, ph\u00f9 h\u1ee3p v\u1edbi nh\u1eefng ng\u01b0\u1eddi th\u00edch \u0111a d\u1ea1ng l\u1ef1a ch\u1ecdn. H\u1ed7 tr\u1ee3 ti\u1ebfng Vi\u1ec7t v\u00e0 nhi\u1ec1u ph\u01b0\u01a1ng th\u1ee9c thanh to\u00e1n.<\/span><\/li>\n<li style=\"font-weight: 400;\" aria-level=\"1\"><b>Sbobet:<\/b><span style=\"font-weight: 400;\"> C\u00f3 tr\u1ee5 s\u1edf qu\u1ed1c t\u1ebf, uy t\u00edn l\u00e2u n\u0103m trong ng\u00e0nh, cung c\u1ea5p c\u00e1c k\u00e8o ch\u00e2u \u00c1, ch\u00e2u \u00c2u \u0111a d\u1ea1ng, c\u00f9ng d\u1ecbch v\u1ee5 kh\u00e1ch h\u00e0ng t\u1eadn t\u00ecnh.<\/span><\/li>\n<li style=\"font-weight: 400;\" aria-level=\"1\"><b>M88:<\/b><span style=\"font-weight: 400;\"> Giao di\u1ec7n d\u1ec5 s\u1eed d\u1ee5ng, t\u1ed1c \u0111\u1ed9 x\u1eed l\u00fd nhanh, ph\u00f9 h\u1ee3p cho game th\u1ee7 Vi\u1ec7t Nam, t\u00edch h\u1ee3p nhi\u1ec1u ch\u01b0\u01a1ng tr\u00ecnh khuy\u1ebfn m\u00e3i h\u1ea5p d\u1eabn.<\/span><\/li>\n<\/ul>\n<p><b>K\u1ebft lu\u1eadn chung:<\/b><span style=\"font-weight: 400;\"> M\u1ed7i n\u1ec1n t\u1ea3ng c\u00f3 \u0111i\u1ec3m m\u1ea1nh ri\u00eang ph\u00f9 h\u1ee3p v\u1edbi t\u1eebng nh\u00f3m ng\u01b0\u1eddi d\u00f9ng, v\u00ec v\u1eady ng\u01b0\u1eddi ch\u01a1i c\u1ea7n l\u1ef1a ch\u1ecdn d\u1ef1a tr\u00ean nhu c\u1ea7u c\u00e1 nh\u00e2n, ng\u00e2n s\u00e1ch v\u00e0 mong mu\u1ed1n v\u1ec1 tr\u1ea3i nghi\u1ec7m c\u01b0\u1ee3c th\u1ec3 thao.<\/span><\/p>\n<h2><b>T\u1ed5ng k\u1ebft<\/b><\/h2>\n<p>M\u1eb9o <b><a href=\"https:\/\/d-factory.in.net\/index.php\/cuoc-the-thao\">c\u01b0\u1ee3c th\u1ec3 thao<\/a><\/b><span style=\"font-weight: 400;\"> \u0111\u00f3ng vai tr\u00f2 c\u1ef1c k\u1ef3 quan tr\u1ecdng trong vi\u1ec7c gi\u00fap b\u1ea1n n\u00e2ng cao kh\u1ea3 n\u0103ng chi\u1ebfn th\u1eafng v\u00e0 t\u1ed1i \u01b0u h\u00f3a l\u1ee3i nhu\u1eadn. T\u1eeb vi\u1ec7c hi\u1ec3u r\u00f5 th\u1ecb tr\u01b0\u1eddng, \u00e1p d\u1ee5ng chi\u1ebfn thu\u1eadt ph\u00f9 h\u1ee3p, s\u1eed d\u1ee5ng c\u00f4ng c\u1ee5 h\u1ed7 tr\u1ee3 cho \u0111\u1ebfn l\u1ef1a ch\u1ecdn n\u1ec1n t\u1ea3ng uy t\u00edn, t\u1ea5t c\u1ea3 \u0111\u1ec1u g\u00f3p ph\u1ea7n t\u1ea1o n\u00ean th\u00e0nh c\u00f4ng trong h\u00e0nh tr\u00ecnh c\u01b0\u1ee3c th\u1ec3 thao c\u1ee7a b\u1ea1n. H\u00e3y lu\u00f4n gi\u1eef v\u1eefng tinh th\u1ea7n, qu\u1ea3n l\u00fd t\u1ed1t ng\u00e2n s\u00e1ch v\u00e0 kh\u00f4ng ng\u1eebng h\u1ecdc h\u1ecfi \u0111\u1ec3 \u0111\u1ea1t \u0111\u01b0\u1ee3c m\u1ee5c ti\u00eau c\u1ee7a m\u00ecnh trong th\u1ebf gi\u1edbi c\u00e1 c\u01b0\u1ee3c \u0111\u1ea7y th\u1eed th\u00e1ch n\u00e0y. Ch\u00fac b\u1ea1n may m\u1eafn v\u00e0 th\u00e0nh c\u00f4ng!<\/span><\/p>\n","protected":false},"excerpt":{"rendered":"<p>Trong th\u1ebf gi\u1edbi c\u00e1 c\u01b0\u1ee3c th\u1ec3 thao 188BET, M\u1eb9o c\u01b0\u1ee3c \u0111\u00f3ng vai tr\u00f2 c\u1ef1c k\u1ef3 quan tr\u1ecdng \u0111\u1ec3 gi\u00fap ng\u01b0\u1eddi ch\u01a1i n\u00e2ng cao kh\u1ea3 n\u0103ng chi\u1ebfn th\u1eafng v\u00e0 t\u1ed1i \u01b0u h\u00f3a l\u1ee3i nhu\u1eadn. Nh\u1eefng m\u1eb9o n\u00e0y kh\u00f4ng ch\u1ec9 d\u1ef1a tr\u00ean may r\u1ee7i m\u00e0 c\u00f2n d\u1ef1a tr\u00ean ki\u1ebfn th\u1ee9c, ph\u00e2n t\u00edch v\u00e0 chi\u1ebfn l\u01b0\u1ee3c h\u1ee3p l\u00fd.\u00a0 [&#8230;]\n","protected":false},"author":1,"featured_media":141,"parent":0,"menu_order":0,"comment_status":"closed","ping_status":"closed","template":"page-blank-title-center.php","meta":{"footnotes":""},"class_list":["post-140","page","type-page","status-publish","has-post-thumbnail","hentry"],"_links":{"self":[{"href":"https:\/\/d-factory.in.net\/index.php\/wp-json\/wp\/v2\/pages\/140","targetHints":{"allow":["GET"]}}],"collection":[{"href":"https:\/\/d-factory.in.net\/index.php\/wp-json\/wp\/v2\/pages"}],"about":[{"href":"https:\/\/d-factory.in.net\/index.php\/wp-json\/wp\/v2\/types\/page"}],"author":[{"embeddable":true,"href":"https:\/\/d-factory.in.net\/index.php\/wp-json\/wp\/v2\/users\/1"}],"replies":[{"embeddable":true,"href":"https:\/\/d-factory.in.net\/index.php\/wp-json\/wp\/v2\/comments?post=140"}],"version-history":[{"count":2,"href":"https:\/\/d-factory.in.net\/index.php\/wp-json\/wp\/v2\/pages\/140\/revisions"}],"predecessor-version":[{"id":146,"href":"https:\/\/d-factory.in.net\/index.php\/wp-json\/wp\/v2\/pages\/140\/revisions\/146"}],"wp:featuredmedia":[{"embeddable":true,"href":"https:\/\/d-factory.in.net\/index.php\/wp-json\/wp\/v2\/media\/141"}],"wp:attachment":[{"href":"https:\/\/d-factory.in.net\/index.php\/wp-json\/wp\/v2\/media?parent=140"}],"curies":[{"name":"wp","href":"https:\/\/api.w.org\/{rel}","templated":true}]}}