{"id":133,"date":"2025-11-10T14:25:40","date_gmt":"2025-11-10T14:25:40","guid":{"rendered":"https:\/\/d-factory.in.net\/?page_id=133"},"modified":"2025-11-10T14:25:40","modified_gmt":"2025-11-10T14:25:40","slug":"khuyen-mai","status":"publish","type":"page","link":"https:\/\/d-factory.in.net\/index.php\/khuyen-mai\/","title":{"rendered":"Khuy\u1ebfn M\u00e3i 188BET: C\u01a1 H\u1ed9i V\u00e0ng \u0110\u1ec3 Ch\u01a1i Game V\u00e0 \u0110\u1eb7t C\u01b0\u1ee3c"},"content":{"rendered":"<p><span style=\"font-weight: 400;\">Trong l\u0129nh v\u1ef1c c\u00e1 c\u01b0\u1ee3c th\u1ec3 thao, casino tr\u1ef1c tuy\u1ebfn v\u00e0 c\u00e1c tr\u00f2 ch\u01a1i gi\u1ea3i tr\u00ed, <\/span>Khuy\u1ebfn m\u00e3i <span style=\"font-weight: 400;\">lu\u00f4n l\u00e0 ch\u1ee7 \u0111\u1ec1 \u0111\u01b0\u1ee3c nhi\u1ec1u ng\u01b0\u1eddi quan t\u00e2m v\u00e0 s\u0103n \u0111\u00f3n. Nh\u1eafc \u0111\u1ebfn <a href=\"https:\/\/d-factory.in.net\/\"><strong>188BET<\/strong><\/a>, ng\u01b0\u1eddi ch\u01a1i kh\u00f4ng ch\u1ec9 ch\u00fa tr\u1ecdng v\u00e0o c\u00e1c d\u1ecbch v\u1ee5 ch\u1ea5t l\u01b0\u1ee3ng m\u00e0 c\u00f2n \u0111\u1eb7c bi\u1ec7t quan t\u00e2m \u0111\u1ebfn c\u00e1c ch\u01b0\u01a1ng tr\u00ecnh h\u1ea5p d\u1eabn t\u1eeb nh\u00e0 c\u00e1i n\u00e0y.\u00a0<\/span><\/p>\n<h2><b>Gi\u1edbi thi\u1ec7u chung v\u1ec1 Khuy\u1ebfn m\u00e3i 188BET<\/b><\/h2>\n<figure id=\"attachment_135\" aria-describedby=\"caption-attachment-135\" style=\"width: 800px\" class=\"wp-caption aligncenter\"><img loading=\"lazy\" decoding=\"async\" class=\"size-full wp-image-135\" src=\"https:\/\/d-factory.in.net\/wp-content\/uploads\/2025\/11\/khuyen-mai-2.jpg\" alt=\"Gi\u1edbi thi\u1ec7u chung v\u1ec1 Khuy\u1ebfn m\u00e3i 188BET\" width=\"800\" height=\"400\" srcset=\"https:\/\/d-factory.in.net\/wp-content\/uploads\/2025\/11\/khuyen-mai-2.jpg 800w, https:\/\/d-factory.in.net\/wp-content\/uploads\/2025\/11\/khuyen-mai-2-300x150.jpg 300w, https:\/\/d-factory.in.net\/wp-content\/uploads\/2025\/11\/khuyen-mai-2-768x384.jpg 768w\" sizes=\"auto, (max-width: 800px) 100vw, 800px\" \/><figcaption id=\"caption-attachment-135\" class=\"wp-caption-text\">Gi\u1edbi thi\u1ec7u chung v\u1ec1 Khuy\u1ebfn m\u00e3i 188BET<\/figcaption><\/figure>\n<p><b>Khuy\u1ebfn m\u00e3i 188BET<\/b><span style=\"font-weight: 400;\"> l\u00e0 c\u00e1c ch\u01b0\u01a1ng tr\u00ecnh \u01b0u \u0111\u00e3i, qu\u00e0 t\u1eb7ng ho\u1eb7c gi\u1ea3m gi\u00e1 \u0111\u01b0\u1ee3c nh\u00e0 c\u00e1i tung ra nh\u1eb1m thu h\u00fat, gi\u1eef ch\u00e2n ng\u01b0\u1eddi ch\u01a1i m\u1edbi c\u0169ng nh\u01b0 kh\u00e1ch h\u00e0ng trung th\u00e0nh. C\u00e1c ch\u01b0\u01a1ng tr\u00ecnh n\u00e0y kh\u00f4ng nh\u1eefng gi\u00fap ng\u01b0\u1eddi ch\u01a1i c\u00f3 th\u00eam c\u01a1 h\u1ed9i th\u1eafng l\u1edbn m\u00e0 c\u00f2n gi\u1ea3m thi\u1ec3u r\u1ee7i ro trong qu\u00e1 tr\u00ecnh \u0111\u1eb7t c\u01b0\u1ee3c.<\/span><\/p>\n<p><span style=\"font-weight: 400;\">C\u00e1c ch\u01b0\u01a1ng tr\u00ecnh n\u00e0y th\u01b0\u1eddng xuy\u00ean \u0111\u01b0\u1ee3c c\u1eadp nh\u1eadt v\u00e0 \u0111a d\u1ea1ng, ph\u00f9 h\u1ee3p v\u1edbi t\u1eebng \u0111\u1ed1i t\u01b0\u1ee3ng kh\u00e1ch h\u00e0ng. T\u1eeb c\u00e1c \u01b0u \u0111\u00e3i ch\u00e0o m\u1eebng d\u00e0nh cho ng\u01b0\u1eddi ch\u01a1i m\u1edbi, th\u01b0\u1edfng n\u1ea1p ti\u1ec1n, ho\u00e0n tr\u1ea3 c\u01b0\u1ee3c thua, \u0111\u1ebfn c\u00e1c gi\u1ea3i \u0111\u1ea5u \u0111\u1eb7c bi\u1ec7t, t\u1ea5t c\u1ea3 \u0111\u1ec1u h\u01b0\u1edbng t\u1edbi m\u1ee5c ti\u00eau n\u00e2ng cao tr\u1ea3i nghi\u1ec7m c\u00e1 c\u01b0\u1ee3c c\u1ee7a kh\u00e1ch h\u00e0ng.<\/span><\/p>\n<h2><b>C\u00e1c lo\u1ea1i khuy\u1ebfn m\u00e3i n\u1ed5i b\u1eadt c\u1ee7a 188BET<\/b><\/h2>\n<p><span style=\"font-weight: 400;\">\u0110\u1ec3 c\u00f3 c\u00e1i nh\u00ecn r\u00f5 h\u01a1n v\u1ec1 <\/span><b>khuy\u1ebfn m\u00e3i 188BET<\/b><span style=\"font-weight: 400;\">, b\u1ea1n c\u1ea7n hi\u1ec3u r\u00f5 c\u00e1c lo\u1ea1i \u01b0u \u0111\u00e3i ph\u1ed5 bi\u1ebfn nh\u00e0 c\u00e1i n\u00e0y cung c\u1ea5p. D\u01b0\u1edbi \u0111\u00e2y l\u00e0 c\u00e1c lo\u1ea1i ch\u00ednh, th\u01b0\u1eddng xuy\u00ean xu\u1ea5t hi\u1ec7n v\u00e0 \u0111\u01b0\u1ee3c \u0111\u00e1nh gi\u00e1 cao t\u1eeb c\u1ed9ng \u0111\u1ed3ng ng\u01b0\u1eddi ch\u01a1i.<\/span><\/p>\n<h3><b>1. Ch\u00e0o m\u1eebng d\u00e0nh cho ng\u01b0\u1eddi m\u1edbi \u0111\u0103ng k\u00fd<\/b><\/h3>\n<p><span style=\"font-weight: 400;\">Ch\u01b0\u01a1ng tr\u00ecnh n\u00e0y th\u01b0\u1eddng \u0111\u01b0\u1ee3c \u00e1p d\u1ee5ng \u0111\u1ec3 thu h\u00fat kh\u00e1ch h\u00e0ng m\u1edbi. Khi \u0111\u0103ng k\u00fd t\u00e0i kho\u1ea3n th\u00e0nh c\u00f4ng, ng\u01b0\u1eddi ch\u01a1i s\u1ebd nh\u1eadn \u0111\u01b0\u1ee3c kho\u1ea3n th\u01b0\u1edfng nh\u1ea5t \u0111\u1ecbnh nh\u01b0 ti\u1ec1n th\u01b0\u1edfng tr\u00ean s\u1ed1 ti\u1ec1n n\u1ea1p l\u1ea7n \u0111\u1ea7u, gi\u00fap h\u1ecd c\u00f3 th\u00eam ng\u00e2n s\u00e1ch \u0111\u1ec3 b\u1eaft \u0111\u1ea7u tr\u1ea3i nghi\u1ec7m c\u00e1c d\u1ecbch v\u1ee5. \u01afu \u0111i\u1ec3m l\u00e0 gi\u00fap ng\u01b0\u1eddi ch\u01a1i m\u1edbi d\u1ec5 d\u00e0ng th\u1eed s\u1ee9c v\u00e0 l\u00e0m quen v\u1edbi c\u00e1c tr\u00f2 ch\u01a1i \u0111a d\u1ea1ng.<\/span><\/p>\n<h3><b>2. Th\u01b0\u1edfng n\u1ea1p ti\u1ec1n l\u1ea7n \u0111\u1ea7u<\/b><\/h3>\n<p><span style=\"font-weight: 400;\">188BET th\u01b0\u1eddng c\u00f3 c\u00e1c ch\u01b0\u01a1ng tr\u00ecnh th\u01b0\u1edfng n\u1ea1p ti\u1ec1n l\u1ea7n \u0111\u1ea7u nh\u1eb1m khuy\u1ebfn kh\u00edch kh\u00e1ch h\u00e0ng b\u1ed5 sung ng\u00e2n s\u00e1ch c\u00e1 c\u01b0\u1ee3c. Th\u01b0\u1edfng n\u00e0y c\u00f3 th\u1ec3 l\u00e0 ph\u1ea7n tr\u0103m tr\u00ean s\u1ed1 ti\u1ec1n n\u1ea1p ho\u1eb7c th\u01b0\u1edfng c\u1ed1 \u0111\u1ecbnh k\u00e8m theo \u0111i\u1ec1u ki\u1ec7n c\u01b0\u1ee3c nh\u1ea5t \u0111\u1ecbnh.<\/span><\/p>\n<h3><b>3. Ho\u00e0n tr\u1ea3 c\u01b0\u1ee3c thua<\/b><\/h3>\n<p><span style=\"font-weight: 400;\">Trong ho\u1ea1t \u0111\u1ed9ng c\u00e1 c\u01b0\u1ee3c th\u1ec3 thao ho\u1eb7c casino, kh\u00f4ng ph\u1ea3i l\u00fac n\u00e0o k\u1ebft qu\u1ea3 c\u0169ng theo \u00fd mu\u1ed1n c\u1ee7a ng\u01b0\u1eddi ch\u01a1i. V\u00ec v\u1eady, <\/span><b>Khuy\u1ebfn m\u00e3i <\/b><span style=\"font-weight: 400;\">c\u00f2n c\u00f3 d\u1ecbch v\u1ee5 ho\u00e0n tr\u1ea3 c\u01b0\u1ee3c thua, gi\u00fap gi\u1ea3m thi\u1ec3u thi\u1ec7t h\u1ea1i, \u0111\u1ed3ng th\u1eddi khuy\u1ebfn kh\u00edch ng\u01b0\u1eddi ch\u01a1i ti\u1ebfp t\u1ee5c tham gia.<\/span><\/p>\n<h3><b>4. C\u00e1c ch\u01b0\u01a1ng tr\u00ecnh theo m\u00f9a ho\u1eb7c s\u1ef1 ki\u1ec7n \u0111\u1eb7c bi\u1ec7t<\/b><\/h3>\n<p><span style=\"font-weight: 400;\">Nh\u00e0 c\u00e1i th\u01b0\u1eddng tung ra c\u00e1c ch\u01b0\u01a1ng tr\u00ecnh \u01b0u \u0111\u00e3i \u0111\u1eb7c bi\u1ec7t d\u00e0nh cho c\u00e1c ng\u00e0y l\u1ec5, s\u1ef1 ki\u1ec7n th\u1ec3 thao l\u1edbn nh\u01b0 World Cup, Euro, ho\u1eb7c c\u00e1c gi\u1ea3i \u0111\u1ea5u l\u1edbn. Nh\u1eefng \u01b0u \u0111\u00e3i n\u00e0y th\u01b0\u1eddng \u0111i k\u00e8m v\u1edbi m\u00e3 gi\u1ea3m gi\u00e1, th\u01b0\u1edfng c\u01b0\u1ee3c mi\u1ec5n ph\u00ed ho\u1eb7c mini game c\u00f3 ph\u1ea7n th\u01b0\u1edfng h\u1ea5p d\u1eabn.<\/span><\/p>\n<h3><b>5. Gi\u1ea3i \u0111\u1ea5u v\u00e0 c\u01b0\u1ee3c th\u01b0\u1edfng<\/b><\/h3>\n<p><span style=\"font-weight: 400;\">Ngo\u00e0i c\u00e1c khuy\u1ebfn m\u00e3i c\u1ed1 \u0111\u1ecbnh, nh\u00e0 c\u00e1i c\u00f2n t\u1ed5 ch\u1ee9c c\u00e1c gi\u1ea3i \u0111\u1ea5u c\u00e1 c\u01b0\u1ee3c ho\u1eb7c c\u01b0\u1ee3c th\u01b0\u1edfng d\u00e0nh cho c\u00e1c ng\u01b0\u1eddi ch\u01a1i t\u00edch c\u1ef1c, c\u00f3 kh\u1ea3 n\u0103ng th\u1eafng l\u1edbn qua c\u00e1c game \u0111\u1ea5u c\u00e1 nh\u00e2n ho\u1eb7c \u0111\u1ed9i nh\u00f3m. \u0110\u00e2y l\u00e0 d\u1ecbp \u0111\u1ec3 kh\u00e1ch h\u00e0ng v\u1eeba ch\u01a1i v\u1eeba c\u00f3 c\u01a1 h\u1ed9i nh\u1eadn th\u01b0\u1edfng l\u1edbn, t\u0103ng th\u00eam ph\u1ea7n h\u1ea5p d\u1eabn cho m\u00f4i tr\u01b0\u1eddng c\u00e1 c\u01b0\u1ee3c.<\/span><\/p>\n<figure id=\"attachment_136\" aria-describedby=\"caption-attachment-136\" style=\"width: 800px\" class=\"wp-caption aligncenter\"><img loading=\"lazy\" decoding=\"async\" class=\"size-full wp-image-136\" src=\"https:\/\/d-factory.in.net\/wp-content\/uploads\/2025\/11\/khuyen-mai-3.jpg\" alt=\"Gi\u1ea3i \u0111\u1ea5u v\u00e0 c\u01b0\u1ee3c th\u01b0\u1edfng\" width=\"800\" height=\"400\" srcset=\"https:\/\/d-factory.in.net\/wp-content\/uploads\/2025\/11\/khuyen-mai-3.jpg 800w, https:\/\/d-factory.in.net\/wp-content\/uploads\/2025\/11\/khuyen-mai-3-300x150.jpg 300w, https:\/\/d-factory.in.net\/wp-content\/uploads\/2025\/11\/khuyen-mai-3-768x384.jpg 768w\" sizes=\"auto, (max-width: 800px) 100vw, 800px\" \/><figcaption id=\"caption-attachment-136\" class=\"wp-caption-text\">Gi\u1ea3i \u0111\u1ea5u v\u00e0 c\u01b0\u1ee3c th\u01b0\u1edfng<\/figcaption><\/figure>\n<h2><b>H\u01b0\u1edbng d\u1eabn c\u00e1ch nh\u1eadn v\u00e0 t\u1eadn d\u1ee5ng Khuy\u1ebfn m\u00e3i 188BET<\/b><\/h2>\n<p><span style=\"font-weight: 400;\">\u0110\u1ec3 kh\u00f4ng b\u1ecf l\u1ee1 c\u00e1c c\u01a1 h\u1ed9i h\u1ea5p d\u1eabn m\u00e0 nh\u00e0 c\u00e1i mang l\u1ea1i, ng\u01b0\u1eddi ch\u01a1i c\u1ea7n n\u1eafm r\u00f5 c\u00e1c b\u01b0\u1edbc \u0111\u1ec3 \u0111\u0103ng k\u00fd, nh\u1eadn th\u01b0\u1edfng v\u00e0 s\u1eed d\u1ee5ng \u01b0u \u0111\u00e3i sao cho hi\u1ec7u qu\u1ea3 nh\u1ea5t.<\/span><\/p>\n<h3><b>C\u00e1c b\u01b0\u1edbc nh\u1eadn v\u00e0 tham gia khuy\u1ebfn m\u00e3i c\u1ee7a 188BET<\/b><\/h3>\n<p><span style=\"font-weight: 400;\">Vi\u1ec7c \u0111\u1ea7u ti\u00ean ng\u01b0\u1eddi ch\u01a1i c\u1ea7n l\u00e0m l\u00e0 \u0111\u0103ng nh\u1eadp ho\u1eb7c \u0111\u0103ng k\u00fd t\u00e0i kho\u1ea3n t\u1ea1i trang web. Sau khi ho\u00e0n t\u1ea5t c\u00e1c b\u01b0\u1edbc x\u00e1c th\u1ef1c v\u00e0 \u0111\u0103ng k\u00fd, ng\u01b0\u1eddi ch\u01a1i c\u00f3 th\u1ec3 truy c\u1eadp ph\u1ea7n &#8220;Khuy\u1ebfn m\u00e3i&#8221; \u0111\u1ec3 xem c\u00e1c ch\u01b0\u01a1ng tr\u00ecnh \u0111ang di\u1ec5n ra. M\u1ed7i ch\u01b0\u01a1ng tr\u00ecnh s\u1ebd c\u00f3 y\u00eau c\u1ea7u ri\u00eang v\u1ec1 \u0111i\u1ec1u ki\u1ec7n tham gia, v\u00ed d\u1ee5 nh\u01b0 n\u1ea1p ti\u1ec1n t\u1ed1i thi\u1ec3u, m\u00e3 gi\u1ea3m gi\u00e1 ho\u1eb7c c\u01b0\u1ee3c trong kho\u1ea3ng th\u1eddi gian nh\u1ea5t \u0111\u1ecbnh.<\/span><\/p>\n<p><span style=\"font-weight: 400;\">Ti\u1ebfp \u0111\u1ebfn, ng\u01b0\u1eddi ch\u01a1i c\u1ea7n \u0111\u1ecdc k\u1ef9 c\u00e1c \u0111i\u1ec1u kho\u1ea3n, \u0111i\u1ec1u ki\u1ec7n \u0111i k\u00e8m \u0111\u1ec3 tr\u00e1nh nh\u1eefng r\u1eafc r\u1ed1i kh\u00f4ng mong mu\u1ed1n. M\u1ed9t s\u1ed1 ch\u01b0\u01a1ng tr\u00ecnh y\u00eau c\u1ea7u \u0111\u0103ng k\u00fd m\u00e3 gi\u1ea3m gi\u00e1 ho\u1eb7c t\u1ef1 nh\u1eadn th\u01b0\u1edfng trong m\u1ee5c c\u00e1 nh\u00e2n c\u1ee7a t\u00e0i kho\u1ea3n.<\/span><\/p>\n<p><span style=\"font-weight: 400;\">Khi \u0111\u00e3 \u0111\u00e1p \u1ee9ng c\u00e1c \u0111i\u1ec1u ki\u1ec7n, h\u00e3y th\u1ef1c hi\u1ec7n theo h\u01b0\u1edbng d\u1eabn nh\u01b0 n\u1ea1p ti\u1ec1n, \u0111\u1eb7t c\u01b0\u1ee3c ho\u1eb7c nh\u1eadp m\u00e3 \u0111\u1ec3 nh\u1eadn th\u01b0\u1edfng. Trong qu\u00e1 tr\u00ecnh ch\u01a1i, ng\u01b0\u1eddi ch\u01a1i c\u1ea7n ch\u00fa \u00fd theo d\u00f5i c\u00e1c th\u00f4ng b\u00e1o c\u1ee7a nh\u00e0 c\u00e1i v\u1ec1 th\u1eddi gian \u00e1p d\u1ee5ng v\u00e0 h\u1ea1n s\u1eed d\u1ee5ng c\u1ee7a c\u00e1c \u01b0u \u0111\u00e3i \u0111\u1ec3 kh\u00f4ng b\u1ecf l\u1ee1 c\u01a1 h\u1ed9i.<\/span><\/p>\n<h3><b>L\u1eddi khuy\u00ean gi\u00fap t\u1eadn d\u1ee5ng t\u1ed1i \u0111a Khuy\u1ebfn m\u00e3i 188BET<\/b><\/h3>\n<p><span style=\"font-weight: 400;\">Th\u1ee9 nh\u1ea5t, ng\u01b0\u1eddi ch\u01a1i n\u00ean theo d\u00f5i c\u00e1c th\u00f4ng b\u00e1o m\u1edbi v\u1ec1 khuy\u1ebfn m\u00e3i tr\u00ean trang ch\u1ee7 ho\u1eb7c c\u00e1c k\u00eanh m\u1ea1ng x\u00e3 h\u1ed9i. Nh\u1edd \u0111\u00f3, b\u1ea1n s\u1ebd kh\u00f4ng b\u1ecf l\u1ee1 c\u00e1c ch\u01b0\u01a1ng tr\u00ecnh h\u1ea5p d\u1eabn, \u0111\u1eb7c bi\u1ec7t trong c\u00e1c d\u1ecbp \u0111\u1eb7c bi\u1ec7t.<\/span><\/p>\n<p><span style=\"font-weight: 400;\">Th\u1ee9 hai, h\u00e3y lu\u00f4n \u0111\u1ecdc k\u1ef9 c\u00e1c \u0111i\u1ec1u kho\u1ea3n, \u0111i\u1ec1u ki\u1ec7n c\u1ee7a t\u1eebng ch\u01b0\u01a1ng tr\u00ecnh \u0111\u1ec3 bi\u1ebft r\u00f5 c\u00e1ch th\u1ee9c nh\u1eadn th\u01b0\u1edfng, h\u1ea1n ch\u1ebf nh\u1ea7m l\u1eabn ho\u1eb7c vi ph\u1ea1m \u0111i\u1ec1u ki\u1ec7n, m\u1ea5t quy\u1ec1n l\u1ee3i.<\/span><\/p>\n<p><span style=\"font-weight: 400;\">Th\u1ee9 ba, \u0111\u1ed1i v\u1edbi c\u00e1c khuy\u1ebfn m\u00e3i th\u01b0\u1edfng c\u01b0\u1ee3c mi\u1ec5n ph\u00ed ho\u1eb7c ho\u00e0n tr\u1ea3 c\u01b0\u1ee3c thua, h\u00e3y c\u00e2n nh\u1eafc k\u1ef9 l\u01b0\u1ee1ng v\u1ec1 c\u00e1ch \u0111\u1eb7t c\u01b0\u1ee3c, ch\u1ecdn c\u00e1c tr\u1eadn \u0111\u1ea5u, tr\u00f2 ch\u01a1i ph\u00f9 h\u1ee3p \u0111\u1ec3 t\u1ed1i \u01b0u h\u00f3a l\u1ee3i \u00edch.<\/span><\/p>\n<h2><b>So s\u00e1nh c\u00e1c ch\u01b0\u01a1ng tr\u00ecnh khuy\u1ebfn m\u00e3i 188BET v\u1edbi c\u00e1c nh\u00e0 c\u00e1i kh\u00e1c<\/b><\/h2>\n<figure id=\"attachment_137\" aria-describedby=\"caption-attachment-137\" style=\"width: 800px\" class=\"wp-caption aligncenter\"><img loading=\"lazy\" decoding=\"async\" class=\"size-full wp-image-137\" src=\"https:\/\/d-factory.in.net\/wp-content\/uploads\/2025\/11\/khuyen-mai-4.jpg\" alt=\"So s\u00e1nh c\u00e1c ch\u01b0\u01a1ng tr\u00ecnh khuy\u1ebfn m\u00e3i\" width=\"800\" height=\"400\" srcset=\"https:\/\/d-factory.in.net\/wp-content\/uploads\/2025\/11\/khuyen-mai-4.jpg 800w, https:\/\/d-factory.in.net\/wp-content\/uploads\/2025\/11\/khuyen-mai-4-300x150.jpg 300w, https:\/\/d-factory.in.net\/wp-content\/uploads\/2025\/11\/khuyen-mai-4-768x384.jpg 768w\" sizes=\"auto, (max-width: 800px) 100vw, 800px\" \/><figcaption id=\"caption-attachment-137\" class=\"wp-caption-text\">So s\u00e1nh c\u00e1c ch\u01b0\u01a1ng tr\u00ecnh khuy\u1ebfn m\u00e3i<\/figcaption><\/figure>\n<table>\n<tbody>\n<tr>\n<td><b>Ti\u00eau ch\u00ed<\/b><\/td>\n<td><b>188BET<\/b><\/td>\n<td><b>C\u00e1c nh\u00e0 c\u00e1i kh\u00e1c<\/b><\/td>\n<\/tr>\n<tr>\n<td><span style=\"font-weight: 400;\">\u0110a d\u1ea1ng\u00a0<\/span><\/td>\n<td><span style=\"font-weight: 400;\">R\u1ea5t phong ph\u00fa, \u0111i\u1ec3n h\u00ecnh l\u00e0 th\u01b0\u1edfng ch\u00e0o m\u1eebng, ho\u00e0n ti\u1ec1n, m\u00e3 gi\u1ea3m gi\u00e1<\/span><\/td>\n<td><span style=\"font-weight: 400;\">Th\u01b0\u1eddng t\u1eadp trung v\u00e0o c\u00e1c lo\u1ea1i ch\u00ednh nh\u01b0 th\u01b0\u1edfng ch\u00e0o m\u1eebng ho\u1eb7c ho\u00e0n ti\u1ec1n<\/span><\/td>\n<\/tr>\n<tr>\n<td><span style=\"font-weight: 400;\">\u0110i\u1ec1u ki\u1ec7n nh\u1eadn th\u01b0\u1edfng<\/span><\/td>\n<td><span style=\"font-weight: 400;\">H\u1ee3p l\u00fd, r\u00f5 r\u00e0ng, d\u1ec5 hi\u1ec3u<\/span><\/td>\n<td><span style=\"font-weight: 400;\">C\u00f3 th\u1ec3 ph\u1ee9c t\u1ea1p h\u01a1n, y\u00eau c\u1ea7u nhi\u1ec1u ti\u00eau ch\u00ed h\u01a1n<\/span><\/td>\n<\/tr>\n<tr>\n<td><span style=\"font-weight: 400;\">Th\u1eddi gian \u00e1p d\u1ee5ng<\/span><\/td>\n<td><span style=\"font-weight: 400;\">Th\u01b0\u1eddng xuy\u00ean c\u1eadp nh\u1eadt, ph\u00f9 h\u1ee3p c\u00e1c d\u1ecbp l\u1ec5, s\u1ef1 ki\u1ec7n l\u1edbn<\/span><\/td>\n<td><span style=\"font-weight: 400;\">C\u00f3 th\u1ec3 h\u1ea1n ch\u1ebf ho\u1eb7c kh\u00f4ng \u0111\u1ec1u \u0111\u1eb7n<\/span><\/td>\n<\/tr>\n<tr>\n<td><span style=\"font-weight: 400;\">T\u00ednh c\u1ea1nh tranh v\u1ec1 th\u01b0\u1edfng<\/span><\/td>\n<td><span style=\"font-weight: 400;\">C\u1ea1nh tranh cao, c\u00f3 nhi\u1ec1u \u01b0u \u0111\u00e3i h\u1ea5p d\u1eabn<\/span><\/td>\n<td><span style=\"font-weight: 400;\">M\u1ed9t s\u1ed1 nh\u00e0 c\u00e1i \u00edt \u0111a d\u1ea1ng ho\u1eb7c \u00edt ch\u01b0\u01a1ng tr\u00ecnh khuy\u1ebfn m\u00e3i<\/span><\/td>\n<\/tr>\n<tr>\n<td><span style=\"font-weight: 400;\">\u0110\u00e1nh gi\u00e1 c\u1ee7a ng\u01b0\u1eddi ch\u01a1i<\/span><\/td>\n<td><span style=\"font-weight: 400;\">\u0110\u01b0\u1ee3c \u0111\u00e1nh gi\u00e1 t\u00edch c\u1ef1c, nhi\u1ec1u ng\u01b0\u1eddi d\u00f9ng h\u00e0i l\u00f2ng<\/span><\/td>\n<td><span style=\"font-weight: 400;\">T\u00f9y thu\u1ed9c nh\u00e0 c\u00e1i, c\u00f3 th\u1ec3 \u00edt s\u1ef1 l\u1ef1a ch\u1ecdn<\/span><\/td>\n<\/tr>\n<\/tbody>\n<\/table>\n<p><b>K\u1ebft lu\u1eadn<\/b><span style=\"font-weight: 400;\">: Trong b\u1ed1i c\u1ea3nh th\u1ecb tr\u01b0\u1eddng c\u00e1 c\u01b0\u1ee3c tr\u1ef1c tuy\u1ebfn ng\u00e0y c\u00e0ng c\u1ea1nh tranh, <\/span><b>Khuy\u1ebfn m\u00e3i 188BET<\/b><span style=\"font-weight: 400;\"> n\u1ed5i b\u1eadt nh\u1edd s\u1ef1 \u0111a d\u1ea1ng, h\u1ea5p d\u1eabn v\u00e0 d\u1ec5 ti\u1ebfp c\u1eadn h\u01a1n. Tuy nhi\u00ean, ng\u01b0\u1eddi ch\u01a1i c\u1ea7n c\u00e2n nh\u1eafc c\u00e1c \u0111i\u1ec1u ki\u1ec7n v\u00e0 ch\u00ednh s\u00e1ch \u0111\u1ec3 t\u1eadn d\u1ee5ng t\u1ed1i \u0111a c\u00e1c \u01b0u \u0111\u00e3i n\u00e0y ph\u00f9 h\u1ee3p v\u1edbi m\u1ee5c \u0111\u00edch ch\u01a1i c\u1ee7a m\u00ecnh.<\/span><\/p>\n<h2><b>T\u1ed5ng k\u1ebft<\/b><\/h2>\n<p><b><a href=\"https:\/\/d-factory.in.net\/index.php\/khuyen-mai\">Khuy\u1ebfn m\u00e3i<\/a> 188BET<\/b><span style=\"font-weight: 400;\"> ch\u00ednh l\u00e0 ch\u00eca kh\u00f3a gi\u00fap c\u00e1c ng\u01b0\u1eddi ch\u01a1i c\u00f3 th\u1ec3 n\u00e2ng cao kh\u1ea3 n\u0103ng th\u1eafng c\u01b0\u1ee3c, gi\u1ea3m thi\u1ec3u r\u1ee7i ro v\u00e0 tr\u1ea3i nghi\u1ec7m nh\u1eefng tr\u00f2 ch\u01a1i gi\u1ea3i tr\u00ed \u0111\u1ec9nh cao. Nh\u1edd c\u00e1c ch\u01b0\u01a1ng tr\u00ecnh \u01b0u \u0111\u00e3i \u0111a d\u1ea1ng v\u00e0 h\u1ee3p l\u00fd, ng\u01b0\u1eddi ch\u01a1i kh\u00f4ng ch\u1ec9 c\u00f3 c\u01a1 h\u1ed9i nh\u1eadn th\u01b0\u1edfng l\u1edbn m\u00e0 c\u00f2n t\u0103ng th\u00eam ph\u1ea7n h\u1ee9ng kh\u1edfi khi tham gia c\u00e1 c\u01b0\u1ee3c. Ch\u00fac b\u1ea1n may m\u1eafn v\u00e0 th\u00e0nh c\u00f4ng trong h\u00e0nh tr\u00ecnh c\u00e1 c\u01b0\u1ee3c c\u1ee7a m\u00ecnh!<\/span><\/p>\n","protected":false},"excerpt":{"rendered":"<p>Trong l\u0129nh v\u1ef1c c\u00e1 c\u01b0\u1ee3c th\u1ec3 thao, casino tr\u1ef1c tuy\u1ebfn v\u00e0 c\u00e1c tr\u00f2 ch\u01a1i gi\u1ea3i tr\u00ed, Khuy\u1ebfn m\u00e3i lu\u00f4n l\u00e0 ch\u1ee7 \u0111\u1ec1 \u0111\u01b0\u1ee3c nhi\u1ec1u ng\u01b0\u1eddi quan t\u00e2m v\u00e0 s\u0103n \u0111\u00f3n. Nh\u1eafc \u0111\u1ebfn 188BET, ng\u01b0\u1eddi ch\u01a1i kh\u00f4ng ch\u1ec9 ch\u00fa tr\u1ecdng v\u00e0o c\u00e1c d\u1ecbch v\u1ee5 ch\u1ea5t l\u01b0\u1ee3ng m\u00e0 c\u00f2n \u0111\u1eb7c bi\u1ec7t quan t\u00e2m \u0111\u1ebfn c\u00e1c ch\u01b0\u01a1ng tr\u00ecnh [&#8230;]\n","protected":false},"author":1,"featured_media":134,"parent":0,"menu_order":0,"comment_status":"closed","ping_status":"closed","template":"page-blank-title-center.php","meta":{"footnotes":""},"class_list":["post-133","page","type-page","status-publish","has-post-thumbnail","hentry"],"_links":{"self":[{"href":"https:\/\/d-factory.in.net\/index.php\/wp-json\/wp\/v2\/pages\/133","targetHints":{"allow":["GET"]}}],"collection":[{"href":"https:\/\/d-factory.in.net\/index.php\/wp-json\/wp\/v2\/pages"}],"about":[{"href":"https:\/\/d-factory.in.net\/index.php\/wp-json\/wp\/v2\/types\/page"}],"author":[{"embeddable":true,"href":"https:\/\/d-factory.in.net\/index.php\/wp-json\/wp\/v2\/users\/1"}],"replies":[{"embeddable":true,"href":"https:\/\/d-factory.in.net\/index.php\/wp-json\/wp\/v2\/comments?post=133"}],"version-history":[{"count":2,"href":"https:\/\/d-factory.in.net\/index.php\/wp-json\/wp\/v2\/pages\/133\/revisions"}],"predecessor-version":[{"id":139,"href":"https:\/\/d-factory.in.net\/index.php\/wp-json\/wp\/v2\/pages\/133\/revisions\/139"}],"wp:featuredmedia":[{"embeddable":true,"href":"https:\/\/d-factory.in.net\/index.php\/wp-json\/wp\/v2\/media\/134"}],"wp:attachment":[{"href":"https:\/\/d-factory.in.net\/index.php\/wp-json\/wp\/v2\/media?parent=133"}],"curies":[{"name":"wp","href":"https:\/\/api.w.org\/{rel}","templated":true}]}}