{"id":126,"date":"2025-11-10T13:35:07","date_gmt":"2025-11-10T13:35:07","guid":{"rendered":"https:\/\/d-factory.in.net\/?page_id=126"},"modified":"2025-11-10T13:35:07","modified_gmt":"2025-11-10T13:35:07","slug":"tai-app-188bet","status":"publish","type":"page","link":"https:\/\/d-factory.in.net\/index.php\/tai-app-188bet\/","title":{"rendered":"T\u1ea3i App 188BET: C\u00e1ch C\u00e0i \u0110\u1eb7t V\u00e0 S\u1eed D\u1ee5ng \u0110\u01a1n Gi\u1ea3n"},"content":{"rendered":"<p><span style=\"font-weight: 400;\">Trong l\u0129nh v\u1ef1c c\u00e1 c\u01b0\u1ee3c tr\u1ef1c tuy\u1ebfn ng\u00e0y nay, <\/span><b>t\u1ea3i app 188BET <\/b><span style=\"font-weight: 400;\">l\u00e0 b\u01b0\u1edbc quan tr\u1ecdng gi\u00fap ng\u01b0\u1eddi ch\u01a1i d\u1ec5 d\u00e0ng ti\u1ebfp c\u1eadn c\u00e1c d\u1ecbch v\u1ee5 c\u00e1 c\u01b0\u1ee3c \u0111a d\u1ea1ng v\u00e0 ti\u1ec7n l\u1ee3i. <a href=\"https:\/\/d-factory.in.net\/\"><strong>188BET<\/strong><\/a> l\u00e0 m\u1ed9t trong nh\u1eefng nh\u00e0 c\u00e1i n\u1ed5i b\u1eadt, \u0111\u01b0\u1ee3c y\u00eau th\u00edch t\u1ea1i Vi\u1ec7t Nam, v\u1edbi giao di\u1ec7n th\u00e2n thi\u1ec7n, t\u00ednh n\u0103ng \u01b0u vi\u1ec7t v\u00e0 b\u1ea3o m\u1eadt cao.\u00a0<\/span><\/p>\n<h2><b>T\u1ea1i sao c\u1ea7n ph\u1ea3i t\u1ea3i app 188BET?<\/b><\/h2>\n<figure id=\"attachment_129\" aria-describedby=\"caption-attachment-129\" style=\"width: 800px\" class=\"wp-caption aligncenter\"><img loading=\"lazy\" decoding=\"async\" class=\"size-full wp-image-129\" src=\"https:\/\/d-factory.in.net\/wp-content\/uploads\/2025\/11\/tai-app-2.jpg\" alt=\"T\u1ea1i sao c\u1ea7n ph\u1ea3i t\u1ea3i app 188BET?\" width=\"800\" height=\"400\" srcset=\"https:\/\/d-factory.in.net\/wp-content\/uploads\/2025\/11\/tai-app-2.jpg 800w, https:\/\/d-factory.in.net\/wp-content\/uploads\/2025\/11\/tai-app-2-300x150.jpg 300w, https:\/\/d-factory.in.net\/wp-content\/uploads\/2025\/11\/tai-app-2-768x384.jpg 768w\" sizes=\"auto, (max-width: 800px) 100vw, 800px\" \/><figcaption id=\"caption-attachment-129\" class=\"wp-caption-text\">T\u1ea1i sao c\u1ea7n ph\u1ea3i t\u1ea3i app 188BET?<\/figcaption><\/figure>\n<p><span style=\"font-weight: 400;\">Vi\u1ec7c <\/span><b>t\u1ea3i app 188BET <\/b><span style=\"font-weight: 400;\">kh\u00f4ng ch\u1ec9 gi\u00fap b\u1ea1n truy c\u1eadp nhanh ch\u00f3ng c\u00e1c d\u1ecbch v\u1ee5 c\u01b0\u1ee3c th\u1ec3 thao, casino, slot\u2026 m\u00e0 c\u00f2n mang l\u1ea1i s\u1ef1 ti\u1ec7n l\u1ee3i, b\u1ea3o m\u1eadt v\u00e0 c\u1eadp nh\u1eadt th\u00f4ng tin m\u1edbi nh\u1ea5t ngay tr\u00ean thi\u1ebft b\u1ecb c\u1ee7a m\u00ecnh. Ngo\u00e0i ra, \u1ee9ng d\u1ee5ng gi\u00fap ng\u01b0\u1eddi ch\u01a1i th\u1ef1c hi\u1ec7n c\u00e1c thao t\u00e1c \u0111\u1eb7t c\u01b0\u1ee3c, r\u00fat ti\u1ec1n ho\u1eb7c n\u1ea1p ti\u1ec1n m\u1ed9t c\u00e1ch d\u1ec5 d\u00e0ng, kh\u00f4ng g\u1eb7p r\u1eafc r\u1ed1i nh\u01b0 khi s\u1eed d\u1ee5ng tr\u00ecnh duy\u1ec7t web truy\u1ec1n th\u1ed1ng.<\/span><\/p>\n<h2><b>C\u00e1c b\u01b0\u1edbc \u0111\u01a1n gi\u1ea3n \u0111\u1ec3 t\u1ea3i app 188BET\u00a0<\/b><\/h2>\n<p><span style=\"font-weight: 400;\">D\u01b0\u1edbi \u0111\u00e2y l\u00e0 h\u01b0\u1edbng d\u1eabn chi ti\u1ebft t\u1eebng b\u01b0\u1edbc gi\u00fap b\u1ea1n d\u1ec5 d\u00e0ng t\u1ea3i v\u00e0 c\u00e0i \u0111\u1eb7t \u1ee9ng d\u1ee5ng tr\u00ean \u0111i\u1ec7n tho\u1ea1i di \u0111\u1ed9ng c\u1ee7a m\u00ecnh.<\/span><\/p>\n<h3><b>H\u01b0\u1edbng d\u1eabn t\u1ea3i app 188BET cho h\u1ec7 \u0111i\u1ec1u h\u00e0nh Android<\/b><\/h3>\n<p><span style=\"font-weight: 400;\">Kh\u00e1ch h\u00e0ng s\u1eed d\u1ee5ng \u0111i\u1ec7n tho\u1ea1i Android c\u1ea7n th\u1ef1c hi\u1ec7n c\u00e1c b\u01b0\u1edbc sau:<\/span><\/p>\n<ul>\n<li style=\"font-weight: 400;\" aria-level=\"1\"><span style=\"font-weight: 400;\">Truy c\u1eadp trang web ch\u00ednh th\u1ee9c ho\u1eb7c c\u00e1c ngu\u1ed3n tin c\u1eady h\u1ed7 tr\u1ee3 t\u1ea3i app 188BET.<\/span><\/li>\n<li style=\"font-weight: 400;\" aria-level=\"1\"><span style=\"font-weight: 400;\">T\u00ecm v\u00e0 ch\u1ecdn m\u1ee5c &#8220;T\u1ea3i \u1ee9ng d\u1ee5ng Android&#8221; ho\u1eb7c &#8220;Download Android APP&#8221;.<\/span><\/li>\n<li style=\"font-weight: 400;\" aria-level=\"1\"><span style=\"font-weight: 400;\">Tr\u01b0\u1edbc khi c\u00e0i \u0111\u1eb7t, b\u1ea1n c\u1ea7n b\u1eadt ch\u1ebf \u0111\u1ed9 &#8220;Cho ph\u00e9p c\u00e0i \u0111\u1eb7t \u1ee9ng d\u1ee5ng t\u1eeb ngu\u1ed3n ngo\u00e0i&#8221; trong ph\u1ea7n c\u00e0i \u0111\u1eb7t c\u1ee7a \u0111i\u1ec7n tho\u1ea1i.<\/span><\/li>\n<li style=\"font-weight: 400;\" aria-level=\"1\"><span style=\"font-weight: 400;\">Nh\u1ea5n v\u00e0o file t\u1ea3i xu\u1ed1ng \u0111\u1ec3 b\u1eaft \u0111\u1ea7u qu\u00e1 tr\u00ecnh c\u00e0i \u0111\u1eb7t.<\/span><\/li>\n<li style=\"font-weight: 400;\" aria-level=\"1\"><span style=\"font-weight: 400;\">Sau khi c\u00e0i \u0111\u1eb7t th\u00e0nh c\u00f4ng, m\u1edf \u1ee9ng d\u1ee5ng v\u00e0 \u0111\u0103ng nh\u1eadp t\u00e0i kho\u1ea3n c\u1ee7a m\u00ecnh \u0111\u1ec3 b\u1eaft \u0111\u1ea7u ch\u01a1i.<\/span><\/li>\n<\/ul>\n<h3><b>H\u01b0\u1edbng d\u1eabn t\u1ea3i app 188BET cho h\u1ec7 \u0111i\u1ec1u h\u00e0nh iOS<\/b><\/h3>\n<figure id=\"attachment_128\" aria-describedby=\"caption-attachment-128\" style=\"width: 800px\" class=\"wp-caption aligncenter\"><img loading=\"lazy\" decoding=\"async\" class=\"size-full wp-image-128\" src=\"https:\/\/d-factory.in.net\/wp-content\/uploads\/2025\/11\/tai-app-3.jpg\" alt=\"H\u01b0\u1edbng d\u1eabn t\u1ea3i app 188BET cho h\u1ec7 \u0111i\u1ec1u h\u00e0nh iOS\" width=\"800\" height=\"400\" srcset=\"https:\/\/d-factory.in.net\/wp-content\/uploads\/2025\/11\/tai-app-3.jpg 800w, https:\/\/d-factory.in.net\/wp-content\/uploads\/2025\/11\/tai-app-3-300x150.jpg 300w, https:\/\/d-factory.in.net\/wp-content\/uploads\/2025\/11\/tai-app-3-768x384.jpg 768w\" sizes=\"auto, (max-width: 800px) 100vw, 800px\" \/><figcaption id=\"caption-attachment-128\" class=\"wp-caption-text\">H\u01b0\u1edbng d\u1eabn t\u1ea3i app 188BET cho h\u1ec7 \u0111i\u1ec1u h\u00e0nh iOS<\/figcaption><\/figure>\n<p><span style=\"font-weight: 400;\">\u0110\u1ed1i v\u1edbi \u0111i\u1ec7n tho\u1ea1i iPhone ho\u1eb7c iPad, c\u00e1c b\u01b0\u1edbc th\u1ef1c hi\u1ec7n nh\u01b0 sau:<\/span><\/p>\n<ul>\n<li style=\"font-weight: 400;\" aria-level=\"1\"><span style=\"font-weight: 400;\">Truy c\u1eadp Apple App Store.<\/span><\/li>\n<li style=\"font-weight: 400;\" aria-level=\"1\"><span style=\"font-weight: 400;\">T\u00ecm ki\u1ebfm &#8220;188BET&#8221; trong thanh t\u00ecm ki\u1ebfm.<\/span><\/li>\n<li style=\"font-weight: 400;\" aria-level=\"1\"><span style=\"font-weight: 400;\">Ch\u1ecdn \u1ee9ng d\u1ee5ng ch\u00ednh th\u1ee9c t\u1eeb k\u1ebft qu\u1ea3 t\u00ecm ki\u1ebfm.<\/span><\/li>\n<li style=\"font-weight: 400;\" aria-level=\"1\"><span style=\"font-weight: 400;\">Nh\u1ea5n n\u00fat &#8220;T\u1ea3i xu\u1ed1ng&#8221; v\u00e0 \u0111\u1ee3i qu\u00e1 tr\u00ecnh ho\u00e0n t\u1ea5t.<\/span><\/li>\n<li style=\"font-weight: 400;\" aria-level=\"1\"><span style=\"font-weight: 400;\">M\u1edf \u1ee9ng d\u1ee5ng, \u0111\u0103ng k\u00fd ho\u1eb7c \u0111\u0103ng nh\u1eadp v\u00e0 b\u1eaft \u0111\u1ea7u tr\u1ea3i nghi\u1ec7m.<\/span><\/li>\n<\/ul>\n<h3><b>C\u00e1c m\u1eb9o nh\u1ecf khi t\u1ea3i app 188BET\u00a0<\/b><\/h3>\n<ul>\n<li style=\"font-weight: 400;\" aria-level=\"1\"><span style=\"font-weight: 400;\">Ch\u1ec9 n\u00ean t\u1ea3i app 188BET t\u1eeb ngu\u1ed3n ch\u00ednh th\u1ee9c \u0111\u1ec3 \u0111\u1ea3m b\u1ea3o an to\u00e0n v\u00e0 tr\u00e1nh r\u1ee7i ro v\u1ec1 b\u1ea3o m\u1eadt.<\/span><\/li>\n<li style=\"font-weight: 400;\" aria-level=\"1\"><span style=\"font-weight: 400;\">Ki\u1ec3m tra k\u1ebft n\u1ed1i internet \u1ed5n \u0111\u1ecbnh \u0111\u1ec3 gi\u1ea3m thi\u1ec3u l\u1ed7i khi t\u1ea3i.<\/span><\/li>\n<li style=\"font-weight: 400;\" aria-level=\"1\"><span style=\"font-weight: 400;\">\u0110\u1ea3m b\u1ea3o thi\u1ebft b\u1ecb c\u1ee7a b\u1ea1n \u0111\u1ee7 dung l\u01b0\u1ee3ng l\u01b0u tr\u1eef \u0111\u1ec3 c\u00e0i \u0111\u1eb7t app m\u1edbi.<\/span><\/li>\n<li style=\"font-weight: 400;\" aria-level=\"1\"><span style=\"font-weight: 400;\">Lu\u00f4n c\u1eadp nh\u1eadt phi\u00ean b\u1ea3n m\u1edbi nh\u1ea5t \u0111\u1ec3 tr\u1ea3i nghi\u1ec7m c\u00e1c t\u00ednh n\u0103ng m\u1edbi v\u00e0 b\u1ea3o m\u1eadt t\u1ed1i \u01b0u.<\/span><\/li>\n<\/ul>\n<h2><b>C\u00e1c l\u1ef1a ch\u1ecdn app t\u1ed1t nh\u1ea5t hi\u1ec7n nay<\/b><\/h2>\n<p><span style=\"font-weight: 400;\">D\u01b0\u1edbi \u0111\u00e2y l\u00e0 danh s\u00e1ch 5 \u1ee9ng d\u1ee5ng ph\u1ed5 bi\u1ebfn, \u0111\u01b0\u1ee3c \u0111\u00e1nh gi\u00e1 cao v\u1ec1 t\u00ednh n\u0103ng, \u0111\u1ed9 \u1ed5n \u0111\u1ecbnh v\u00e0 ph\u1ea3n h\u1ed3i t\u1eeb ng\u01b0\u1eddi d\u00f9ng.<\/span><\/p>\n<table>\n<tbody>\n<tr>\n<td><b>\u1ee8ng d\u1ee5ng<\/b><\/td>\n<td><b>H\u1ec7 \u0111i\u1ec1u h\u00e0nh<\/b><\/td>\n<td><b>\u0110\u1eb7c \u0111i\u1ec3m n\u1ed5i b\u1eadt<\/b><\/td>\n<td><b>\u01afu \u0111i\u1ec3m<\/b><\/td>\n<td><b>Nh\u01b0\u1ee3c \u0111i\u1ec3m<\/b><\/td>\n<td><b>\u0110\u00e1nh gi\u00e1 t\u1ed5ng th\u1ec3<\/b><\/td>\n<\/tr>\n<tr>\n<td><span style=\"font-weight: 400;\">188BET Official<\/span><\/td>\n<td><span style=\"font-weight: 400;\">Android, iOS<\/span><\/td>\n<td><span style=\"font-weight: 400;\">B\u1ea3o m\u1eadt cao, giao di\u1ec7n th\u00e2n thi\u1ec7n<\/span><\/td>\n<td><span style=\"font-weight: 400;\">Giao di\u1ec7n d\u1ec5 s\u1eed d\u1ee5ng, c\u1eadp nh\u1eadt nhanh ch\u00f3ng<\/span><\/td>\n<td><span style=\"font-weight: 400;\">C\u1ea7n \u0111\u0103ng k\u00fd t\u00e0i kho\u1ea3n<\/span><\/td>\n<td><span style=\"font-weight: 400;\">4.8\/5<\/span><\/td>\n<\/tr>\n<tr>\n<td><span style=\"font-weight: 400;\">188BET Lite<\/span><\/td>\n<td><span style=\"font-weight: 400;\">Android<\/span><\/td>\n<td><span style=\"font-weight: 400;\">Phi\u00ean b\u1ea3n nh\u1eb9, t\u1ea3i nhanh<\/span><\/td>\n<td><span style=\"font-weight: 400;\">T\u1ed1i \u01b0u cho thi\u1ebft b\u1ecb c\u1ea5u h\u00ecnh th\u1ea5p<\/span><\/td>\n<td><span style=\"font-weight: 400;\">Thi\u1ebfu nhi\u1ec1u t\u00ednh n\u0103ng n\u00e2ng cao<\/span><\/td>\n<td><span style=\"font-weight: 400;\">4.2\/5<\/span><\/td>\n<\/tr>\n<tr>\n<td><span style=\"font-weight: 400;\">188BET Mobile<\/span><\/td>\n<td><span style=\"font-weight: 400;\">iOS<\/span><\/td>\n<td><span style=\"font-weight: 400;\">T\u1ed1i \u01b0u cho \u0111i\u1ec7n tho\u1ea1i, d\u1ec5 thao t\u00e1c<\/span><\/td>\n<td><span style=\"font-weight: 400;\">\u0110\u0103ng nh\u1eadp nhanh, thu\u1eadn ti\u1ec7n<\/span><\/td>\n<td><span style=\"font-weight: 400;\">Kh\u00f4ng \u0111a d\u1ea1ng c\u00e1c ngu\u1ed3n t\u1ea3i<\/span><\/td>\n<td><span style=\"font-weight: 400;\">4.5\/5<\/span><\/td>\n<\/tr>\n<tr>\n<td><span style=\"font-weight: 400;\">188BET Casino<\/span><\/td>\n<td><span style=\"font-weight: 400;\">Android, iOS<\/span><\/td>\n<td><span style=\"font-weight: 400;\">T\u00edch h\u1ee3p casino v\u00e0 slot<\/span><\/td>\n<td><span style=\"font-weight: 400;\">\u0110a d\u1ea1ng tr\u00f2 ch\u01a1i, b\u1ea3o m\u1eadt t\u1ed1t<\/span><\/td>\n<td><span style=\"font-weight: 400;\">Nhi\u1ec1u t\u00ednh n\u0103ng n\u00e2ng cao kh\u00f3 l\u00e0m quen<\/span><\/td>\n<td><span style=\"font-weight: 400;\">4.6\/5<\/span><\/td>\n<\/tr>\n<tr>\n<td><span style=\"font-weight: 400;\">188BET Sports<\/span><\/td>\n<td><span style=\"font-weight: 400;\">Android, iOS<\/span><\/td>\n<td><span style=\"font-weight: 400;\">Chuy\u00ean m\u00f4n c\u00e1 c\u01b0\u1ee3c th\u1ec3 thao<\/span><\/td>\n<td><span style=\"font-weight: 400;\">Nhi\u1ec1u m\u00f4n th\u1ec3 thao, t\u1ef7 l\u1ec7 c\u01b0\u1ee3c c\u1ea1nh tranh<\/span><\/td>\n<td><span style=\"font-weight: 400;\">\u0110\u00f2i h\u1ecfi c\u00f3 ki\u1ebfn th\u1ee9c c\u01b0\u1ee3c th\u1ec3 thao<\/span><\/td>\n<td><span style=\"font-weight: 400;\">4.7\/5<\/span><\/td>\n<\/tr>\n<\/tbody>\n<\/table>\n<h2><b>Nh\u1eefng \u0111i\u1ec1u c\u1ea7n ch\u00fa \u00fd khi t\u1ea3i app 188BET<\/b><\/h2>\n<figure id=\"attachment_127\" aria-describedby=\"caption-attachment-127\" style=\"width: 800px\" class=\"wp-caption aligncenter\"><img loading=\"lazy\" decoding=\"async\" class=\"size-full wp-image-127\" src=\"https:\/\/d-factory.in.net\/wp-content\/uploads\/2025\/11\/tai-app-4.jpg\" alt=\"Nh\u1eefng \u0111i\u1ec1u c\u1ea7n ch\u00fa \u00fd khi t\u1ea3i app 188BET\" width=\"800\" height=\"400\" srcset=\"https:\/\/d-factory.in.net\/wp-content\/uploads\/2025\/11\/tai-app-4.jpg 800w, https:\/\/d-factory.in.net\/wp-content\/uploads\/2025\/11\/tai-app-4-300x150.jpg 300w, https:\/\/d-factory.in.net\/wp-content\/uploads\/2025\/11\/tai-app-4-768x384.jpg 768w\" sizes=\"auto, (max-width: 800px) 100vw, 800px\" \/><figcaption id=\"caption-attachment-127\" class=\"wp-caption-text\">Nh\u1eefng \u0111i\u1ec1u c\u1ea7n ch\u00fa \u00fd khi t\u1ea3i app 188BET<\/figcaption><\/figure>\n<ul>\n<li style=\"font-weight: 400;\" aria-level=\"1\"><span style=\"font-weight: 400;\">\u0110\u1ea3m b\u1ea3o thi\u1ebft b\u1ecb c\u1ee7a b\u1ea1n \u0111\u00e1p \u1ee9ng c\u00e1c y\u00eau c\u1ea7u t\u1ed1i thi\u1ec3u c\u1ee7a \u1ee9ng d\u1ee5ng.<\/span><\/li>\n<li style=\"font-weight: 400;\" aria-level=\"1\"><span style=\"font-weight: 400;\">Ch\u1ec9 t\u1ea3i t\u1eeb c\u00e1c ngu\u1ed3n ch\u00ednh th\u1ee9c \u0111\u1ec3 tr\u00e1nh m\u1ea5t an to\u00e0n b\u1ea3o m\u1eadt.<\/span><\/li>\n<li style=\"font-weight: 400;\" aria-level=\"1\"><span style=\"font-weight: 400;\">C\u1eadp nh\u1eadt ph\u1ea7n m\u1ec1m, \u1ee9ng d\u1ee5ng th\u01b0\u1eddng xuy\u00ean \u0111\u1ec3 nh\u1eadn c\u00e1c t\u00ednh n\u0103ng m\u1edbi v\u00e0 s\u1eeda l\u1ed7i b\u1ea3o m\u1eadt.<\/span><\/li>\n<li style=\"font-weight: 400;\" aria-level=\"1\"><span style=\"font-weight: 400;\">Tr\u00e1nh \u0111\u1ec3 l\u1ed9 th\u00f4ng tin t\u00e0i kho\u1ea3n, s\u1eed d\u1ee5ng m\u1eadt kh\u1ea9u m\u1ea1nh \u0111\u1ec3 \u0111\u1ea3m b\u1ea3o an to\u00e0n.<\/span><\/li>\n<\/ul>\n<h2><b>T\u1ed5ng k\u1ebft<\/b><\/h2>\n<p><span style=\"font-weight: 400;\">Vi\u1ec7c <\/span><a href=\"https:\/\/d-factory.in.net\/index.php\/tai-app-188bet\"><b>t\u1ea3i app 188BET<\/b><\/a><span style=\"font-weight: 400;\"> l\u00e0 b\u01b0\u1edbc quan tr\u1ecdng \u0111\u1ec3 c\u00e1 c\u01b0\u1ee3c tr\u1ef1c tuy\u1ebfn tr\u1edf n\u00ean d\u1ec5 d\u00e0ng, thu\u1eadn ti\u1ec7n v\u00e0 an to\u00e0n h\u01a1n. Ng\u01b0\u1eddi ch\u01a1i n\u00ean l\u1ef1a ch\u1ecdn \u1ee9ng d\u1ee5ng ph\u00f9 h\u1ee3p v\u1edbi thi\u1ebft b\u1ecb v\u00e0 nhu c\u1ea7u c\u1ee7a m\u00ecnh, \u0111\u1ed3ng th\u1eddi tu\u00e2n th\u1ee7 c\u00e1c h\u01b0\u1edbng d\u1eabn t\u1ea3i v\u00e0 c\u00e0i \u0111\u1eb7t \u0111\u1ec3 \u0111\u1ea3m b\u1ea3o an to\u00e0n d\u1eef li\u1ec7u. V\u1edbi nh\u1eefng \u1ee9ng d\u1ee5ng uy t\u00edn nh\u01b0 \u0111\u00e3 gi\u1edbi thi\u1ec7u, b\u1ea1n s\u1ebd c\u00f3 n\u1ec1n t\u1ea3ng v\u1eefng ch\u1eafc \u0111\u1ec3 tr\u1ea3i nghi\u1ec7m c\u00e1c d\u1ecbch v\u1ee5 c\u00e1 c\u01b0\u1ee3c h\u00e0ng \u0111\u1ea7u hi\u1ec7n nay.<\/span><\/p>\n","protected":false},"excerpt":{"rendered":"<p>Trong l\u0129nh v\u1ef1c c\u00e1 c\u01b0\u1ee3c tr\u1ef1c tuy\u1ebfn ng\u00e0y nay, t\u1ea3i app 188BET l\u00e0 b\u01b0\u1edbc quan tr\u1ecdng gi\u00fap ng\u01b0\u1eddi ch\u01a1i d\u1ec5 d\u00e0ng ti\u1ebfp c\u1eadn c\u00e1c d\u1ecbch v\u1ee5 c\u00e1 c\u01b0\u1ee3c \u0111a d\u1ea1ng v\u00e0 ti\u1ec7n l\u1ee3i. 188BET l\u00e0 m\u1ed9t trong nh\u1eefng nh\u00e0 c\u00e1i n\u1ed5i b\u1eadt, \u0111\u01b0\u1ee3c y\u00eau th\u00edch t\u1ea1i Vi\u1ec7t Nam, v\u1edbi giao di\u1ec7n th\u00e2n thi\u1ec7n, t\u00ednh n\u0103ng [&#8230;]\n","protected":false},"author":1,"featured_media":130,"parent":0,"menu_order":0,"comment_status":"closed","ping_status":"closed","template":"page-blank-title-center.php","meta":{"footnotes":""},"class_list":["post-126","page","type-page","status-publish","has-post-thumbnail","hentry"],"_links":{"self":[{"href":"https:\/\/d-factory.in.net\/index.php\/wp-json\/wp\/v2\/pages\/126","targetHints":{"allow":["GET"]}}],"collection":[{"href":"https:\/\/d-factory.in.net\/index.php\/wp-json\/wp\/v2\/pages"}],"about":[{"href":"https:\/\/d-factory.in.net\/index.php\/wp-json\/wp\/v2\/types\/page"}],"author":[{"embeddable":true,"href":"https:\/\/d-factory.in.net\/index.php\/wp-json\/wp\/v2\/users\/1"}],"replies":[{"embeddable":true,"href":"https:\/\/d-factory.in.net\/index.php\/wp-json\/wp\/v2\/comments?post=126"}],"version-history":[{"count":2,"href":"https:\/\/d-factory.in.net\/index.php\/wp-json\/wp\/v2\/pages\/126\/revisions"}],"predecessor-version":[{"id":132,"href":"https:\/\/d-factory.in.net\/index.php\/wp-json\/wp\/v2\/pages\/126\/revisions\/132"}],"wp:featuredmedia":[{"embeddable":true,"href":"https:\/\/d-factory.in.net\/index.php\/wp-json\/wp\/v2\/media\/130"}],"wp:attachment":[{"href":"https:\/\/d-factory.in.net\/index.php\/wp-json\/wp\/v2\/media?parent=126"}],"curies":[{"name":"wp","href":"https:\/\/api.w.org\/{rel}","templated":true}]}}