{"id":114,"date":"2025-11-10T13:27:33","date_gmt":"2025-11-10T13:27:33","guid":{"rendered":"https:\/\/d-factory.in.net\/?page_id=114"},"modified":"2025-11-10T13:27:33","modified_gmt":"2025-11-10T13:27:33","slug":"nap-tien-188bet","status":"publish","type":"page","link":"https:\/\/d-factory.in.net\/index.php\/nap-tien-188bet\/","title":{"rendered":"N\u1ea1p Ti\u1ec1n 188BET: H\u01b0\u1edbng D\u1eabn Chi Ti\u1ebft V\u00e0 D\u1ec5 Hi\u1ec3u"},"content":{"rendered":"<p><span style=\"font-weight: 400;\">Trong th\u1ebf gi\u1edbi c\u00e1 c\u01b0\u1ee3c th\u1ec3 thao v\u00e0 casino tr\u1ef1c tuy\u1ebfn ng\u00e0y nay, vi\u1ec7c <\/span><b>n\u1ea1p ti\u1ec1n 188BET<\/b><span style=\"font-weight: 400;\"> l\u00e0 b\u01b0\u1edbc \u0111\u1ea7u ti\u00ean v\u00e0 quan tr\u1ecdng gi\u00fap ng\u01b0\u1eddi ch\u01a1i <a href=\"https:\/\/d-factory.in.net\/\"><strong>188BET<\/strong><\/a> tham gia c\u00e1c ho\u1ea1t \u0111\u1ed9ng gi\u1ea3i tr\u00ed m\u1ed9t c\u00e1ch thu\u1eadn ti\u1ec7n v\u00e0 nhanh ch\u00f3ng.\u00a0<\/span><\/p>\n<h2><b>Gi\u1edbi thi\u1ec7u v\u1ec1 n\u1ea1p ti\u1ec1n 188bet<\/b><\/h2>\n<figure id=\"attachment_117\" aria-describedby=\"caption-attachment-117\" style=\"width: 800px\" class=\"wp-caption aligncenter\"><img loading=\"lazy\" decoding=\"async\" class=\"size-full wp-image-117\" src=\"https:\/\/d-factory.in.net\/wp-content\/uploads\/2025\/11\/nap-tien-2.jpg\" alt=\"Gi\u1edbi thi\u1ec7u v\u1ec1 n\u1ea1p ti\u1ec1n 188BET\" width=\"800\" height=\"400\" srcset=\"https:\/\/d-factory.in.net\/wp-content\/uploads\/2025\/11\/nap-tien-2.jpg 800w, https:\/\/d-factory.in.net\/wp-content\/uploads\/2025\/11\/nap-tien-2-300x150.jpg 300w, https:\/\/d-factory.in.net\/wp-content\/uploads\/2025\/11\/nap-tien-2-768x384.jpg 768w\" sizes=\"auto, (max-width: 800px) 100vw, 800px\" \/><figcaption id=\"caption-attachment-117\" class=\"wp-caption-text\">Gi\u1edbi thi\u1ec7u v\u1ec1 n\u1ea1p ti\u1ec1n 188BET<\/figcaption><\/figure>\n<p><b>n\u1ea1p ti\u1ec1n 188BET<\/b><span style=\"font-weight: 400;\"> l\u00e0 qu\u00e1 tr\u00ecnh chuy\u1ec3n giao ti\u1ec1n t\u1eeb t\u00e0i kho\u1ea3n ng\u00e2n h\u00e0ng ho\u1eb7c c\u00e1c ph\u01b0\u01a1ng th\u1ee9c thanh to\u00e1n \u0111i\u1ec7n t\u1eed sang t\u00e0i kho\u1ea3n c\u00e1 c\u01b0\u1ee3c tr\u00ean n\u1ec1n t\u1ea3ng. \u0110\u00e2y l\u00e0 b\u01b0\u1edbc kh\u00f4ng th\u1ec3 thi\u1ebfu \u0111\u1ec3 tham gia \u0111\u1eb7t c\u01b0\u1ee3c, ch\u01a1i game ho\u1eb7c r\u00fat th\u01b0\u1edfng khi th\u1eafng cu\u1ed9c. Vi\u1ec7c n\u1ea1p ti\u1ec1n 188BET thu\u1eadn ti\u1ec7n, nhanh ch\u00f3ng, \u0111\u1ea3m b\u1ea3o an to\u00e0n s\u1ebd gi\u00fap ng\u01b0\u1eddi ch\u01a1i c\u00f3 nh\u1eefng tr\u1ea3i nghi\u1ec7m t\u1ed1t h\u01a1n c\u0169ng nh\u01b0 tr\u00e1nh \u0111\u01b0\u1ee3c c\u00e1c r\u1eafc r\u1ed1i v\u1ec1 b\u1ea3o m\u1eadt.<\/span><\/p>\n<p><span style=\"font-weight: 400;\">Trong ph\u1ea7n ti\u1ebfp theo, ch\u00fang ta s\u1ebd \u0111i s\u00e2u v\u00e0o c\u00e1c ph\u01b0\u01a1ng th\u1ee9c ph\u1ed5 bi\u1ebfn nh\u1ea5t c\u0169ng nh\u01b0 h\u01b0\u1edbng d\u1eabn t\u1eebng b\u01b0\u1edbc \u0111\u1ec3 gi\u00fap b\u1ea1n th\u1ef1c hi\u1ec7n thao t\u00e1c n\u00e0y d\u1ec5 d\u00e0ng h\u01a1n.<\/span><\/p>\n<h2><b>C\u00e1c ph\u01b0\u01a1ng th\u1ee9c n\u1ea1p ti\u1ec1n 188BET ph\u1ed5 bi\u1ebfn<\/b><\/h2>\n<p><span style=\"font-weight: 400;\">Hi\u1ec7n nay, nh\u00e0 c\u00e1i cung c\u1ea5p nhi\u1ec1u ph\u01b0\u01a1ng th\u1ee9c n\u1ed9p ti\u1ec1n \u0111a d\u1ea1ng ph\u00f9 h\u1ee3p v\u1edbi t\u1eebng nhu c\u1ea7u c\u1ee7a kh\u00e1ch h\u00e0ng. Trong \u0111\u00f3, c\u00e1c ph\u01b0\u01a1ng th\u1ee9c nh\u01b0 chuy\u1ec3n kho\u1ea3n ng\u00e2n h\u00e0ng, v\u00ed \u0111i\u1ec7n t\u1eed, th\u1ebb c\u00e0o, v\u00e0 c\u00e1c d\u1ecbch v\u1ee5 thanh to\u00e1n online kh\u00f4ng ng\u1eebng \u0111\u01b0\u1ee3c c\u1ea3i ti\u1ebfn \u0111\u1ec3 \u0111em l\u1ea1i s\u1ef1 ti\u1ec7n l\u1ee3i, an to\u00e0n t\u1ed1i \u0111a.<\/span><\/p>\n<p><span style=\"font-weight: 400;\">D\u01b0\u1edbi \u0111\u00e2y l\u00e0 m\u1ed9t s\u1ed1 ph\u01b0\u01a1ng th\u1ee9c ph\u1ed5 bi\u1ebfn nh\u1ea5t c\u00f9ng nh\u1eefng \u01b0u \u0111i\u1ec3m n\u1ed5i b\u1eadt c\u1ee7a ch\u00fang.<\/span><\/p>\n<h3><b>Qua chuy\u1ec3n kho\u1ea3n ng\u00e2n h\u00e0ng<\/b><\/h3>\n<p><span style=\"font-weight: 400;\">Ph\u01b0\u01a1ng th\u1ee9c n\u00e0y \u0111\u01b0\u1ee3c nhi\u1ec1u ng\u01b0\u1eddi ch\u01a1i y\u00eau th\u00edch v\u00ec \u0111\u1ed9 tin c\u1eady cao, c\u00f3 th\u1ec3 n\u1ea1p ti\u1ec1n 188BET m\u1ecdi l\u00fac m\u1ecdi n\u01a1i th\u00f4ng qua c\u00e1c ng\u00e2n h\u00e0ng \u0111i\u1ec7n t\u1eed ho\u1eb7c chuy\u1ec3n kho\u1ea3n tr\u1ef1c ti\u1ebfp t\u1ea1i ng\u00e2n h\u00e0ng. Hi\u1ec7n t\u1ea1i, nh\u00e0 c\u00e1i h\u1ee3p t\u00e1c v\u1edbi c\u00e1c ng\u00e2n h\u00e0ng l\u1edbn v\u00e0 uy t\u00edn, gi\u00fap qu\u00e1 tr\u00ecnh tr\u1edf n\u00ean nhanh ch\u00f3ng v\u00e0 an to\u00e0n.<\/span><\/p>\n<h3><b>Qua v\u00ed \u0111i\u1ec7n t\u1eed<\/b><\/h3>\n<figure id=\"attachment_116\" aria-describedby=\"caption-attachment-116\" style=\"width: 800px\" class=\"wp-caption aligncenter\"><img loading=\"lazy\" decoding=\"async\" class=\"size-full wp-image-116\" src=\"https:\/\/d-factory.in.net\/wp-content\/uploads\/2025\/11\/nap-tien-3.jpg\" alt=\"n\u1ea1p ti\u1ec1n 188BET qua v\u00ed \u0111i\u1ec7n t\u1eed\" width=\"800\" height=\"400\" srcset=\"https:\/\/d-factory.in.net\/wp-content\/uploads\/2025\/11\/nap-tien-3.jpg 800w, https:\/\/d-factory.in.net\/wp-content\/uploads\/2025\/11\/nap-tien-3-300x150.jpg 300w, https:\/\/d-factory.in.net\/wp-content\/uploads\/2025\/11\/nap-tien-3-768x384.jpg 768w\" sizes=\"auto, (max-width: 800px) 100vw, 800px\" \/><figcaption id=\"caption-attachment-116\" class=\"wp-caption-text\">n\u1ea1p ti\u1ec1n 188BET qua v\u00ed \u0111i\u1ec7n t\u1eed<\/figcaption><\/figure>\n<p><span style=\"font-weight: 400;\">V\u00ed \u0111i\u1ec7n t\u1eed nh\u01b0 MoMo, ZaloPay, v\u00e0 AirPay l\u00e0 c\u00e1c ph\u01b0\u01a1ng th\u1ee9c ph\u1ed5 bi\u1ebfn gi\u00fap ng\u01b0\u1eddi ch\u01a1i nhanh ch\u00f3ng m\u00e0 kh\u00f4ng c\u1ea7n ph\u1ea3i ra ng\u00e2n h\u00e0ng hay ATM. H\u00ecnh th\u1ee9c n\u00e0y c\u00f2n c\u00f3 t\u00ednh ti\u1ec7n l\u1ee3i, s\u1ed1 d\u01b0 c\u00f3 th\u1ec3 s\u1eed d\u1ee5ng ngay l\u1eadp t\u1ee9c cho c\u00e1c ho\u1ea1t \u0111\u1ed9ng c\u01b0\u1ee3c.<\/span><\/p>\n<h3><b>Qua th\u1ebb c\u00e0o \u0111i\u1ec7n tho\u1ea1i<\/b><\/h3>\n<p><span style=\"font-weight: 400;\">D\u00f9 l\u00e0 ph\u01b0\u01a1ng th\u1ee9c truy\u1ec1n th\u1ed1ng nh\u01b0ng v\u1eabn c\u00f2n \u0111\u01b0\u1ee3c nhi\u1ec1u ng\u01b0\u1eddi d\u00f9ng y\u00eau th\u00edch b\u1edfi t\u00ednh \u0111\u01a1n gi\u1ea3n, kh\u00f4ng c\u1ea7n ph\u1ea3i nh\u1edb c\u00e1c th\u00f4ng tin ng\u00e2n h\u00e0ng ph\u1ee9c t\u1ea1p. Ng\u01b0\u1eddi d\u00f9ng ch\u1ec9 c\u1ea7n mua m\u00e3 th\u1ebb c\u00e0o, nh\u1eadp v\u00e0o h\u1ec7 th\u1ed1ng v\u00e0 ti\u1ec1n s\u1ebd v\u00e0o t\u00e0i kho\u1ea3n c\u1ee7a b\u1ea1n.<\/span><\/p>\n<h3><b>Qua c\u00e1c d\u1ecbch v\u1ee5 trung gian thanh to\u00e1n<\/b><\/h3>\n<p><span style=\"font-weight: 400;\">M\u1ed9t s\u1ed1 ng\u00e2n h\u00e0ng ho\u1eb7c c\u00e1c d\u1ecbch v\u1ee5 trung gian nh\u01b0 ViettelPay ho\u1eb7c Payoo c\u0169ng h\u1ed7 tr\u1ee3 qua m\u00e3 QR ho\u1eb7c li\u00ean k\u1ebft tr\u1ef1c ti\u1ebfp, gi\u00fap ng\u01b0\u1eddi ch\u01a1i c\u00f3 th\u00eam \u0111a d\u1ea1ng l\u1ef1a ch\u1ecdn.<\/span><\/p>\n<h2><b>H\u01b0\u1edbng d\u1eabn chi ti\u1ebft c\u00e1ch n\u1ea1p ti\u1ec1n 188BET\u00a0<\/b><\/h2>\n<p><span style=\"font-weight: 400;\">Ti\u1ebfn h\u00e0nh n\u1ea1p ti\u1ec1n 188BET kh\u00f4ng qu\u00e1 ph\u1ee9c t\u1ea1p, nh\u01b0ng \u0111\u1ec3 \u0111\u1ea3m b\u1ea3o an to\u00e0n v\u00e0 nhanh ch\u00f3ng, b\u1ea1n c\u1ea7n l\u00e0m theo c\u00e1c b\u01b0\u1edbc h\u01b0\u1edbng d\u1eabn d\u01b0\u1edbi \u0111\u00e2y.<\/span><\/p>\n<h3><b>C\u00e1c b\u01b0\u1edbc n\u1ea1p ti\u1ec1n 188BET\u00a0<\/b><\/h3>\n<ul>\n<li style=\"font-weight: 400;\" aria-level=\"1\"><span style=\"font-weight: 400;\">\u0110\u0103ng nh\u1eadp v\u00e0o t\u00e0i kho\u1ea3n c\u00e1 c\u01b0\u1ee3c c\u1ee7a b\u1ea1n: Truy c\u1eadp trang web ho\u1eb7c \u1ee9ng d\u1ee5ng di \u0111\u1ed9ng, nh\u1eadp th\u00f4ng tin \u0111\u0103ng nh\u1eadp ch\u00ednh x\u00e1c.<\/span><\/li>\n<li style=\"font-weight: 400;\" aria-level=\"1\"><span style=\"font-weight: 400;\">Ch\u1ecdn m\u1ee5c &#8220;n\u1ea1p ti\u1ec1n 188BET&#8221; ho\u1eb7c &#8220;G\u1eedi ti\u1ec1n&#8221;: Trong giao di\u1ec7n ch\u00ednh, b\u1ea1n s\u1ebd th\u1ea5y m\u1ee5c n\u00e0y r\u00f5 r\u00e0ng \u0111\u1ec3 th\u1ef1c hi\u1ec7n thao t\u00e1c.<\/span><\/li>\n<li style=\"font-weight: 400;\" aria-level=\"1\"><span style=\"font-weight: 400;\">Ch\u1ecdn ph\u01b0\u01a1ng th\u1ee9c thanh to\u00e1n ph\u00f9 h\u1ee3p: Ch\u1ecdn ph\u01b0\u01a1ng th\u1ee9c nh\u01b0 chuy\u1ec3n kho\u1ea3n bank, v\u00ed \u0111i\u1ec7n t\u1eed, ho\u1eb7c th\u1ebb c\u00e0o.<\/span><\/li>\n<li style=\"font-weight: 400;\" aria-level=\"1\"><span style=\"font-weight: 400;\">Nh\u1eadp s\u1ed1 ti\u1ec1n mu\u1ed1n n\u1ea1p: \u0110\u1eb7t m\u1ee9c ti\u1ec1n ph\u00f9 h\u1ee3p v\u1edbi ng\u00e2n s\u00e1ch ho\u1eb7c nhu c\u1ea7u ch\u01a1i c\u1ee7a b\u1ea1n.<\/span><\/li>\n<li style=\"font-weight: 400;\" aria-level=\"1\"><span style=\"font-weight: 400;\">Th\u1ef1c hi\u1ec7n thanh to\u00e1n theo h\u01b0\u1edbng d\u1eabn: V\u1edbi m\u1ed7i ph\u01b0\u01a1ng th\u1ee9c, h\u1ec7 th\u1ed1ng s\u1ebd h\u01b0\u1edbng d\u1eabn c\u1ee5 th\u1ec3 c\u00e1ch ho\u00e0n t\u1ea5t chuy\u1ec3n ti\u1ec1n.<\/span><\/li>\n<li style=\"font-weight: 400;\" aria-level=\"1\"><span style=\"font-weight: 400;\">X\u00e1c nh\u1eadn giao d\u1ecbch: Sau khi thanh to\u00e1n th\u00e0nh c\u00f4ng, h\u1ec7 th\u1ed1ng s\u1ebd t\u1ef1 \u0111\u1ed9ng c\u1eadp nh\u1eadt s\u1ed1 d\u01b0 trong t\u00e0i kho\u1ea3n c\u1ee7a b\u1ea1n. Th\u1eddi gian th\u01b0\u1eddng t\u1eeb v\u00e0i ph\u00fat \u0111\u1ebfn v\u00e0i gi\u1edd t\u00f9y ph\u01b0\u01a1ng th\u1ee9c.<\/span><\/li>\n<\/ul>\n<h3><b>L\u1eddi khuy\u00ean v\u00e0 m\u1eb9o nh\u1ecf<\/b><\/h3>\n<figure id=\"attachment_115\" aria-describedby=\"caption-attachment-115\" style=\"width: 800px\" class=\"wp-caption aligncenter\"><img loading=\"lazy\" decoding=\"async\" class=\"size-full wp-image-115\" src=\"https:\/\/d-factory.in.net\/wp-content\/uploads\/2025\/11\/nap-tien-4.jpg\" alt=\"L\u1eddi khuy\u00ean v\u00e0 m\u1eb9o nh\u1ecf\" width=\"800\" height=\"400\" srcset=\"https:\/\/d-factory.in.net\/wp-content\/uploads\/2025\/11\/nap-tien-4.jpg 800w, https:\/\/d-factory.in.net\/wp-content\/uploads\/2025\/11\/nap-tien-4-300x150.jpg 300w, https:\/\/d-factory.in.net\/wp-content\/uploads\/2025\/11\/nap-tien-4-768x384.jpg 768w\" sizes=\"auto, (max-width: 800px) 100vw, 800px\" \/><figcaption id=\"caption-attachment-115\" class=\"wp-caption-text\">L\u1eddi khuy\u00ean v\u00e0 m\u1eb9o nh\u1ecf<\/figcaption><\/figure>\n<p><span style=\"font-weight: 400;\">Trong qu\u00e1 tr\u00ecnh, b\u1ea1n n\u00ean ki\u1ec3m tra k\u1ef9 c\u00e1c th\u00f4ng tin, \u0111\u1eb7c bi\u1ec7t l\u00e0 s\u1ed1 t\u00e0i kho\u1ea3n, s\u1ed1 ti\u1ec1n, m\u00e3 giao d\u1ecbch \u0111\u1ec3 tr\u00e1nh nh\u1ea7m l\u1eabn. Kho\u1ea3ng th\u1eddi gian x\u00e1c nh\u1eadn ph\u1ee5 thu\u1ed9c v\u00e0o ph\u01b0\u01a1ng th\u1ee9c thanh to\u00e1n, v\u00ec v\u1eady h\u00e3y ki\u00ean nh\u1eabn ch\u1edd \u0111\u1ee3i.<\/span><\/p>\n<p><span style=\"font-weight: 400;\">Ngo\u00e0i ra, nh\u1eefng ng\u01b0\u1eddi ch\u01a1i m\u1edbi n\u00ean th\u1eed n\u1ea1p v\u1edbi s\u1ed1 ti\u1ec1n nh\u1ecf tr\u01b0\u1edbc khi n\u1ea1p l\u1edbn \u0111\u1ec3 \u0111\u1ea3m b\u1ea3o m\u1ecdi thao t\u00e1c \u0111\u1ec1u ch\u00ednh x\u00e1c v\u00e0 an to\u00e0n.<\/span><\/p>\n<h3><b>M\u1ed9t s\u1ed1 l\u01b0u \u00fd an to\u00e0n khi n\u1ea1p ti\u1ec1n 188BET<\/b><\/h3>\n<ul>\n<li style=\"font-weight: 400;\" aria-level=\"1\"><span style=\"font-weight: 400;\">Ch\u1ec9 s\u1eed d\u1ee5ng c\u00e1c ph\u01b0\u01a1ng th\u1ee9c thanh to\u00e1n ch\u00ednh th\u1ee9c v\u00e0 \u0111\u00e1ng tin c\u1eady t\u1eeb h\u1ec7 th\u1ed1ng.<\/span><\/li>\n<li style=\"font-weight: 400;\" aria-level=\"1\"><span style=\"font-weight: 400;\">Kh\u00f4ng cung c\u1ea5p th\u00f4ng tin t\u00e0i kho\u1ea3n ng\u00e2n h\u00e0ng ho\u1eb7c m\u00e3 th\u1ebb c\u00e0o cho ng\u01b0\u1eddi l\u1ea1 ho\u1eb7c c\u00e1c trang web kh\u00f4ng r\u00f5 ngu\u1ed3n g\u1ed1c.<\/span><\/li>\n<li style=\"font-weight: 400;\" aria-level=\"1\"><span style=\"font-weight: 400;\">\u0110\u1ea3m b\u1ea3o tr\u00ecnh duy\u1ec7t c\u1ee7a b\u1ea1n \u0111\u00e3 \u0111\u01b0\u1ee3c c\u1eadp nh\u1eadt b\u1ea3o m\u1eadt, tr\u00e1nh r\u00f2 r\u1ec9 th\u00f4ng tin c\u00e1 nh\u00e2n.<\/span><\/li>\n<li style=\"font-weight: 400;\" aria-level=\"1\"><span style=\"font-weight: 400;\">Sau khi th\u1ef1c hi\u1ec7n, ki\u1ec3m tra t\u00e0i kho\u1ea3n xem \u0111\u00e3 c\u1eadp nh\u1eadt ch\u00ednh x\u00e1c ch\u01b0a. N\u1ebfu c\u00f3 v\u1ea5n \u0111\u1ec1, li\u00ean h\u1ec7 ngay b\u1ed9 ph\u1eadn ch\u0103m s\u00f3c kh\u00e1ch h\u00e0ng.<\/span><\/li>\n<\/ul>\n<h2><b>So s\u00e1nh c\u00e1c ph\u01b0\u01a1ng th\u1ee9c n\u1ea1p ti\u1ec1n 188BET\u00a0<\/b><\/h2>\n<table>\n<tbody>\n<tr>\n<td><b>Ph\u01b0\u01a1ng th\u1ee9c<\/b><\/td>\n<td><b>Th\u1eddi gian x\u1eed l\u00fd<\/b><\/td>\n<td><b>Ph\u00ed d\u1ecbch v\u1ee5<\/b><\/td>\n<td><b>\u01afu \u0111i\u1ec3m<\/b><\/td>\n<td><b>Nh\u01b0\u1ee3c \u0111i\u1ec3m<\/b><\/td>\n<\/tr>\n<tr>\n<td><span style=\"font-weight: 400;\">Chuy\u1ec3n kho\u1ea3n ng\u00e2n h\u00e0ng<\/span><\/td>\n<td><span style=\"font-weight: 400;\">15 ph\u00fat &#8211; 1 gi\u1edd<\/span><\/td>\n<td><span style=\"font-weight: 400;\">Th\u01b0\u1eddng mi\u1ec5n ph\u00ed<\/span><\/td>\n<td><span style=\"font-weight: 400;\">An to\u00e0n cao, ph\u00f9 h\u1ee3p v\u1edbi ng\u01b0\u1eddi d\u00f9ng quen ng\u00e2n h\u00e0ng<\/span><\/td>\n<td><span style=\"font-weight: 400;\">Thao t\u00e1c nhi\u1ec1u b\u01b0\u1edbc, ch\u1edd l\u00e2u h\u01a1n c\u00e1c ph\u01b0\u01a1ng th\u1ee9c kh\u00e1c<\/span><\/td>\n<\/tr>\n<tr>\n<td><span style=\"font-weight: 400;\">V\u00ed \u0111i\u1ec7n t\u1eed<\/span><\/td>\n<td><span style=\"font-weight: 400;\">Ngay l\u1eadp t\u1ee9c ho\u1eb7c &lt;= 5 ph\u00fat<\/span><\/td>\n<td><span style=\"font-weight: 400;\">Th\u01b0\u1eddng mi\u1ec5n ph\u00ed<\/span><\/td>\n<td><span style=\"font-weight: 400;\">Nhanh ch\u00f3ng, ti\u1ec7n l\u1ee3i, d\u1ec5 s\u1eed d\u1ee5ng<\/span><\/td>\n<td><span style=\"font-weight: 400;\">Ph\u1ee5 thu\u1ed9c v\u00e0o h\u1ea1n m\u1ee9c c\u1ee7a v\u00ed<\/span><\/td>\n<\/tr>\n<tr>\n<td><span style=\"font-weight: 400;\">Th\u1ebb c\u00e0o \u0111i\u1ec7n tho\u1ea1i<\/span><\/td>\n<td><span style=\"font-weight: 400;\">Ngay l\u1eadp t\u1ee9c<\/span><\/td>\n<td><span style=\"font-weight: 400;\">Th\u01b0\u1eddng mi\u1ec5n ph\u00ed<\/span><\/td>\n<td><span style=\"font-weight: 400;\">\u0110\u01a1n gi\u1ea3n, kh\u00f4ng c\u1ea7n k\u1ebft n\u1ed1i internet<\/span><\/td>\n<td><span style=\"font-weight: 400;\">M\u1ea5t ph\u1ea7n tr\u0103m do ph\u00ed c\u00e0o ho\u1eb7c gi\u1edbi h\u1ea1n m\u1ee9c n\u1ea1p<\/span><\/td>\n<\/tr>\n<tr>\n<td><span style=\"font-weight: 400;\">D\u1ecbch v\u1ee5 trung gian thanh to\u00e1n<\/span><\/td>\n<td><span style=\"font-weight: 400;\">5 &#8211; 30 ph\u00fat<\/span><\/td>\n<td><span style=\"font-weight: 400;\">C\u00f3 th\u1ec3 t\u00ednh ph\u00ed<\/span><\/td>\n<td><span style=\"font-weight: 400;\">Linh ho\u1ea1t, \u0111a d\u1ea1ng l\u1ef1a ch\u1ecdn<\/span><\/td>\n<td><span style=\"font-weight: 400;\">Ph\u1ee5 thu\u1ed9c v\u00e0o nh\u00e0 cung c\u1ea5p d\u1ecbch v\u1ee5<\/span><\/td>\n<\/tr>\n<\/tbody>\n<\/table>\n<h2><b>T\u1ed5ng k\u1ebft<\/b><\/h2>\n<p><span style=\"font-weight: 400;\">Vi\u1ec7c <\/span><a href=\"https:\/\/d-factory.in.net\/index.php\/nap-tien-188bet\"><b>n\u1ea1p ti\u1ec1n 188BET<\/b><\/a><span style=\"font-weight: 400;\"> l\u00e0 b\u01b0\u1edbc \u0111\u1ea7u ti\u00ean gi\u00fap ng\u01b0\u1eddi ch\u01a1i c\u00f3 th\u1ec3 tham gia c\u00e1c tr\u00f2 ch\u01a1i c\u00e1 c\u01b0\u1ee3c m\u1ed9t c\u00e1ch d\u1ec5 d\u00e0ng, nhanh ch\u00f3ng v\u00e0 an to\u00e0n. C\u00e1c ph\u01b0\u01a1ng th\u1ee9c \u0111a d\u1ea1ng mang \u0111\u1ebfn nhi\u1ec1u l\u1ef1a ch\u1ecdn ph\u00f9 h\u1ee3p v\u1edbi m\u1ecdi nhu c\u1ea7u v\u00e0 \u0111i\u1ec1u ki\u1ec7n c\u1ee7a ng\u01b0\u1eddi d\u00f9ng. S\u1eed d\u1ee5ng c\u00e1c h\u01b0\u1edbng d\u1eabn m\u1ed9t c\u00e1ch c\u1ea9n th\u1eadn c\u00f9ng c\u00e1c m\u1eb9o nh\u1ecf s\u1ebd gi\u00fap b\u1ea1n th\u1ef1c hi\u1ec7n giao d\u1ecbch th\u00e0nh c\u00f4ng v\u00e0 tr\u00e1nh r\u1ee7i ro kh\u00f4ng \u0111\u00e1ng c\u00f3.<\/span><\/p>\n","protected":false},"excerpt":{"rendered":"<p>Trong th\u1ebf gi\u1edbi c\u00e1 c\u01b0\u1ee3c th\u1ec3 thao v\u00e0 casino tr\u1ef1c tuy\u1ebfn ng\u00e0y nay, vi\u1ec7c n\u1ea1p ti\u1ec1n 188BET l\u00e0 b\u01b0\u1edbc \u0111\u1ea7u ti\u00ean v\u00e0 quan tr\u1ecdng gi\u00fap ng\u01b0\u1eddi ch\u01a1i 188BET tham gia c\u00e1c ho\u1ea1t \u0111\u1ed9ng gi\u1ea3i tr\u00ed m\u1ed9t c\u00e1ch thu\u1eadn ti\u1ec7n v\u00e0 nhanh ch\u00f3ng.\u00a0 Gi\u1edbi thi\u1ec7u v\u1ec1 n\u1ea1p ti\u1ec1n 188bet n\u1ea1p ti\u1ec1n 188BET l\u00e0 qu\u00e1 tr\u00ecnh chuy\u1ec3n [&#8230;]\n","protected":false},"author":1,"featured_media":118,"parent":0,"menu_order":0,"comment_status":"closed","ping_status":"closed","template":"page-blank-title-center.php","meta":{"footnotes":""},"class_list":["post-114","page","type-page","status-publish","has-post-thumbnail","hentry"],"_links":{"self":[{"href":"https:\/\/d-factory.in.net\/index.php\/wp-json\/wp\/v2\/pages\/114","targetHints":{"allow":["GET"]}}],"collection":[{"href":"https:\/\/d-factory.in.net\/index.php\/wp-json\/wp\/v2\/pages"}],"about":[{"href":"https:\/\/d-factory.in.net\/index.php\/wp-json\/wp\/v2\/types\/page"}],"author":[{"embeddable":true,"href":"https:\/\/d-factory.in.net\/index.php\/wp-json\/wp\/v2\/users\/1"}],"replies":[{"embeddable":true,"href":"https:\/\/d-factory.in.net\/index.php\/wp-json\/wp\/v2\/comments?post=114"}],"version-history":[{"count":1,"href":"https:\/\/d-factory.in.net\/index.php\/wp-json\/wp\/v2\/pages\/114\/revisions"}],"predecessor-version":[{"id":119,"href":"https:\/\/d-factory.in.net\/index.php\/wp-json\/wp\/v2\/pages\/114\/revisions\/119"}],"wp:featuredmedia":[{"embeddable":true,"href":"https:\/\/d-factory.in.net\/index.php\/wp-json\/wp\/v2\/media\/118"}],"wp:attachment":[{"href":"https:\/\/d-factory.in.net\/index.php\/wp-json\/wp\/v2\/media?parent=114"}],"curies":[{"name":"wp","href":"https:\/\/api.w.org\/{rel}","templated":true}]}}