{"id":11,"date":"2025-08-20T11:42:45","date_gmt":"2025-08-20T11:42:45","guid":{"rendered":"https:\/\/d-factory.in.net\/?page_id=11"},"modified":"2026-01-26T13:37:03","modified_gmt":"2026-01-26T13:37:03","slug":"trang-chu","status":"publish","type":"page","link":"https:\/\/d-factory.in.net\/","title":{"rendered":"Trang ch\u1ee7"},"content":{"rendered":"<div class=\"slider-wrapper relative\" id=\"slider-20036259\" >\n<div class=\"slider slider-nav-circle slider-nav-large slider-nav-light slider-style-normal\"\n        data-flickity-options='{\n            \"cellAlign\": \"center\",\n            \"imagesLoaded\": true,\n            \"lazyLoad\": 1,\n            \"freeScroll\": false,\n            \"wrapAround\": true,\n            \"autoPlay\": 1000,\n            \"pauseAutoPlayOnHover\" : true,\n            \"prevNextButtons\": true,\n            \"contain\" : true,\n            \"adaptiveHeight\" : true,\n            \"dragThreshold\" : 10,\n            \"percentPosition\": true,\n            \"pageDots\": true,\n            \"rightToLeft\": false,\n            \"draggable\": true,\n            \"selectedAttraction\": 0.1,\n            \"parallax\" : 0,\n            \"friction\": 0.6        }'\n        ><\/p>\n<div class=\"img has-hover x md-x lg-x y md-y lg-y\" id=\"image_801087511\">\n<div class=\"img-inner dark\" >\n\t\t\t<img loading=\"lazy\" decoding=\"async\" width=\"1920\" height=\"620\" src=\"https:\/\/d-factory.in.net\/wp-content\/uploads\/2025\/10\/banner-188bet-dang-ky-188bet-nhan-188k.png\" class=\"attachment-original size-original\" alt=\"\" srcset=\"https:\/\/d-factory.in.net\/wp-content\/uploads\/2025\/10\/banner-188bet-dang-ky-188bet-nhan-188k.png 1920w, https:\/\/d-factory.in.net\/wp-content\/uploads\/2025\/10\/banner-188bet-dang-ky-188bet-nhan-188k-300x97.png 300w, https:\/\/d-factory.in.net\/wp-content\/uploads\/2025\/10\/banner-188bet-dang-ky-188bet-nhan-188k-1024x331.png 1024w, https:\/\/d-factory.in.net\/wp-content\/uploads\/2025\/10\/banner-188bet-dang-ky-188bet-nhan-188k-768x248.png 768w, https:\/\/d-factory.in.net\/wp-content\/uploads\/2025\/10\/banner-188bet-dang-ky-188bet-nhan-188k-1536x496.png 1536w\" sizes=\"auto, (max-width: 1920px) 100vw, 1920px\" \/>\n\t\t\t\t\t<\/div>\n<style>\n#image_801087511 {\n  width: 100%;\n}\n<\/style>\n<\/p>\n<\/div>\n<div class=\"img has-hover x md-x lg-x y md-y lg-y\" id=\"image_883654255\">\n<div class=\"img-inner dark\" >\n\t\t\t<img loading=\"lazy\" decoding=\"async\" width=\"1920\" height=\"620\" src=\"https:\/\/d-factory.in.net\/wp-content\/uploads\/2025\/10\/188bet-the-thao-ca-cuoc-uy-tin-hop-tac-mb66.png\" class=\"attachment-original size-original\" alt=\"\" srcset=\"https:\/\/d-factory.in.net\/wp-content\/uploads\/2025\/10\/188bet-the-thao-ca-cuoc-uy-tin-hop-tac-mb66.png 1920w, https:\/\/d-factory.in.net\/wp-content\/uploads\/2025\/10\/188bet-the-thao-ca-cuoc-uy-tin-hop-tac-mb66-300x97.png 300w, https:\/\/d-factory.in.net\/wp-content\/uploads\/2025\/10\/188bet-the-thao-ca-cuoc-uy-tin-hop-tac-mb66-1024x331.png 1024w, https:\/\/d-factory.in.net\/wp-content\/uploads\/2025\/10\/188bet-the-thao-ca-cuoc-uy-tin-hop-tac-mb66-768x248.png 768w, https:\/\/d-factory.in.net\/wp-content\/uploads\/2025\/10\/188bet-the-thao-ca-cuoc-uy-tin-hop-tac-mb66-1536x496.png 1536w\" sizes=\"auto, (max-width: 1920px) 100vw, 1920px\" \/>\n\t\t\t\t\t<\/div>\n<style>\n#image_883654255 {\n  width: 100%;\n}\n<\/style>\n<\/p>\n<\/div>\n<\/div>\n<div class=\"loading-spin dark large centered\"><\/div>\n<\/p>\n<\/div>\n<div id=\"gap-1710695186\" class=\"gap-element clearfix\" style=\"display:block; height:auto;\">\n<style>\n#gap-1710695186 {\n  padding-top: 20px;\n}\n<\/style>\n<\/p>\n<\/div>\n<div id=\"gap-449313274\" class=\"gap-element clearfix\" style=\"display:block; height:auto;\">\n<style>\n#gap-449313274 {\n  padding-top: 20px;\n}\n<\/style>\n<\/p>\n<\/div>\n<div class=\"row\"  id=\"row-1194230823\">\n<div id=\"col-1461337890\" class=\"col small-12 large-12\"  >\n<div class=\"col-inner\"  >\n<h1 style=\"text-align: center;\"><b>188BET &#8211; Trang Ch\u1ee7 Ch\u00ednh Th\u1ee9c, Link Truy C\u1eadp Kh\u00f4ng B\u1ecb Ch\u1eb7n<\/b><\/h1>\n<p><span style=\"font-weight: 400;\">Ra m\u1eaft n\u0103m 2006, <a href=\"https:\/\/d-factory.in.net\/\"><strong>188BET<\/strong><\/a> nhanh ch\u00f3ng v\u01b0\u01a1n l\u00ean th\u00e0nh bi\u1ec3u t\u01b0\u1ee3ng trong l\u00e0ng c\u00e1 c\u01b0\u1ee3c ch\u00e2u \u00c1 v\u1edbi h\u01a1n 1 tri\u1ec7u t\u00e0i kho\u1ea3n ho\u1ea1t \u0111\u1ed9ng. \u0110\u01b0\u1ee3c c\u1ea5p ph\u00e9p b\u1edfi Isle of Man, khu v\u1ef1c gi\u00e1m s\u00e1t uy t\u00edn h\u00e0ng \u0111\u1ea7u th\u1ebf gi\u1edbi, nh\u00e0 c\u00e1i kh\u1eb3ng \u0111\u1ecbnh v\u1ecb th\u1ebf b\u1eb1ng s\u1ef1 minh b\u1ea1ch, t\u1ed1c \u0111\u1ed9 giao d\u1ecbch c\u1ef1c nhanh v\u00e0 n\u1ec1n t\u1ea3ng gi\u1ea3i tr\u00ed \u0111\u1eb3ng c\u1ea5p qu\u1ed1c t\u1ebf. Tham gia ngay n\u1ebfu b\u1ea1n l\u00e0 t\u00edn \u0111\u1ed3 c\u1ee7a game Casino, game b\u00e0i, b\u1eafn c\u00e1, Slot,&#8230;<\/span><\/p>\n<h2><b>Ngu\u1ed3n g\u1ed1c ra \u0111\u1eddi c\u1ee7a 188BET<\/b><\/h2>\n<figure id=\"attachment_68\" aria-describedby=\"caption-attachment-68\" style=\"width: 800px\" class=\"wp-caption aligncenter\"><img loading=\"lazy\" decoding=\"async\" class=\"size-full wp-image-68\" src=\"https:\/\/d-factory.in.net\/wp-content\/uploads\/2025\/11\/188bet-ra-mat.webp\" alt=\"Ch\u00ednh th\u1ee9c ra m\u1eaft n\u0103m 2006, 188BET \u0111\u00e3 th\u00e0nh c\u00f4ng kh\u1eb3ng \u0111\u1ecbnh t\u00ean tu\u1ed5i\" width=\"800\" height=\"400\" srcset=\"https:\/\/d-factory.in.net\/wp-content\/uploads\/2025\/11\/188bet-ra-mat.webp 800w, https:\/\/d-factory.in.net\/wp-content\/uploads\/2025\/11\/188bet-ra-mat-300x150.webp 300w, https:\/\/d-factory.in.net\/wp-content\/uploads\/2025\/11\/188bet-ra-mat-768x384.webp 768w\" sizes=\"auto, (max-width: 800px) 100vw, 800px\" \/><figcaption id=\"caption-attachment-68\" class=\"wp-caption-text\">Ch\u00ednh th\u1ee9c ra m\u1eaft n\u0103m 2006, 188BET \u0111\u00e3 th\u00e0nh c\u00f4ng kh\u1eb3ng \u0111\u1ecbnh t\u00ean tu\u1ed5i<\/figcaption><\/figure>\n<p><span style=\"font-weight: 400;\">188BET ch\u00ednh th\u1ee9c ra \u0111\u1eddi v\u00e0o n\u0103m 2006, ban \u0111\u1ea7u \u0111\u01b0\u1ee3c \u0111i\u1ec1u h\u00e0nh b\u1edfi CyberArena Ltd, sau \u0111\u00f3 chuy\u1ec3n giao cho Cube Limited, t\u1eadp \u0111o\u00e0n c\u00f3 tr\u1ee5 s\u1edf t\u1ea1i Isle of Man, khu v\u1ef1c n\u1ed5i ti\u1ebfng v\u1edbi h\u1ec7 th\u1ed1ng qu\u1ea3n l\u00fd c\u00e1 c\u01b0\u1ee3c minh b\u1ea1ch v\u00e0 nghi\u00eam ng\u1eb7t b\u1eadc nh\u1ea5t th\u1ebf gi\u1edbi. Ngay t\u1eeb khi xu\u1ea5t hi\u1ec7n, ch\u00fang t\u00f4i \u0111\u00e3 t\u1eadp trung ph\u00e1t tri\u1ec3n n\u1ec1n t\u1ea3ng c\u00e1 c\u01b0\u1ee3c tr\u1ef1c tuy\u1ebfn chuy\u00ean nghi\u1ec7p, h\u01b0\u1edbng \u0111\u1ebfn th\u1ecb tr\u01b0\u1eddng ch\u00e2u \u00c1 v\u00e0 ch\u00e2u \u00c2u.<\/span><\/p>\n<p><span style=\"font-weight: 400;\">Nh\u00e0 c\u00e1i s\u1edf h\u1eefu gi\u1ea5y ph\u00e9p ho\u1ea1t \u0111\u1ed9ng h\u1ee3p ph\u00e1p s\u1ed1 138598C do \u1ee6y ban Gi\u00e1m s\u00e1t C\u1edd b\u1ea1c Isle of Man (Isle of Man Gambling Supervision Commission) c\u1ea5p, \u0111\u1ea3m b\u1ea3o m\u1ecdi ho\u1ea1t \u0111\u1ed9ng \u0111\u01b0\u1ee3c ki\u1ec3m so\u00e1t ch\u1eb7t ch\u1ebd v\u00e0 minh b\u1ea1ch.<\/span><\/p>\n<p><span style=\"font-weight: 400;\">V\u1edbi t\u1ea7m nh\u00ecn x\u00e2y d\u1ef1ng th\u01b0\u01a1ng hi\u1ec7u qu\u1ed1c t\u1ebf, 188BET nhanh ch\u00f3ng tr\u1edf th\u00e0nh m\u1ed9t trong nh\u1eefng c\u00e1i t\u00ean ti\u00ean phong trong ng\u00e0nh c\u00e1 c\u01b0\u1ee3c to\u00e0n c\u1ea7u, ghi d\u1ea5u b\u1eb1ng uy t\u00edn, t\u1ed1c \u0111\u1ed9 giao d\u1ecbch nhanh v\u00e0 \u0111\u1ed9 b\u1ea3o m\u1eadt cao.<\/span><\/p>\n<h2><b>\u0110\u1ed1i t\u00e1c th\u1ec3 thao v\u00e0 th\u00e0nh t\u1ef1u n\u1ed5i b\u1eadt c\u1ee7a 188BET<\/b><\/h2>\n<p><span style=\"font-weight: 400;\">Trong su\u1ed1t h\u00e0nh tr\u00ecnh ph\u00e1t tri\u1ec3n, 188BET kh\u00f4ng ch\u1ec9 kh\u1eb3ng \u0111\u1ecbnh v\u1ecb th\u1ebf b\u1eb1ng ch\u1ea5t l\u01b0\u1ee3ng d\u1ecbch v\u1ee5 v\u01b0\u1ee3t tr\u1ed9i m\u00e0 c\u00f2n t\u1ea1o d\u1ea5u \u1ea5n m\u1ea1nh m\u1ebd qua h\u00e0ng lo\u1ea1t h\u1ee3p t\u00e1c th\u1ec3 thao t\u1ea7m c\u1ee1 qu\u1ed1c t\u1ebf. Nh\u1eefng \u0111\u1ed1i t\u00e1c d\u01b0\u1edbi \u0111\u00e2y \u0111\u00e3 g\u00f3p ph\u1ea7n n\u00e2ng t\u1ea7m th\u01b0\u01a1ng hi\u1ec7u v\u00e0 kh\u1eb3ng \u0111\u1ecbnh \u0111\u1eb3ng c\u1ea5p tr\u00ean th\u1ecb tr\u01b0\u1eddng c\u00e1 c\u01b0\u1ee3c to\u00e0n c\u1ea7u:<\/span><\/p>\n<h3><b>\u0110\u1ed1i t\u00e1c th\u1ec3 thao<\/b><\/h3>\n<figure id=\"attachment_67\" aria-describedby=\"caption-attachment-67\" style=\"width: 800px\" class=\"wp-caption aligncenter\"><img loading=\"lazy\" decoding=\"async\" class=\"size-full wp-image-67\" src=\"https:\/\/d-factory.in.net\/wp-content\/uploads\/2025\/11\/188bet-doi-tac.webp\" alt=\"188BET hi\u1ec7n l\u00e0 \u0111\u1ed1i t\u00e1c c\u1ee7a nhi\u1ec1u c\u00e2u l\u1ea1c b\u1ed9 th\u1ec3 thao l\u1edbn, nh\u1ecf\" width=\"800\" height=\"400\" srcset=\"https:\/\/d-factory.in.net\/wp-content\/uploads\/2025\/11\/188bet-doi-tac.webp 800w, https:\/\/d-factory.in.net\/wp-content\/uploads\/2025\/11\/188bet-doi-tac-300x150.webp 300w, https:\/\/d-factory.in.net\/wp-content\/uploads\/2025\/11\/188bet-doi-tac-768x384.webp 768w\" sizes=\"auto, (max-width: 800px) 100vw, 800px\" \/><figcaption id=\"caption-attachment-67\" class=\"wp-caption-text\">188BET hi\u1ec7n l\u00e0 \u0111\u1ed1i t\u00e1c c\u1ee7a nhi\u1ec1u c\u00e2u l\u1ea1c b\u1ed9 th\u1ec3 thao l\u1edbn, nh\u1ecf<\/figcaption><\/figure>\n<p><span style=\"font-weight: 400;\">Trong su\u1ed1t nhi\u1ec1u n\u0103m ho\u1ea1t \u0111\u1ed9ng, 188BET lu\u00f4n ch\u00fa tr\u1ecdng \u0111\u1ea7u t\u01b0 v\u00e0o c\u00e1c m\u1ed1i quan h\u1ec7 h\u1ee3p t\u00e1c th\u1ec3 thao mang t\u1ea7m qu\u1ed1c t\u1ebf, g\u00f3p ph\u1ea7n kh\u1eb3ng \u0111\u1ecbnh v\u1ecb th\u1ebf th\u01b0\u01a1ng hi\u1ec7u uy t\u00edn to\u00e0n c\u1ea7u. Nh\u00e0 c\u00e1i t\u1eebng l\u00e0 \u0111\u1ed1i t\u00e1c khu v\u1ef1c ch\u00ednh th\u1ee9c c\u1ee7a CLB Bayern Munich v\u00e0 \u0111\u1ed1i t\u00e1c c\u00e1 c\u01b0\u1ee3c ch\u00ednh th\u1ee9c c\u1ee7a CLB Liverpool t\u1ea1i ch\u00e2u \u00c1.<\/span><\/p>\n<p><span style=\"font-weight: 400;\">Ngo\u00e0i ra, ch\u00fang t\u00f4i hi\u1ec7n c\u00f2n t\u00e0i tr\u1ee3 cho Gi\u1ea3i \u0111ua xe C\u00f4ng th\u1ee9c 1 khu v\u1ef1c Ch\u00e2u \u00c1 &#8211; Th\u00e1i B\u00ecnh D\u01b0\u01a1ng, gi\u00fap m\u1edf r\u1ed9ng \u0111\u1ed9 nh\u1eadn di\u1ec7n v\u00e0 n\u00e2ng t\u1ea7m h\u00ecnh \u1ea3nh chuy\u00ean nghi\u1ec7p. Nh\u1eefng h\u1ee3p t\u00e1c chi\u1ebfn l\u01b0\u1ee3c n\u00e0y kh\u00f4ng ch\u1ec9 t\u0103ng uy t\u00edn th\u01b0\u01a1ng hi\u1ec7u m\u00e0 c\u00f2n th\u1ec3 hi\u1ec7n cam k\u1ebft g\u1eafn b\u00f3 l\u00e2u d\u00e0i v\u1edbi th\u1ec3 thao qu\u1ed1c t\u1ebf.<\/span><\/p>\n<h3><b>M\u1ed9t s\u1ed1 th\u00e0nh t\u1ef1u \u1ea5n t\u01b0\u1ee3ng<\/b><\/h3>\n<p><span style=\"font-weight: 400;\">Ch\u1ec9 trong g\u1ea7n 20 n\u0103m ph\u00e1t tri\u1ec3n, 188BET \u0111\u00e3 g\u1eb7t h\u00e1i nhi\u1ec1u d\u1ea5u m\u1ed1c \u0111\u00e1ng ch\u00fa \u00fd nh\u01b0:<\/span><\/p>\n<ul>\n<li style=\"font-weight: 400;\" aria-level=\"1\"><span style=\"font-weight: 400;\">H\u01a1n 1 tri\u1ec7u ng\u01b0\u1eddi d\u00f9ng \u0111\u0103ng k\u00fd t\u1ea1i ch\u00e2u \u00c1.<\/span><\/li>\n<li style=\"font-weight: 400;\" aria-level=\"1\"><span style=\"font-weight: 400;\">Top 5 nh\u00e0 c\u00e1i tr\u1ef1c tuy\u1ebfn \u0111\u01b0\u1ee3c t\u00ecm ki\u1ebfm nhi\u1ec1u nh\u1ea5t Vi\u1ec7t Nam (Google Trends 2024).<\/span><\/li>\n<li style=\"font-weight: 400;\" aria-level=\"1\"><span style=\"font-weight: 400;\">Gi\u1ea5y ph\u00e9p ho\u1ea1t \u0111\u1ed9ng h\u1ee3p ph\u00e1p s\u1ed1 138598C t\u1eeb Isle of Man.<\/span><\/li>\n<li style=\"font-weight: 400;\" aria-level=\"1\"><span style=\"font-weight: 400;\">T\u1ed1c \u0111\u1ed9 x\u1eed l\u00fd giao d\u1ecbch 2 &#8211; 5 ph\u00fat, \u0111\u1ee9ng \u0111\u1ea7u trong TOP nh\u00e0 c\u00e1i uy t\u00edn trong khu v\u1ef1c.<\/span><\/li>\n<\/ul>\n<h2><b>So s\u00e1nh 188BET v\u1edbi c\u00e1c nh\u00e0 c\u00e1i gi\u1ea3i tr\u00ed kh\u00e1c tr\u00ean th\u1ecb tr\u01b0\u1eddng<\/b><\/h2>\n<p><span style=\"font-weight: 400;\">Tr\u00ean th\u1ecb tr\u01b0\u1eddng c\u00e1 c\u01b0\u1ee3c tr\u1ef1c tuy\u1ebfn \u0111\u1ea7y c\u1ea1nh tranh, 188BET lu\u00f4n \u0111\u01b0\u1ee3c xem l\u00e0 m\u1ed9t trong nh\u1eefng c\u00e1i t\u00ean n\u1ed5i b\u1eadt nh\u1edd s\u1ef1 kh\u00e1c bi\u1ec7t v\u1ec1 ch\u1ea5t l\u01b0\u1ee3ng d\u1ecbch v\u1ee5 v\u00e0 tr\u1ea3i nghi\u1ec7m ng\u01b0\u1eddi ch\u01a1i. D\u01b0\u1edbi \u0111\u00e2y l\u00e0 b\u1ea3ng so s\u00e1nh chi ti\u1ebft gi\u1eefa th\u01b0\u01a1ng hi\u1ec7u v\u00e0 c\u00e1c nh\u00e0 c\u00e1i kh\u00e1c \u0111\u1ec3 b\u1ea1n d\u1ec5 d\u00e0ng nh\u1eadn th\u1ea5y \u01b0u th\u1ebf v\u01b0\u1ee3t tr\u1ed9i:<\/span><\/p>\n<table>\n<tbody>\n<tr>\n<td><b>Ti\u00eau ch\u00ed<\/b><\/td>\n<td><b>188BET<\/b><\/td>\n<td><b>C\u00e1c nh\u00e0 c\u00e1i kh\u00e1c<\/b><\/td>\n<\/tr>\n<tr>\n<td><b>T\u1ed1c \u0111\u1ed9 giao d\u1ecbch<\/b><\/td>\n<td><span style=\"font-weight: 400;\">Nhanh ch\u1ec9 2 &#8211; 5 ph\u00fat<\/span><\/td>\n<td><span style=\"font-weight: 400;\">Th\u01b0\u1eddng ch\u1eadm, 10 &#8211; 30 ph\u00fat<\/span><\/td>\n<\/tr>\n<tr>\n<td><b>B\u1ea3o m\u1eadt<\/b><\/td>\n<td><span style=\"font-weight: 400;\">SSL 256-bit, an to\u00e0n cao<\/span><\/td>\n<td><span style=\"font-weight: 400;\">B\u1ea3o m\u1eadt c\u01a1 b\u1ea3n<\/span><\/td>\n<\/tr>\n<tr>\n<td><b>S\u1ea3n ph\u1ea9m<\/b><\/td>\n<td><span style=\"font-weight: 400;\">\u0110a d\u1ea1ng b\u1ed9 m\u00f4n t\u1eeb c\u00e1 \u0111\u1ed9 th\u1ec3 thao, Slot, Casino, Esports,&#8230;<\/span><\/td>\n<td><span style=\"font-weight: 400;\">\u00cdt m\u1ea3ng, h\u1ea1n ch\u1ebf l\u1ef1a ch\u1ecdn<\/span><\/td>\n<\/tr>\n<tr>\n<td><b>Giao di\u1ec7n<\/b><\/td>\n<td><span style=\"font-weight: 400;\">Hi\u1ec7n \u0111\u1ea1i, d\u1ec5 s\u1eed d\u1ee5ng<\/span><\/td>\n<td><span style=\"font-weight: 400;\">C\u0169, t\u1ea3i ch\u1eadm<\/span><\/td>\n<\/tr>\n<tr>\n<td><b>T\u1ef7 l\u1ec7 k\u00e8o<\/b><\/td>\n<td><span style=\"font-weight: 400;\">Minh b\u1ea1ch, c\u00f4ng b\u1eb1ng<\/span><\/td>\n<td><span style=\"font-weight: 400;\">Thi\u1ebfu r\u00f5 r\u00e0ng, d\u1ec5 sai l\u1ec7ch<\/span><\/td>\n<\/tr>\n<\/tbody>\n<\/table>\n<h2><b>\u01afu \u0111i\u1ec3m n\u1ed5i b\u1eadt khi nh\u1eafc \u0111\u1ebfn nh\u00e0 c\u00e1i c\u00e1 c\u01b0\u1ee3c 188BET<\/b><\/h2>\n<p><span style=\"font-weight: 400;\">Khi nh\u1eafc \u0111\u1ebfn nh\u00e0 c\u00e1i c\u00e1 c\u01b0\u1ee3c 188BET, ng\u01b0\u1eddi ch\u01a1i s\u1ebd l\u1eadp t\u1ee9c ngh\u0129 \u0111\u1ebfn m\u1ed9t th\u01b0\u01a1ng hi\u1ec7u uy t\u00edn h\u00e0ng \u0111\u1ea7u. M\u1ecdi tr\u1ea3i nghi\u1ec7m t\u1ea1i \u0111\u00e2y \u0111\u1ec1u \u0111\u01b0\u1ee3c t\u1ed1i \u01b0u nh\u1eb1m mang \u0111\u1ebfn s\u1ef1 c\u00f4ng b\u1eb1ng v\u00e0 ti\u1ec7n l\u1ee3i tuy\u1ec7t \u0111\u1ed1i v\u1edbi nhi\u1ec1u \u01b0u \u0111i\u1ec3m nh\u01b0:<\/span><\/p>\n<h3><b>B\u1ea3o m\u1eadt c\u00f4ng ngh\u1ec7 m\u00e3 h\u00f3a SSL<\/b><\/h3>\n<figure id=\"attachment_69\" aria-describedby=\"caption-attachment-69\" style=\"width: 800px\" class=\"wp-caption aligncenter\"><img loading=\"lazy\" decoding=\"async\" class=\"wp-image-69 size-full\" src=\"https:\/\/d-factory.in.net\/wp-content\/uploads\/2025\/11\/188bet-ma-hoa.webp\" alt=\"Ch\u00fang t\u00f4i lu\u00f4n \u01b0u ti\u00ean \u0111\u1ea3m b\u1ea3o an to\u00e0n cho th\u00f4ng tin ng\u01b0\u1eddi d\u00f9ng\" width=\"800\" height=\"400\" srcset=\"https:\/\/d-factory.in.net\/wp-content\/uploads\/2025\/11\/188bet-ma-hoa.webp 800w, https:\/\/d-factory.in.net\/wp-content\/uploads\/2025\/11\/188bet-ma-hoa-300x150.webp 300w, https:\/\/d-factory.in.net\/wp-content\/uploads\/2025\/11\/188bet-ma-hoa-768x384.webp 768w\" sizes=\"auto, (max-width: 800px) 100vw, 800px\" \/><figcaption id=\"caption-attachment-69\" class=\"wp-caption-text\">Ch\u00fang t\u00f4i lu\u00f4n \u01b0u ti\u00ean \u0111\u1ea3m b\u1ea3o an to\u00e0n cho th\u00f4ng tin ng\u01b0\u1eddi d\u00f9ng<\/figcaption><\/figure>\n<p><span style=\"font-weight: 400;\">188BET \u00e1p d\u1ee5ng c\u00f4ng ngh\u1ec7 m\u00e3 h\u00f3a SSL 128-bit ti\u00eau chu\u1ea9n b\u1ea3o m\u1eadt t\u01b0\u01a1ng \u0111\u01b0\u01a1ng v\u1edbi c\u00e1c ng\u00e2n h\u00e0ng qu\u1ed1c t\u1ebf, gi\u00fap b\u1ea3o v\u1ec7 to\u00e0n di\u1ec7n d\u1eef li\u1ec7u ng\u01b0\u1eddi d\u00f9ng. H\u1ec7 th\u1ed1ng t\u01b0\u1eddng l\u1eeda \u0111a t\u1ea7ng v\u00e0 c\u01a1 ch\u1ebf x\u00e1c th\u1ef1c hai b\u01b0\u1edbc \u0111\u1ea3m b\u1ea3o m\u1ecdi giao d\u1ecbch, \u0111\u0103ng nh\u1eadp v\u00e0 l\u01b0u tr\u1eef th\u00f4ng tin \u0111\u1ec1u \u0111\u01b0\u1ee3c an to\u00e0n tuy\u1ec7t \u0111\u1ed1i.<\/span><\/p>\n<p><span style=\"font-weight: 400;\">Trung b\u00ecnh m\u1ed7i ng\u00e0y, h\u1ec7 th\u1ed1ng x\u1eed l\u00fd h\u01a1n 50.000 y\u00eau c\u1ea7u truy c\u1eadp m\u00e0 v\u1eabn duy tr\u00ec m\u1ee9c \u0111\u1ed9 an to\u00e0n g\u1ea7n nh\u01b0 tuy\u1ec7t \u0111\u1ed1i. Vi\u1ec7c n\u00e0y, t\u1ea1o n\u00ean ni\u1ec1m tin v\u1eefng ch\u1eafc cho h\u00e0ng tri\u1ec7u ng\u01b0\u1eddi ch\u01a1i to\u00e0n c\u1ea7u.<\/span><\/p>\n<h3><b>T\u1ed1c \u0111\u1ed9 n\u1ea1p r\u00fat ch\u1ec9 2 &#8211; 5 ph\u00fat<\/b><\/h3>\n<p><span style=\"font-weight: 400;\">\u0110i\u1ec3m m\u1ea1nh n\u1ed5i b\u1eadt c\u1ee7a 188BET n\u1eb1m \u1edf kh\u1ea3 n\u0103ng x\u1eed l\u00fd giao d\u1ecbch nhanh \u0111\u1ebfn \u1ea5n t\u01b0\u1ee3ng, ch\u1ec9 trong 2 &#8211; 5 ph\u00fat cho m\u1ed7i l\u1ea7n n\u1ea1p ho\u1eb7c r\u00fat ti\u1ec1n. Nh\u1edd \u00e1p d\u1ee5ng h\u1ec7 th\u1ed1ng thanh to\u00e1n t\u1ef1 \u0111\u1ed9ng h\u00f3a v\u00e0 li\u00ean k\u1ebft tr\u1ef1c ti\u1ebfp v\u1edbi h\u01a1n 30 ng\u00e2n h\u00e0ng n\u1ed9i \u0111\u1ecba, ng\u01b0\u1eddi ch\u01a1i kh\u00f4ng c\u1ea7n ch\u1edd \u0111\u1ee3i l\u00e2u.<\/span><\/p>\n<p><span style=\"font-weight: 400;\">D\u00f9 v\u00e0o gi\u1edd cao \u0111i\u1ec3m, n\u1ec1n t\u1ea3ng v\u1eabn duy tr\u00ec t\u1ed1c \u0111\u1ed9 \u1ed5n \u0111\u1ecbnh, gi\u00fap m\u1ecdi giao d\u1ecbch di\u1ec5n ra tr\u01a1n tru, ch\u00ednh x\u00e1c v\u00e0 kh\u00f4ng ph\u00e1t sinh l\u1ed7i k\u1ef9 thu\u1eadt. C\u00f3 l\u1ebd \u0111\u00e2y c\u0169ng ch\u00ednh l\u00e0 \u0111i\u1ec1u m\u00e0 \u00edt nh\u00e0 c\u00e1i n\u00e0o c\u00f3 th\u1ec3 s\u00e1nh k\u1ecbp.<\/span><\/p>\n<h3><b>H\u1ed7 tr\u1ee3 \u0111a ng\u00f4n ng\u1eef, ph\u00f9 h\u1ee3p th\u1ecb hi\u1ebfu ch\u00e2u \u00c1<\/b><\/h3>\n<figure id=\"attachment_70\" aria-describedby=\"caption-attachment-70\" style=\"width: 800px\" class=\"wp-caption aligncenter\"><img loading=\"lazy\" decoding=\"async\" class=\"wp-image-70 size-full\" src=\"https:\/\/d-factory.in.net\/wp-content\/uploads\/2025\/11\/188bet-ngon-ngu.webp\" alt=\"Nh\u00e0 c\u00e1i hi\u1ec7n c\u00f2n h\u1ed7 tr\u1ee3 \u0111a ng\u00f4n ng\u1eef nh\u1eb1m ph\u00f9 h\u1ee3p v\u1edbi th\u1ecb hi\u1ebfu t\u1ea1i Ch\u00e2u \u00c1\" width=\"800\" height=\"400\" srcset=\"https:\/\/d-factory.in.net\/wp-content\/uploads\/2025\/11\/188bet-ngon-ngu.webp 800w, https:\/\/d-factory.in.net\/wp-content\/uploads\/2025\/11\/188bet-ngon-ngu-300x150.webp 300w, https:\/\/d-factory.in.net\/wp-content\/uploads\/2025\/11\/188bet-ngon-ngu-768x384.webp 768w\" sizes=\"auto, (max-width: 800px) 100vw, 800px\" \/><figcaption id=\"caption-attachment-70\" class=\"wp-caption-text\">Nh\u00e0 c\u00e1i hi\u1ec7n c\u00f2n h\u1ed7 tr\u1ee3 \u0111a ng\u00f4n ng\u1eef nh\u1eb1m ph\u00f9 h\u1ee3p v\u1edbi th\u1ecb hi\u1ebfu t\u1ea1i Ch\u00e2u \u00c1<\/figcaption><\/figure>\n<p><span style=\"font-weight: 400;\">Nh\u1eb1m ph\u1ee5c v\u1ee5 \u0111\u00f4ng \u0111\u1ea3o ng\u01b0\u1eddi ch\u01a1i t\u1ea1i khu v\u1ef1c ch\u00e2u \u00c1, 188BET cung c\u1ea5p giao di\u1ec7n v\u00e0 h\u01b0\u1edbng d\u1eabn b\u1eb1ng h\u01a1n 10 ng\u00f4n ng\u1eef, trong \u0111\u00f3 c\u00f3 Ti\u1ebfng Vi\u1ec7t, Th\u00e1i, Trung, H\u00e0n, Nh\u1eadt. M\u1ed7i phi\u00ean b\u1ea3n \u0111\u01b0\u1ee3c t\u00f9y ch\u1ec9nh v\u0103n phong, hi\u1ec3n th\u1ecb t\u1ec9 l\u1ec7 k\u00e8o v\u00e0 quy t\u1eafc ph\u00f9 h\u1ee3p t\u1eebng qu\u1ed1c gia.<\/span><\/p>\n<p><span style=\"font-weight: 400;\">Ngo\u00e0i ra, h\u1ec7 th\u1ed1ng h\u1ed7 tr\u1ee3 tr\u1ef1c tuy\u1ebfn \u0111a k\u00eanh gi\u00fap ng\u01b0\u1eddi ch\u01a1i d\u1ec5 d\u00e0ng tra c\u1ee9u, \u0111\u1eb7t c\u01b0\u1ee3c v\u00e0 x\u1eed l\u00fd s\u1ef1 c\u1ed1 nhanh ch\u00f3ng. Ch\u00ednh kh\u1ea3 n\u0103ng b\u1ea3n \u0111\u1ecba h\u00f3a n\u00e0y \u0111\u00e3 gi\u00fap ch\u00fang t\u00f4i chi\u1ebfm tr\u1ecdn c\u1ea3m t\u00ecnh c\u1ee7a ng\u01b0\u1eddi d\u00f9ng khu v\u1ef1c ch\u00e2u \u00c1.<\/span><\/p>\n<h3><b>Ch\u00ednh s\u00e1ch c\u00e1 c\u01b0\u1ee3c, \u0111\u1ed5i th\u01b0\u1edfng xanh ch\u00edn<\/b><\/h3>\n<p><span style=\"font-weight: 400;\">188BET lu\u00f4n \u0111\u1ec1 cao s\u1ef1 c\u00f4ng b\u1eb1ng trong m\u1ecdi tr\u00f2 ch\u01a1i v\u1edbi c\u01a1 ch\u1ebf ki\u1ec3m \u0111\u1ecbnh k\u1ebft qu\u1ea3 ng\u1eabu nhi\u00ean (RNG) \u0111\u01b0\u1ee3c ch\u1ee9ng nh\u1eadn b\u1edfi t\u1ed5 ch\u1ee9c qu\u1ed1c t\u1ebf iTech Labs. T\u1ea5t c\u1ea3 l\u1ecbch s\u1eed \u0111\u1eb7t c\u01b0\u1ee3c \u0111\u1ec1u \u0111\u01b0\u1ee3c l\u01b0u tr\u1eef r\u00f5 r\u00e0ng, cho ph\u00e9p ng\u01b0\u1eddi ch\u01a1i ki\u1ec3m tra b\u1ea5t k\u1ef3 l\u00fac n\u00e0o.<\/span><\/p>\n<p><span style=\"font-weight: 400;\">Nh\u00e0 c\u00e1i c\u0169ng cam k\u1ebft kh\u00f4ng can thi\u1ec7p k\u1ebft qu\u1ea3 v\u00e0 th\u01b0\u1eddng xuy\u00ean c\u00f4ng b\u1ed1 b\u00e1o c\u00e1o ki\u1ec3m to\u00e1n minh b\u1ea1ch. Nh\u1edd v\u1eady, \u0111\u01a1n v\u1ecb \u0111\u01b0\u1ee3c \u0111\u00e1nh gi\u00e1 l\u00e0 m\u1ed9t trong nh\u1eefng n\u1ec1n t\u1ea3ng c\u00f3 \u0111\u1ed9 tin c\u1eady cao nh\u1ea5t hi\u1ec7n nay, mang \u0111\u1ebfn m\u00f4i tr\u01b0\u1eddng gi\u1ea3i tr\u00ed l\u00e0nh m\u1ea1nh v\u00e0 chuy\u00ean nghi\u1ec7p.<\/span><\/p>\n<h2><b>C\u00e1c s\u1ea3n ph\u1ea9m c\u00e1 c\u01b0\u1ee3c m\u00e0 t\u00e2n binh n\u00ean th\u1eed khi \u0111\u1ebfn v\u1edbi 188BET<\/b><\/h2>\n<p><span style=\"font-weight: 400;\">Khi \u0111\u1eb7t ch\u00e2n v\u00e0o th\u1ebf gi\u1edbi gi\u1ea3i tr\u00ed c\u1ee7a 188BET, t\u00e2n binh s\u1ebd cho\u00e1ng ng\u1ee3p tr\u01b0\u1edbc kho s\u1ea3n ph\u1ea9m c\u00e1 c\u01b0\u1ee3c \u0111a d\u1ea1ng v\u00e0 \u0111\u1eb3ng c\u1ea5p. M\u1ed7i s\u1ea3nh c\u01b0\u1ee3c \u0111\u1ec1u mang \u0111\u1ebfn tr\u1ea3i nghi\u1ec7m \u0111\u1ed9c \u0111\u00e1o, c\u01a1 h\u1ed9i th\u1eafng l\u1edbn c\u00f9ng t\u1ef7 l\u1ec7 c\u01b0\u1ee3c c\u1ef1c h\u1ea5p d\u1eabn nh\u01b0 sau:<\/span><\/p>\n<table>\n<tbody>\n<tr>\n<td><b>S\u1ea3n ph\u1ea9m c\u00e1 c\u01b0\u1ee3c<\/b><\/td>\n<td><b>\u0110\u1eb7c \u0111i\u1ec3m<\/b><\/td>\n<\/tr>\n<tr>\n<td><b>C\u00e1 \u0111\u1ed9 th\u1ec3 thao<\/b><\/td>\n<td><span style=\"font-weight: 400;\">188BET s\u1edf h\u1eefu kho k\u00e8o c\u01b0\u1ee3c th\u1ec3 thao \u0111a d\u1ea1ng nh\u01b0 b\u00f3ng \u0111\u00e1, b\u00f3ng r\u1ed5, tennis, \u0111ua xe&#8230; Giao di\u1ec7n d\u1ec5 s\u1eed d\u1ee5ng gi\u00fap ng\u01b0\u1eddi ch\u01a1i theo d\u00f5i t\u1ef7 l\u1ec7 k\u00e8o, c\u1eadp nh\u1eadt k\u1ebft qu\u1ea3 v\u00e0 \u0111\u1eb7t c\u01b0\u1ee3c nhanh ch\u00f3ng, ph\u00f9 h\u1ee3p c\u1ea3 cho t\u00e2n binh.<\/span><\/td>\n<\/tr>\n<tr>\n<td><b>Esports<\/b><\/td>\n<td><span style=\"font-weight: 400;\">Khu v\u1ef1c Esports l\u00e0 thi\u00ean \u0111\u01b0\u1eddng cho fan c\u00e1c t\u1ef1a game nh\u01b0 Li\u00ean Minh Huy\u1ec1n Tho\u1ea1i, Dota 2, CS2&#8230; Ng\u01b0\u1eddi ch\u01a1i c\u00f3 th\u1ec3 \u0111\u1eb7t c\u01b0\u1ee3c theo t\u1eebng tr\u1eadn \u0111\u1ea5u v\u1edbi t\u1ef7 l\u1ec7 h\u1ea5p d\u1eabn v\u00e0 theo d\u00f5i di\u1ec5n bi\u1ebfn tr\u1ef1c ti\u1ebfp \u0111\u1ea7y k\u1ecbch t\u00ednh.<\/span><\/td>\n<\/tr>\n<tr>\n<td><b>Casino<\/b><\/td>\n<td><span style=\"font-weight: 400;\">S\u1ea3nh Casino t\u1ea1i 188BET mang \u0111\u1ebfn tr\u1ea3i nghi\u1ec7m ch\u00e2n th\u1ef1c nh\u01b0 \u1edf s\u00f2ng b\u00e0i th\u1eadt, v\u1edbi c\u00e1c tr\u00f2 Baccarat, Roulette, R\u1ed3ng H\u1ed5, BlackJack. Dealer chuy\u00ean nghi\u1ec7p, h\u00ecnh \u1ea3nh s\u1eafc n\u00e9t gi\u00fap ng\u01b0\u1eddi ch\u01a1i d\u1ec5 h\u00f2a m\u00ecnh v\u00e0o kh\u00f4ng kh\u00ed sang tr\u1ecdng.<\/span><\/td>\n<\/tr>\n<tr>\n<td><b>X\u1ed5 s\u1ed1<\/b><\/td>\n<td><span style=\"font-weight: 400;\">Khu x\u1ed5 s\u1ed1 c\u1ee7a 188BET c\u00f3 nhi\u1ec1u h\u00ecnh th\u1ee9c nh\u01b0 Keno, l\u00f4 \u0111\u1ec1, s\u1ed1 quay nhanh. Lu\u1eadt ch\u01a1i \u0111\u01a1n gi\u1ea3n, th\u1eddi gian quay linh ho\u1ea1t v\u00e0 k\u1ebft qu\u1ea3 minh b\u1ea1ch, mang \u0111\u1ebfn tr\u1ea3i nghi\u1ec7m gi\u1ea3i tr\u00ed \u0111\u1ea7y may m\u1eafn.<\/span><\/td>\n<\/tr>\n<tr>\n<td><b>Game b\u00e0i<\/b><\/td>\n<td><span style=\"font-weight: 400;\">D\u00e0nh cho ng\u01b0\u1eddi y\u00eau th\u00edch game b\u00e0i d\u00e2n gian nh\u01b0 Ti\u1ebfn l\u00ean, M\u1eadu binh, Li\u00eang, Poker\u2026 C\u00e1c tr\u00f2 ch\u01a1i \u0111\u1ec1u \u0111\u01b0\u1ee3c thi\u1ebft k\u1ebf v\u1edbi \u0111\u1ed3 h\u1ecda \u0111\u1eb9p, lu\u1eadt l\u1ec7 quen thu\u1ed9c, d\u1ec5 th\u1eafng, ph\u00f9 h\u1ee3p \u0111\u1ec3 th\u01b0 gi\u00e3n ho\u1eb7c th\u1eed v\u1eadn may.<\/span><\/td>\n<\/tr>\n<\/tbody>\n<\/table>\n<h2><b>K\u1ebft lu\u1eadn<\/b><\/h2>\n<p><span style=\"font-weight: 400;\">T\u00f3m l\u1ea1i, 188BET kh\u00f4ng ch\u1ec9 l\u00e0 \u0111i\u1ec3m \u0111\u1ebfn c\u1ee7a nh\u1eefng ng\u01b0\u1eddi \u0111am m\u00ea c\u00e1 c\u01b0\u1ee3c m\u00e0 c\u00f2n l\u00e0 l\u1ef1a ch\u1ecdn h\u00e0ng \u0111\u1ea7u nh\u1edd \u0111\u1ed9 uy t\u00edn, t\u1ed1c \u0111\u1ed9 v\u00e0 tr\u1ea3i nghi\u1ec7m v\u01b0\u1ee3t tr\u1ed9i. H\u00e3y \u0111\u0103ng k\u00fd ngay h\u00f4m nay \u0111\u1ec3 t\u1eadn h\u01b0\u1edfng th\u1ebf gi\u1edbi gi\u1ea3i tr\u00ed \u0111\u1ec9nh cao c\u00f9ng h\u00e0ng ng\u00e0n c\u01a1 h\u1ed9i th\u1eafng l\u1edbn m\u1ed7i ng\u00e0y.<\/span><\/p>\n<\/p>\n<\/div>\n<\/div>\n<\/div>\n","protected":false},"excerpt":{"rendered":"<p>188BET &#8211; Trang Ch\u1ee7 Ch\u00ednh Th\u1ee9c, Link Truy C\u1eadp Kh\u00f4ng B\u1ecb Ch\u1eb7n Ra m\u1eaft n\u0103m 2006, 188BET nhanh ch\u00f3ng v\u01b0\u01a1n l\u00ean th\u00e0nh bi\u1ec3u t\u01b0\u1ee3ng trong l\u00e0ng c\u00e1 c\u01b0\u1ee3c ch\u00e2u \u00c1 v\u1edbi h\u01a1n 1 tri\u1ec7u t\u00e0i kho\u1ea3n ho\u1ea1t \u0111\u1ed9ng. \u0110\u01b0\u1ee3c c\u1ea5p ph\u00e9p b\u1edfi Isle of Man, khu v\u1ef1c gi\u00e1m s\u00e1t uy t\u00edn h\u00e0ng \u0111\u1ea7u th\u1ebf gi\u1edbi, [&#8230;]\n","protected":false},"author":1,"featured_media":65,"parent":0,"menu_order":0,"comment_status":"closed","ping_status":"closed","template":"","meta":{"footnotes":""},"class_list":["post-11","page","type-page","status-publish","has-post-thumbnail","hentry"],"_links":{"self":[{"href":"https:\/\/d-factory.in.net\/index.php\/wp-json\/wp\/v2\/pages\/11","targetHints":{"allow":["GET"]}}],"collection":[{"href":"https:\/\/d-factory.in.net\/index.php\/wp-json\/wp\/v2\/pages"}],"about":[{"href":"https:\/\/d-factory.in.net\/index.php\/wp-json\/wp\/v2\/types\/page"}],"author":[{"embeddable":true,"href":"https:\/\/d-factory.in.net\/index.php\/wp-json\/wp\/v2\/users\/1"}],"replies":[{"embeddable":true,"href":"https:\/\/d-factory.in.net\/index.php\/wp-json\/wp\/v2\/comments?post=11"}],"version-history":[{"count":17,"href":"https:\/\/d-factory.in.net\/index.php\/wp-json\/wp\/v2\/pages\/11\/revisions"}],"predecessor-version":[{"id":180,"href":"https:\/\/d-factory.in.net\/index.php\/wp-json\/wp\/v2\/pages\/11\/revisions\/180"}],"wp:featuredmedia":[{"embeddable":true,"href":"https:\/\/d-factory.in.net\/index.php\/wp-json\/wp\/v2\/media\/65"}],"wp:attachment":[{"href":"https:\/\/d-factory.in.net\/index.php\/wp-json\/wp\/v2\/media?parent=11"}],"curies":[{"name":"wp","href":"https:\/\/api.w.org\/{rel}","templated":true}]}}