{"id":106,"date":"2025-11-10T13:24:14","date_gmt":"2025-11-10T13:24:14","guid":{"rendered":"https:\/\/d-factory.in.net\/?page_id=106"},"modified":"2025-11-10T13:24:14","modified_gmt":"2025-11-10T13:24:14","slug":"dang-nhap-188bet","status":"publish","type":"page","link":"https:\/\/d-factory.in.net\/index.php\/dang-nhap-188bet\/","title":{"rendered":"\u0110\u0103ng Nh\u1eadp 188BET: H\u01b0\u1edbng D\u1eabn Chi Ti\u1ebft V\u00e0 An To\u00e0n"},"content":{"rendered":"<p><span style=\"font-weight: 400;\">Trong th\u1ecb tr\u01b0\u1eddng c\u00e1 c\u01b0\u1ee3c tr\u1ef1c tuy\u1ebfn ng\u00e0y c\u00e0ng ph\u00e1t tri\u1ec3n, vi\u1ec7c <\/span><b>\u0111\u0103ng nh\u1eadp 188BET<\/b><span style=\"font-weight: 400;\"> tr\u1edf th\u00e0nh h\u00e0nh \u0111\u1ed9ng ph\u1ed5 bi\u1ebfn c\u1ee7a ng\u01b0\u1eddi ch\u01a1i mu\u1ed1n tham gia c\u00e1c tr\u00f2 ch\u01a1i, c\u00e1 c\u01b0\u1ee3c th\u1ec3 thao ho\u1eb7c casino tr\u1ef1c tuy\u1ebfn. Vi\u1ec7c n\u00e0y kh\u00f4ng ch\u1ec9 gi\u00fap ng\u01b0\u1eddi d\u00f9ng truy c\u1eadp d\u1ecbch v\u1ee5 <a href=\"https:\/\/d-factory.in.net\/\"><strong>188BET<\/strong><\/a> m\u1ed9t c\u00e1ch d\u1ec5 d\u00e0ng m\u00e0 c\u00f2n \u0111\u1ea3m b\u1ea3o t\u00ednh b\u1ea3o m\u1eadt c\u1ee7a t\u00e0i kho\u1ea3n c\u00e1 nh\u00e2n.\u00a0<\/span><\/p>\n<h2><b>T\u00ecm hi\u1ec3u v\u1ec1 qu\u00e1 tr\u00ecnh \u0111\u0103ng nh\u1eadp 188BET\u00a0<\/b><\/h2>\n<figure id=\"attachment_109\" aria-describedby=\"caption-attachment-109\" style=\"width: 800px\" class=\"wp-caption aligncenter\"><img loading=\"lazy\" decoding=\"async\" class=\"size-full wp-image-109\" src=\"https:\/\/d-factory.in.net\/wp-content\/uploads\/2025\/11\/dang-nhap-2.jpg\" alt=\"T\u00ecm hi\u1ec3u v\u1ec1 qu\u00e1 tr\u00ecnh \u0111\u0103ng nh\u1eadp 188BET\" width=\"800\" height=\"400\" srcset=\"https:\/\/d-factory.in.net\/wp-content\/uploads\/2025\/11\/dang-nhap-2.jpg 800w, https:\/\/d-factory.in.net\/wp-content\/uploads\/2025\/11\/dang-nhap-2-300x150.jpg 300w, https:\/\/d-factory.in.net\/wp-content\/uploads\/2025\/11\/dang-nhap-2-768x384.jpg 768w\" sizes=\"auto, (max-width: 800px) 100vw, 800px\" \/><figcaption id=\"caption-attachment-109\" class=\"wp-caption-text\">T\u00ecm hi\u1ec3u v\u1ec1 qu\u00e1 tr\u00ecnh \u0111\u0103ng nh\u1eadp 188BET<\/figcaption><\/figure>\n<p><span style=\"font-weight: 400;\">C\u01a1 b\u1ea3n, <\/span><b>\u0111\u0103ng nh\u1eadp 188BET <\/b><span style=\"font-weight: 400;\">l\u00e0 thao t\u00e1c x\u00e1c th\u1ef1c danh t\u00ednh c\u1ee7a ng\u01b0\u1eddi d\u00f9ng \u0111\u1ec3 truy c\u1eadp v\u00e0o t\u00e0i kho\u1ea3n c\u00e1 c\u01b0\u1ee3c c\u1ee7a m\u00ecnh tr\u00ean n\u1ec1n t\u1ea3ng n\u00e0y. S\u1eed d\u1ee5ng \u0111\u00fang th\u00f4ng tin s\u1ebd gi\u00fap b\u1ea1n c\u00f3 th\u1ec3 tham gia v\u00e0o c\u00e1c ho\u1ea1t \u0111\u1ed9ng c\u00e1 c\u01b0\u1ee3c, qu\u1ea3n l\u00fd t\u00e0i kho\u1ea3n ho\u1eb7c r\u00fat ti\u1ec1n m\u1ed9t c\u00e1ch thu\u1eadn ti\u1ec7n v\u00e0 nhanh ch\u00f3ng. V\u1edbi c\u00e1c b\u01b0\u1edbc \u0111\u01a1n gi\u1ea3n v\u00e0 giao di\u1ec7n th\u00e2n thi\u1ec7n, vi\u1ec7c n\u00e0y ng\u00e0y c\u00e0ng d\u1ec5 d\u00e0ng ngay t\u1eeb l\u1ea7n \u0111\u1ea7u ti\u00ean.<\/span><\/p>\n<h2><b>Qu\u00e1 tr\u00ecnh \u0111\u0103ng nh\u1eadp 188BET c\u01a1 b\u1ea3n<\/b><\/h2>\n<p><span style=\"font-weight: 400;\">\u0110\u1ec3 c\u00f3 th\u1ec3 \u0111\u0103ng nh\u1eadp 188BET th\u00e0nh c\u00f4ng, ng\u01b0\u1eddi d\u00f9ng c\u1ea7n chu\u1ea9n b\u1ecb c\u00e1c th\u00f4ng tin c\u1ea7n thi\u1ebft nh\u01b0 t\u00ean ho\u1eb7c s\u1ed1 \u0111i\u1ec7n tho\u1ea1i v\u00e0 m\u1eadt kh\u1ea9u \u0111\u00e3 \u0111\u0103ng k\u00fd. Qu\u00e1 tr\u00ecnh n\u00e0y th\u01b0\u1eddng di\u1ec5n ra nh\u01b0 sau:<\/span><\/p>\n<ul>\n<li style=\"font-weight: 400;\" aria-level=\"1\"><span style=\"font-weight: 400;\">Truy c\u1eadp v\u00e0o trang ch\u1ee7 ch\u00ednh th\u1ee9c ho\u1eb7c \u1ee9ng d\u1ee5ng di \u0111\u1ed9ng.<\/span><\/li>\n<li style=\"font-weight: 400;\" aria-level=\"1\"><span style=\"font-weight: 400;\">T\u00ecm v\u00e0 nh\u1ea5p v\u00e0o n\u00fat &#8220;\u0111\u0103ng nh\u1eadp 188BET&#8221;.<\/span><\/li>\n<li style=\"font-weight: 400;\" aria-level=\"1\"><span style=\"font-weight: 400;\">Nh\u1eadp ch\u00ednh x\u00e1c th\u00f4ng tin.<\/span><\/li>\n<li style=\"font-weight: 400;\" aria-level=\"1\"><span style=\"font-weight: 400;\">X\u00e1c nh\u1eadn v\u00e0 truy c\u1eadp v\u00e0o t\u00e0i kho\u1ea3n c\u00e1 c\u01b0\u1ee3c c\u1ee7a m\u00ecnh.<\/span><\/li>\n<\/ul>\n<p><span style=\"font-weight: 400;\">Vi\u1ec7c th\u1ef1c hi\u1ec7n \u0111\u00fang c\u00e1ch gi\u00fap tr\u00e1nh c\u00e1c r\u1ee7i ro v\u1ec1 b\u1ea3o m\u1eadt c\u0169ng nh\u01b0 \u0111\u1ea3m b\u1ea3o quy\u1ec1n l\u1ee3i c\u1ee7a ng\u01b0\u1eddi ch\u01a1i.<\/span><\/p>\n<h2><b>H\u01b0\u1edbng d\u1eabn chi ti\u1ebft c\u00e1c b\u01b0\u1edbc \u0111\u0103ng nh\u1eadp 188BET\u00a0<\/b><\/h2>\n<p><span style=\"font-weight: 400;\">D\u01b0\u1edbi \u0111\u00e2y l\u00e0 h\u01b0\u1edbng d\u1eabn t\u1eebng b\u01b0\u1edbc gi\u00fap b\u1ea1n c\u00f3 th\u1ec3 th\u1ef1c hi\u1ec7n m\u1ed9t c\u00e1ch d\u1ec5 d\u00e0ng v\u00e0 an to\u00e0n nh\u1ea5t. \u0110\u1ed3ng th\u1eddi, b\u00e0i vi\u1ebft c\u0169ng \u0111\u1ec1 c\u1eadp \u0111\u1ebfn m\u1ed9t s\u1ed1 v\u1ea5n \u0111\u1ec1 th\u01b0\u1eddng g\u1eb7p v\u00e0 c\u00e1ch kh\u1eafc ph\u1ee5c.<\/span><\/p>\n<h3><b>C\u00e1c b\u01b0\u1edbc th\u1ef1c hi\u1ec7n \u0111\u0103ng nh\u1eadp 188BET\u00a0<\/b><\/h3>\n<figure id=\"attachment_108\" aria-describedby=\"caption-attachment-108\" style=\"width: 800px\" class=\"wp-caption aligncenter\"><img loading=\"lazy\" decoding=\"async\" class=\"size-full wp-image-108\" src=\"https:\/\/d-factory.in.net\/wp-content\/uploads\/2025\/11\/dang-nhap-3.jpg\" alt=\"C\u00e1c b\u01b0\u1edbc th\u1ef1c hi\u1ec7n \u0111\u0103ng nh\u1eadp 188BET\" width=\"800\" height=\"400\" srcset=\"https:\/\/d-factory.in.net\/wp-content\/uploads\/2025\/11\/dang-nhap-3.jpg 800w, https:\/\/d-factory.in.net\/wp-content\/uploads\/2025\/11\/dang-nhap-3-300x150.jpg 300w, https:\/\/d-factory.in.net\/wp-content\/uploads\/2025\/11\/dang-nhap-3-768x384.jpg 768w\" sizes=\"auto, (max-width: 800px) 100vw, 800px\" \/><figcaption id=\"caption-attachment-108\" class=\"wp-caption-text\">C\u00e1c b\u01b0\u1edbc th\u1ef1c hi\u1ec7n \u0111\u0103ng nh\u1eadp 188BET<\/figcaption><\/figure>\n<ul>\n<li style=\"font-weight: 400;\" aria-level=\"1\"><b>Truy c\u1eadp trang web ch\u00ednh th\u1ee9c ho\u1eb7c \u1ee9ng d\u1ee5ng<\/b><span style=\"font-weight: 400;\">: \u0110\u1ea3m b\u1ea3o b\u1ea1n d\u00f9ng URL \u0111\u00fang \u0111\u1ec3 tr\u00e1nh c\u00e1c r\u1ee7i ro l\u1eeba \u0111\u1ea3o ho\u1eb7c v\u00e0o ph\u1ea3i c\u00e1c trang gi\u1ea3 m\u1ea1o. T\u1ed1t nh\u1ea5t, n\u00ean s\u1eed d\u1ee5ng \u0111\u01b0\u1eddng link ch\u00ednh th\u1ee9c ho\u1eb7c \u1ee9ng d\u1ee5ng \u0111\u00e3 \u0111\u01b0\u1ee3c t\u1ea3i t\u1eeb kho \u1ee9ng d\u1ee5ng uy t\u00edn.<\/span><\/li>\n<li style=\"font-weight: 400;\" aria-level=\"1\"><b>Ch\u1ecdn n\u00fat &#8220;\u0111\u0103ng nh\u1eadp 188BET&#8221;<\/b><span style=\"font-weight: 400;\">: Th\u01b0\u1eddng n\u1eb1m \u1edf g\u00f3c tr\u00ean b\u00ean ph\u1ea3i c\u1ee7a giao di\u1ec7n trang ch\u1ee7.<\/span><\/li>\n<li style=\"font-weight: 400;\" aria-level=\"1\"><b>Nh\u1eadp th\u00f4ng tin<\/b><span style=\"font-weight: 400;\">: \u0110i\u1ec1n t\u00ean ho\u1eb7c s\u1ed1 \u0111i\u1ec7n tho\u1ea1i \u0111\u00e3 \u0111\u0103ng k\u00fd v\u00e0 m\u1eadt kh\u1ea9u ch\u00ednh x\u00e1c.<\/span><\/li>\n<li style=\"font-weight: 400;\" aria-level=\"1\"><b>Nh\u1ea5n &#8220;\u0111\u0103ng nh\u1eadp 188BET&#8221;<\/b><span style=\"font-weight: 400;\">: \u0110\u1ec3 h\u1ec7 th\u1ed1ng x\u00e1c th\u1ef1c v\u00e0 truy c\u1eadp v\u00e0o t\u00e0i kho\u1ea3n c\u1ee7a b\u1ea1n.<\/span><\/li>\n<li style=\"font-weight: 400;\" aria-level=\"1\"><b>X\u00e1c minh b\u1ea3o m\u1eadt (n\u1ebfu c\u00f3 y\u00eau c\u1ea7u)<\/b><span style=\"font-weight: 400;\">: M\u1ed9t s\u1ed1 tr\u01b0\u1eddng h\u1ee3p c\u00f3 th\u1ec3 y\u00eau c\u1ea7u x\u00e1c th\u1ef1c qua m\u00e3 OTP g\u1eedi v\u1ec1 s\u1ed1 \u0111i\u1ec7n tho\u1ea1i ho\u1eb7c email li\u00ean k\u1ebft.<\/span><\/li>\n<li style=\"font-weight: 400;\" aria-level=\"1\"><b>Th\u00e0nh c\u00f4ng v\u00e0 truy c\u1eadp<\/b><span style=\"font-weight: 400;\">: N\u1ebfu m\u1ecdi th\u00f4ng tin ch\u00ednh x\u00e1c, b\u1ea1n s\u1ebd \u0111\u01b0\u1ee3c chuy\u1ec3n v\u00e0o giao di\u1ec7n ch\u00ednh c\u1ee7a t\u00e0i kho\u1ea3n c\u00e1 c\u01b0\u1ee3c.<\/span><\/li>\n<\/ul>\n<h3><b>M\u1ed9t s\u1ed1 v\u1ea5n \u0111\u1ec1 v\u00e0 c\u00e1ch kh\u1eafc ph\u1ee5c khi truy c\u1eadp<\/b><\/h3>\n<ul>\n<li style=\"font-weight: 400;\" aria-level=\"1\"><b>M\u1eadt kh\u1ea9u b\u1ecb qu\u00ean<\/b><span style=\"font-weight: 400;\">: H\u00e3y s\u1eed d\u1ee5ng t\u00ednh n\u0103ng &#8220;qu\u00ean m\u1eadt kh\u1ea9u&#8221; \u0111\u1ec3 \u0111\u1eb7t l\u1ea1i ho\u1eb7c li\u00ean h\u1ec7 b\u1ed9 ph\u1eadn h\u1ed7 tr\u1ee3 kh\u00e1ch h\u00e0ng.<\/span><\/li>\n<li style=\"font-weight: 400;\" aria-level=\"1\"><b>Th\u00f4ng tin kh\u00f4ng \u0111\u00fang<\/b><span style=\"font-weight: 400;\">: Ki\u1ec3m tra l\u1ea1i d\u1eef li\u1ec7u \u0111\u00e3 nh\u1eadp, \u0111\u1ea3m b\u1ea3o kh\u00f4ng b\u1ecb l\u1ed7i ch\u00ednh t\u1ea3 ho\u1eb7c nh\u1ea5n Caps Lock.<\/span><\/li>\n<li style=\"font-weight: 400;\" aria-level=\"1\"><b>L\u1ed7i h\u1ec7 th\u1ed1ng ho\u1eb7c trang web kh\u00f4ng truy c\u1eadp \u0111\u01b0\u1ee3c<\/b><span style=\"font-weight: 400;\">: Th\u1eed l\u00e0m m\u1edbi trang ho\u1eb7c truy c\u1eadp trong th\u1eddi gian kh\u00e1c. N\u1ebfu v\u1eabn kh\u00f4ng th\u00e0nh c\u00f4ng, li\u00ean h\u1ec7 b\u1ed9 ph\u1eadn h\u1ed7 tr\u1ee3 \u0111\u1ec3 \u0111\u01b0\u1ee3c h\u01b0\u1edbng d\u1eabn x\u1eed l\u00fd.<\/span><\/li>\n<li style=\"font-weight: 400;\" aria-level=\"1\"><b>B\u1ea3o m\u1eadt t\u00e0i kho\u1ea3n<\/b><span style=\"font-weight: 400;\">: Kh\u00f4ng ti\u1ebft l\u1ed9 th\u00f4ng tin c\u00e1 nh\u00e2n ho\u1eb7c m\u1eadt kh\u1ea9u cho ng\u01b0\u1eddi kh\u00e1c, \u0111\u1ed3ng th\u1eddi c\u1eadp nh\u1eadt ph\u1ea7n m\u1ec1m, tr\u00ecnh duy\u1ec7t lu\u00f4n m\u1edbi nh\u1ea5t \u0111\u1ec3 tr\u00e1nh c\u00e1c l\u1ed7 h\u1ed5ng b\u1ea3o m\u1eadt.<\/span><\/li>\n<\/ul>\n<h2><b>C\u00e1c ph\u01b0\u01a1ng ph\u00e1p \u0111\u0103ng nh\u1eadp 188BET hi\u1ec7n nay<\/b><\/h2>\n<p><span style=\"font-weight: 400;\">Hi\u1ec7n nay, b\u00ean c\u1ea1nh ph\u01b0\u01a1ng ph\u00e1p truy\u1ec1n th\u1ed1ng, ng\u01b0\u1eddi ch\u01a1i c\u00f2n c\u00f3 th\u1ec3 v\u00e0o qua c\u00e1c h\u00ecnh th\u1ee9c kh\u00e1c nhau \u0111\u1ec3 thu\u1eadn ti\u1ec7n h\u01a1n, ph\u00f9 h\u1ee3p v\u1edbi t\u1eebng thi\u1ebft b\u1ecb ho\u1eb7c th\u00f3i quen s\u1eed d\u1ee5ng:<\/span><\/p>\n<h3><b>B\u1eb1ng tr\u00ecnh duy\u1ec7t web<\/b><\/h3>\n<p><span style=\"font-weight: 400;\">Ph\u01b0\u01a1ng ph\u00e1p n\u00e0y ph\u1ed5 bi\u1ebfn v\u1edbi ng\u01b0\u1eddi ch\u01a1i s\u1eed d\u1ee5ng m\u00e1y t\u00ednh ho\u1eb7c laptop. Nh\u1eadp \u0111\u01b0\u1eddng link ch\u00ednh th\u1ee9c, \u0111i\u1ec1n th\u00f4ng tin v\u00e0 truy c\u1eadp d\u1ec5 d\u00e0ng m\u00e0 kh\u00f4ng c\u1ea7n c\u00e0i \u0111\u1eb7t ph\u1ea7n m\u1ec1m.<\/span><\/p>\n<h3><b>Qua \u1ee9ng d\u1ee5ng di \u0111\u1ed9ng<\/b><\/h3>\n<figure id=\"attachment_107\" aria-describedby=\"caption-attachment-107\" style=\"width: 800px\" class=\"wp-caption aligncenter\"><img loading=\"lazy\" decoding=\"async\" class=\"size-full wp-image-107\" src=\"https:\/\/d-factory.in.net\/wp-content\/uploads\/2025\/11\/dang-nhap-4.jpg\" alt=\"Qua \u1ee9ng d\u1ee5ng di \u0111\u1ed9ng\" width=\"800\" height=\"400\" srcset=\"https:\/\/d-factory.in.net\/wp-content\/uploads\/2025\/11\/dang-nhap-4.jpg 800w, https:\/\/d-factory.in.net\/wp-content\/uploads\/2025\/11\/dang-nhap-4-300x150.jpg 300w, https:\/\/d-factory.in.net\/wp-content\/uploads\/2025\/11\/dang-nhap-4-768x384.jpg 768w\" sizes=\"auto, (max-width: 800px) 100vw, 800px\" \/><figcaption id=\"caption-attachment-107\" class=\"wp-caption-text\">Qua \u1ee9ng d\u1ee5ng di \u0111\u1ed9ng<\/figcaption><\/figure>\n<p><span style=\"font-weight: 400;\">Nh\u00e0 c\u00e1i ph\u00e1t tri\u1ec3n \u1ee9ng d\u1ee5ng tr\u00ean c\u1ea3 h\u1ec7 \u0111i\u1ec1u h\u00e0nh Android v\u00e0 iOS, gi\u00fap ng\u01b0\u1eddi ch\u01a1i d\u1ec5 d\u00e0ng tham gia m\u1ecdi l\u00fac, m\u1ecdi n\u01a1i. Ch\u1ec9 c\u1ea7n t\u1ea3i xu\u1ed1ng v\u00e0 c\u00e0i \u0111\u1eb7t \u1ee9ng d\u1ee5ng, \u0111\u0103ng nh\u1eadp 188BET b\u1eb1ng t\u00e0i kho\u1ea3n \u0111\u00e3 \u0111\u0103ng k\u00fd l\u00e0 c\u00f3 th\u1ec3 ch\u01a1i ngay.<\/span><\/p>\n<h3><b>B\u1eb1ng m\u00e3 QR (n\u1ebfu c\u00f3)<\/b><\/h3>\n<p><span style=\"font-weight: 400;\">M\u1ed9t s\u1ed1 n\u1ec1n t\u1ea3ng c\u00f2n h\u1ed7 tr\u1ee3 nhanh qua m\u00e3 QR, gi\u00fap ti\u1ebft ki\u1ec7m th\u1eddi gian, h\u1ea1n ch\u1ebf nh\u1eadp sai d\u1eef li\u1ec7u.<\/span><\/p>\n<h2><b>Nh\u1eefng y\u1ebfu t\u1ed1 c\u1ea7n l\u01b0u \u00fd khi \u0111\u0103ng nh\u1eadp 188BET\u00a0<\/b><\/h2>\n<p><span style=\"font-weight: 400;\">\u0110\u1ec3 \u0111\u1ea3m b\u1ea3o tr\u1ea3i nghi\u1ec7m an to\u00e0n v\u00e0 kh\u00f4ng g\u1eb7p r\u1eafc r\u1ed1i, ng\u01b0\u1eddi d\u00f9ng c\u1ea7n l\u01b0u \u00fd m\u1ed9t s\u1ed1 \u0111i\u1ec3m quan tr\u1ecdng khi \u0111\u0103ng nh\u1eadp 188BET:<\/span><\/p>\n<ul>\n<li style=\"font-weight: 400;\" aria-level=\"1\"><b>S\u1eed d\u1ee5ng k\u1ebft n\u1ed1i internet uy t\u00edn<\/b><span style=\"font-weight: 400;\">: Tr\u00e1nh v\u00e0o qua c\u00e1c m\u1ea1ng c\u00f4ng c\u1ed9ng, wifi kh\u00f4ng b\u1ea3o m\u1eadt \u0111\u1ec3 tr\u00e1nh r\u1ee7i ro b\u1ecb khai th\u00e1c d\u1eef li\u1ec7u c\u00e1 nh\u00e2n.<\/span><\/li>\n<li style=\"font-weight: 400;\" aria-level=\"1\"><b>B\u1ea3o v\u1ec7 th\u00f4ng tin \u0111\u0103ng nh\u1eadp 188BET<\/b><span style=\"font-weight: 400;\">: Kh\u00f4ng chia s\u1ebb t\u00ean ho\u1eb7c m\u1eadt kh\u1ea9u v\u1edbi ng\u01b0\u1eddi kh\u00e1c, tr\u00e1nh t\u1ea1o ra c\u00e1c t\u00e0i kho\u1ea3n chung \u0111\u1ec3 h\u1ea1n ch\u1ebf nguy c\u01a1 m\u1ea5t ti\u1ec1n ho\u1eb7c quy\u1ec1n ri\u00eang t\u01b0.<\/span><\/li>\n<li style=\"font-weight: 400;\" aria-level=\"1\"><b>S\u1eed d\u1ee5ng t\u00ednh n\u0103ng \u0111\u0103ng xu\u1ea5t \u0111\u00fang c\u00e1ch<\/b><span style=\"font-weight: 400;\">: Khi kh\u00f4ng c\u00f2n s\u1eed d\u1ee5ng, h\u00e3y \u0111\u0103ng xu\u1ea5t kh\u1ecfi t\u00e0i kho\u1ea3n \u0111\u1ec3 \u0111\u1ea3m b\u1ea3o an to\u00e0n.<\/span><\/li>\n<li style=\"font-weight: 400;\" aria-level=\"1\"><b>C\u1eadp nh\u1eadt ph\u1ea7n m\u1ec1m th\u01b0\u1eddng xuy\u00ean<\/b><span style=\"font-weight: 400;\">: \u0110\u1ea3m b\u1ea3o tr\u00ecnh duy\u1ec7t ho\u1eb7c \u1ee9ng d\u1ee5ng lu\u00f4n l\u00e0 phi\u00ean b\u1ea3n m\u1edbi nh\u1ea5t nh\u1eb1m h\u1ea1n ch\u1ebf l\u1ed7 h\u1ed5ng b\u1ea3o m\u1eadt.<\/span><\/li>\n<\/ul>\n<h2><b>K\u1ebft lu\u1eadn<\/b><\/h2>\n<p><a href=\"https:\/\/d-factory.in.net\/index.php\/dang-nhap-188bet\/\"><b>\u0110\u0103ng nh\u1eadp 188BET<\/b><\/a><span style=\"font-weight: 400;\"> l\u00e0 b\u01b0\u1edbc quan tr\u1ecdng \u0111\u1ec3 ng\u01b0\u1eddi ch\u01a1i b\u01b0\u1edbc v\u00e0o th\u1ebf gi\u1edbi c\u00e1 c\u01b0\u1ee3c tr\u1ef1c tuy\u1ebfn \u0111\u1ea7y h\u1ea5p d\u1eabn v\u00e0 ti\u1ec1m n\u0103ng thu l\u1ee3i nhu\u1eadn. Vi\u1ec7c th\u1ef1c hi\u1ec7n \u0111\u00fang quy tr\u00ecnh c\u00f9ng c\u00e1c bi\u1ec7n ph\u00e1p an to\u00e0n s\u1ebd gi\u00fap b\u1ea1n t\u1eadn h\u01b0\u1edfng c\u00e1c d\u1ecbch v\u1ee5 m\u1ed9t c\u00e1ch hi\u1ec7u qu\u1ea3 v\u00e0 b\u1ea3o m\u1eadt cao nh\u1ea5t. H\u00e3y lu\u00f4n c\u1ea3nh gi\u00e1c, b\u1ea3o v\u1ec7 t\u00e0i kho\u1ea3n c\u1ee7a m\u00ecnh v\u00e0 t\u1eadn h\u01b0\u1edfng ni\u1ec1m vui c\u00e1 c\u01b0\u1ee3c m\u1ed9t c\u00e1ch c\u00f3 tr\u00e1ch nhi\u1ec7m. V\u1edbi h\u01b0\u1edbng d\u1eabn to\u00e0n di\u1ec7n n\u00e0y, hy v\u1ecdng b\u1ea1n \u0111\u00e3 c\u00f3 th\u1ec3 d\u1ec5 d\u00e0ng tr\u1ea3i nghi\u1ec7m d\u1ecbch v\u1ee5 m\u1ed9t c\u00e1ch su\u00f4n s\u1ebb nh\u1ea5t.<\/span><\/p>\n","protected":false},"excerpt":{"rendered":"<p>Trong th\u1ecb tr\u01b0\u1eddng c\u00e1 c\u01b0\u1ee3c tr\u1ef1c tuy\u1ebfn ng\u00e0y c\u00e0ng ph\u00e1t tri\u1ec3n, vi\u1ec7c \u0111\u0103ng nh\u1eadp 188BET tr\u1edf th\u00e0nh h\u00e0nh \u0111\u1ed9ng ph\u1ed5 bi\u1ebfn c\u1ee7a ng\u01b0\u1eddi ch\u01a1i mu\u1ed1n tham gia c\u00e1c tr\u00f2 ch\u01a1i, c\u00e1 c\u01b0\u1ee3c th\u1ec3 thao ho\u1eb7c casino tr\u1ef1c tuy\u1ebfn. Vi\u1ec7c n\u00e0y kh\u00f4ng ch\u1ec9 gi\u00fap ng\u01b0\u1eddi d\u00f9ng truy c\u1eadp d\u1ecbch v\u1ee5 188BET m\u1ed9t c\u00e1ch d\u1ec5 d\u00e0ng m\u00e0 [&#8230;]\n","protected":false},"author":1,"featured_media":110,"parent":0,"menu_order":0,"comment_status":"closed","ping_status":"closed","template":"page-blank-title-center.php","meta":{"footnotes":""},"class_list":["post-106","page","type-page","status-publish","has-post-thumbnail","hentry"],"_links":{"self":[{"href":"https:\/\/d-factory.in.net\/index.php\/wp-json\/wp\/v2\/pages\/106","targetHints":{"allow":["GET"]}}],"collection":[{"href":"https:\/\/d-factory.in.net\/index.php\/wp-json\/wp\/v2\/pages"}],"about":[{"href":"https:\/\/d-factory.in.net\/index.php\/wp-json\/wp\/v2\/types\/page"}],"author":[{"embeddable":true,"href":"https:\/\/d-factory.in.net\/index.php\/wp-json\/wp\/v2\/users\/1"}],"replies":[{"embeddable":true,"href":"https:\/\/d-factory.in.net\/index.php\/wp-json\/wp\/v2\/comments?post=106"}],"version-history":[{"count":3,"href":"https:\/\/d-factory.in.net\/index.php\/wp-json\/wp\/v2\/pages\/106\/revisions"}],"predecessor-version":[{"id":113,"href":"https:\/\/d-factory.in.net\/index.php\/wp-json\/wp\/v2\/pages\/106\/revisions\/113"}],"wp:featuredmedia":[{"embeddable":true,"href":"https:\/\/d-factory.in.net\/index.php\/wp-json\/wp\/v2\/media\/110"}],"wp:attachment":[{"href":"https:\/\/d-factory.in.net\/index.php\/wp-json\/wp\/v2\/media?parent=106"}],"curies":[{"name":"wp","href":"https:\/\/api.w.org\/{rel}","templated":true}]}}