{"id":100,"date":"2025-11-10T13:21:46","date_gmt":"2025-11-10T13:21:46","guid":{"rendered":"https:\/\/d-factory.in.net\/?page_id=100"},"modified":"2025-11-10T13:21:46","modified_gmt":"2025-11-10T13:21:46","slug":"dang-ky-188bet","status":"publish","type":"page","link":"https:\/\/d-factory.in.net\/index.php\/dang-ky-188bet\/","title":{"rendered":"H\u01b0\u1edbng D\u1eabn Chi Ti\u1ebft V\u1ec1 Vi\u1ec7c \u0110\u0103ng K\u00fd 188BET"},"content":{"rendered":"<p><span style=\"font-weight: 400;\">Trong th\u1ebf gi\u1edbi c\u00e1 c\u01b0\u1ee3c tr\u1ef1c tuy\u1ebfn ng\u00e0y nay, <\/span><b>\u0111\u0103ng k\u00fd 188BET<\/b><span style=\"font-weight: 400;\"> l\u00e0 b\u01b0\u1edbc \u0111\u1ea7u ti\u00ean \u0111\u1ec3 ng\u01b0\u1eddi ch\u01a1i c\u00f3 th\u1ec3 ti\u1ebfp c\u1eadn v\u1edbi m\u1ed9t trong nh\u1eefng n\u1ec1n t\u1ea3ng c\u00e1 c\u01b0\u1ee3c uy t\u00edn h\u00e0ng \u0111\u1ea7u khu v\u1ef1c. B\u00e0i vi\u1ebft n\u00e0y s\u1ebd gi\u00fap b\u1ea1n hi\u1ec3u r\u00f5 h\u01a1n v\u1ec1 qu\u00e1 tr\u00ecnh, t\u1ea7m quan tr\u1ecdng c\u1ee7a vi\u1ec7c \u0111\u00f3, v\u00e0 c\u00e1c b\u01b0\u1edbc chi ti\u1ebft t\u1eebng b\u01b0\u1edbc, c\u00f9ng v\u1edbi nh\u1eefng l\u01b0u \u00fd c\u1ea7n thi\u1ebft \u0111\u1ec3 t\u1ea1o t\u00e0i kho\u1ea3n <a href=\"https:\/\/d-factory.in.net\/\"><strong>188BET<\/strong><\/a> th\u00e0nh c\u00f4ng v\u00e0 an to\u00e0n.<\/span><\/p>\n<h2><b>Gi\u1edbi thi\u1ec7u v\u1ec1 \u0111\u0103ng k\u00fd 188BET<\/b><\/h2>\n<figure id=\"attachment_103\" aria-describedby=\"caption-attachment-103\" style=\"width: 800px\" class=\"wp-caption aligncenter\"><img loading=\"lazy\" decoding=\"async\" class=\"size-full wp-image-103\" src=\"https:\/\/d-factory.in.net\/wp-content\/uploads\/2025\/11\/dang-ky-2.jpg\" alt=\"Gi\u1edbi thi\u1ec7u v\u1ec1 \u0111\u0103ng k\u00fd 188BET\" width=\"800\" height=\"400\" srcset=\"https:\/\/d-factory.in.net\/wp-content\/uploads\/2025\/11\/dang-ky-2.jpg 800w, https:\/\/d-factory.in.net\/wp-content\/uploads\/2025\/11\/dang-ky-2-300x150.jpg 300w, https:\/\/d-factory.in.net\/wp-content\/uploads\/2025\/11\/dang-ky-2-768x384.jpg 768w\" sizes=\"auto, (max-width: 800px) 100vw, 800px\" \/><figcaption id=\"caption-attachment-103\" class=\"wp-caption-text\">Gi\u1edbi thi\u1ec7u v\u1ec1 \u0111\u0103ng k\u00fd 188BET<\/figcaption><\/figure>\n<p><b>\u0111\u0103ng k\u00fd 188BET <\/b><span style=\"font-weight: 400;\">l\u00e0 thao t\u00e1c b\u01b0\u1edbc \u0111\u1ea7u ti\u00ean gi\u00fap ng\u01b0\u1eddi ch\u01a1i t\u1ea1o t\u00e0i kho\u1ea3n c\u00e1 c\u01b0\u1ee3c tr\u00ean n\u1ec1n t\u1ea3ng. \u0110\u00e2y l\u00e0 m\u1ed9t b\u01b0\u1edbc quan tr\u1ecdng, quy\u1ebft \u0111\u1ecbnh \u0111\u1ebfn kh\u1ea3 n\u0103ng ti\u1ebfp c\u1eadn c\u00e1c d\u1ecbch v\u1ee5, tr\u00f2 ch\u01a1i, c\u00f9ng c\u00e1c \u01b0u \u0111\u00e3i h\u1ea5p d\u1eabn c\u1ee7a nh\u00e0 c\u00e1i n\u00e0y. V\u1edbi h\u1ec7 th\u1ed1ng \u0111\u1eb7t c\u01b0\u1ee3c \u0111a d\u1ea1ng t\u1eeb th\u1ec3 thao, casino, eSports \u0111\u1ebfn c\u00e1c tr\u00f2 ch\u01a1i slot, vi\u1ec7c n\u00e0y m\u1edf ra nhi\u1ec1u c\u01a1 h\u1ed9i gi\u1ea3i tr\u00ed ch\u01b0a t\u1eebng c\u00f3. Trong b\u00e0i vi\u1ebft n\u00e0y, ch\u00fang t\u00f4i s\u1ebd h\u01b0\u1edbng d\u1eabn chi ti\u1ebft c\u00e1c b\u01b0\u1edbc, nh\u1eefng l\u1ee3i \u00edch, c\u0169ng nh\u01b0 c\u00e1c y\u1ebfu t\u1ed1 c\u1ea7n c\u00e2n nh\u1eafc trong qu\u00e1 tr\u00ecnh n\u00e0y.<\/span><\/p>\n<h2><b>T\u1ea1i sao c\u1ea7n ph\u1ea3i \u0111\u0103ng k\u00fd 188BET?<\/b><\/h2>\n<p><span style=\"font-weight: 400;\">Tr\u01b0\u1edbc ti\u00ean, vi\u1ec7c <\/span><b>\u0111\u0103ng k\u00fd 188BET <\/b><span style=\"font-weight: 400;\">mang l\u1ea1i nhi\u1ec1u l\u1ee3i \u00edch nh\u01b0:<\/span><\/p>\n<ul>\n<li style=\"font-weight: 400;\" aria-level=\"1\"><span style=\"font-weight: 400;\">Truy c\u1eadp to\u00e0n di\u1ec7n t\u1ea5t c\u1ea3 c\u00e1c tr\u00f2 ch\u01a1i v\u00e0 d\u1ecbch v\u1ee5 c\u1ee7a nh\u00e0 c\u00e1i.<\/span><\/li>\n<li style=\"font-weight: 400;\" aria-level=\"1\"><span style=\"font-weight: 400;\">Tham gia c\u00e1c ch\u01b0\u01a1ng tr\u00ecnh khuy\u1ebfn m\u00e3i, th\u01b0\u1edfng c\u01b0\u1ee3c h\u1ea5p d\u1eabn.<\/span><\/li>\n<li style=\"font-weight: 400;\" aria-level=\"1\"><span style=\"font-weight: 400;\">Giao d\u1ecbch nhanh ch\u00f3ng, thu\u1eadn ti\u1ec7n qua t\u00e0i kho\u1ea3n c\u00e1 nh\u00e2n.<\/span><\/li>\n<li style=\"font-weight: 400;\" aria-level=\"1\"><span style=\"font-weight: 400;\">B\u1ea3o m\u1eadt th\u00f4ng tin t\u1ed1i \u01b0u<\/span><\/li>\n<li style=\"font-weight: 400;\" aria-level=\"1\"><span style=\"font-weight: 400;\">H\u1ed7 tr\u1ee3 kh\u00e1ch h\u00e0ng chuy\u00ean nghi\u1ec7p, gi\u00fap gi\u1ea3i \u0111\u00e1p th\u1eafc m\u1eafc nhanh ch\u00f3ng.<\/span><\/li>\n<\/ul>\n<p><span style=\"font-weight: 400;\">Nh\u01b0 v\u1eady, vi\u1ec7c n\u00e0y kh\u00f4ng ch\u1ec9 gi\u00fap ti\u1ebfp c\u1eadn d\u1ecbch v\u1ee5 m\u00e0 c\u00f2n t\u1ed1i \u01b0u h\u00f3a tr\u1ea3i nghi\u1ec7m c\u00e1 c\u01b0\u1ee3c c\u1ee7a ng\u01b0\u1eddi ch\u01a1i.<\/span><\/p>\n<h2><b>C\u00e1c b\u01b0\u1edbc \u0111\u0103ng k\u00fd 188BET t\u00e0i kho\u1ea3n an to\u00e0n v\u00e0 d\u1ec5 d\u00e0ng<\/b><\/h2>\n<p><span style=\"font-weight: 400;\">T\u00f9y theo n\u1ec1n t\u1ea3ng, qu\u00e1 tr\u00ecnh kh\u00e1 \u0111\u01a1n gi\u1ea3n, ch\u1ec9 g\u1ed3m m\u1ed9t s\u1ed1 b\u01b0\u1edbc c\u01a1 b\u1ea3n d\u01b0\u1edbi \u0111\u00e2y:<\/span><\/p>\n<h3><b>B\u01b0\u1edbc 1: Truy c\u1eadp v\u00e0o trang ch\u1ee7 ch\u00ednh th\u1ee9c<\/b><\/h3>\n<p><span style=\"font-weight: 400;\">B\u1ea1n c\u1ea7n \u0111\u1ea3m b\u1ea3o truy c\u1eadp \u0111\u00fang trang ch\u00ednh th\u1ee9c \u0111\u1ec3 tr\u00e1nh r\u1ee7i ro b\u1ea3o m\u1eadt.\u00a0<\/span><\/p>\n<h3><b>B\u01b0\u1edbc 2: Nh\u1ea5n v\u00e0o n\u00fat &#8220;\u0111\u0103ng k\u00fd 188BET&#8221; ho\u1eb7c &#8220;Register&#8221;<\/b><\/h3>\n<p><span style=\"font-weight: 400;\">Th\u00f4ng th\u01b0\u1eddng, n\u00fat n\u00e0y n\u1eb1m n\u1ed5i b\u1eadt tr\u00ean g\u00f3c ph\u1ea3i c\u1ee7a trang ch\u1ee7. Khi nh\u1ea5n, h\u1ec7 th\u1ed1ng s\u1ebd m\u1edf ra c\u00e1c bi\u1ec3u m\u1eabu.<\/span><\/p>\n<h3><b>B\u01b0\u1edbc 3: \u0110i\u1ec1n th\u00f4ng tin c\u00e1 nh\u00e2n ch\u00ednh x\u00e1c<\/b><\/h3>\n<figure id=\"attachment_102\" aria-describedby=\"caption-attachment-102\" style=\"width: 800px\" class=\"wp-caption aligncenter\"><img loading=\"lazy\" decoding=\"async\" class=\"size-full wp-image-102\" src=\"https:\/\/d-factory.in.net\/wp-content\/uploads\/2025\/11\/dang-ky-3.jpg\" alt=\"\u0110i\u1ec1n th\u00f4ng tin \u0111\u0103ng k\u00fd 188BET c\u00e1 nh\u00e2n ch\u00ednh x\u00e1c\" width=\"800\" height=\"400\" srcset=\"https:\/\/d-factory.in.net\/wp-content\/uploads\/2025\/11\/dang-ky-3.jpg 800w, https:\/\/d-factory.in.net\/wp-content\/uploads\/2025\/11\/dang-ky-3-300x150.jpg 300w, https:\/\/d-factory.in.net\/wp-content\/uploads\/2025\/11\/dang-ky-3-768x384.jpg 768w\" sizes=\"auto, (max-width: 800px) 100vw, 800px\" \/><figcaption id=\"caption-attachment-102\" class=\"wp-caption-text\">\u0110i\u1ec1n th\u00f4ng tin \u0111\u0103ng k\u00fd 188BET c\u00e1 nh\u00e2n ch\u00ednh x\u00e1c<\/figcaption><\/figure>\n<p><span style=\"font-weight: 400;\">C\u00e1c th\u00f4ng tin c\u1ea7n chu\u1ea9n b\u1ecb g\u1ed3m:<\/span><\/p>\n<ul>\n<li style=\"font-weight: 400;\" aria-level=\"1\"><span style=\"font-weight: 400;\">H\u1ecd t\u00ean \u0111\u1ea7y \u0111\u1ee7<\/span><\/li>\n<li style=\"font-weight: 400;\" aria-level=\"1\"><span style=\"font-weight: 400;\">Ng\u00e0y sinh<\/span><\/li>\n<li style=\"font-weight: 400;\" aria-level=\"1\"><span style=\"font-weight: 400;\">S\u1ed1 \u0111i\u1ec7n tho\u1ea1i li\u00ean l\u1ea1c<\/span><\/li>\n<li style=\"font-weight: 400;\" aria-level=\"1\"><span style=\"font-weight: 400;\">\u0110\u1ecba ch\u1ec9 email<\/span><\/li>\n<li style=\"font-weight: 400;\" aria-level=\"1\"><span style=\"font-weight: 400;\">T\u00ean \u0111\u0103ng nh\u1eadp (username) v\u00e0 m\u1eadt kh\u1ea9u an to\u00e0n<\/span><\/li>\n<li style=\"font-weight: 400;\" aria-level=\"1\"><span style=\"font-weight: 400;\">Th\u00f4ng tin ng\u00e2n h\u00e0ng ho\u1eb7c ph\u01b0\u01a1ng th\u1ee9c thanh to\u00e1n<\/span><\/li>\n<\/ul>\n<h3><b>B\u01b0\u1edbc 4: X\u00e1c nh\u1eadn c\u00e1c \u0111i\u1ec1u kho\u1ea3n, \u0111i\u1ec1u ki\u1ec7n c\u1ee7a nh\u00e0 c\u00e1i<\/b><\/h3>\n<p><span style=\"font-weight: 400;\">C\u1ea7n \u0111\u1ecdc k\u1ef9 c\u00e1c \u0111i\u1ec1u kho\u1ea3n, ch\u00ednh s\u00e1ch v\u00e0 x\u00e1c nh\u1eadn \u0111\u1ed3ng \u00fd tr\u01b0\u1edbc khi ho\u00e0n t\u1ea5t.<\/span><\/p>\n<h3><b>B\u01b0\u1edbc 5: Ho\u00e0n t\u1ea5t qu\u00e1 tr\u00ecnh \u0111\u0103ng k\u00fd 188BET<\/b><\/h3>\n<p><span style=\"font-weight: 400;\">Sau khi \u0111i\u1ec1n \u0111\u1ea7y \u0111\u1ee7 v\u00e0 ch\u00ednh x\u00e1c, b\u1ea1n nh\u1ea5n &#8220;\u0111\u0103ng k\u00fd 188BET&#8221; ho\u1eb7c &#8220;Submit&#8221; \u0111\u1ec3 ho\u00e0n th\u00e0nh. M\u1ed9t email x\u00e1c nh\u1eadn ho\u1eb7c m\u00e3 OTP s\u1ebd g\u1eedi v\u1ec1 \u0111\u1ec3 x\u00e1c minh t\u00e0i kho\u1ea3n.<\/span><\/p>\n<h2><b>Nh\u1eefng l\u01b0u \u00fd khi t\u1ea1o t\u00e0i kho\u1ea3n\u00a0<\/b><\/h2>\n<figure id=\"attachment_101\" aria-describedby=\"caption-attachment-101\" style=\"width: 800px\" class=\"wp-caption aligncenter\"><img loading=\"lazy\" decoding=\"async\" class=\"size-full wp-image-101\" src=\"https:\/\/d-factory.in.net\/wp-content\/uploads\/2025\/11\/dang-ky-4.jpg\" alt=\"Nh\u1eefng l\u01b0u \u00fd khi t\u1ea1o t\u00e0i kho\u1ea3n\" width=\"800\" height=\"400\" srcset=\"https:\/\/d-factory.in.net\/wp-content\/uploads\/2025\/11\/dang-ky-4.jpg 800w, https:\/\/d-factory.in.net\/wp-content\/uploads\/2025\/11\/dang-ky-4-300x150.jpg 300w, https:\/\/d-factory.in.net\/wp-content\/uploads\/2025\/11\/dang-ky-4-768x384.jpg 768w\" sizes=\"auto, (max-width: 800px) 100vw, 800px\" \/><figcaption id=\"caption-attachment-101\" class=\"wp-caption-text\">Nh\u1eefng l\u01b0u \u00fd khi t\u1ea1o t\u00e0i kho\u1ea3n<\/figcaption><\/figure>\n<ul>\n<li style=\"font-weight: 400;\" aria-level=\"1\"><b>Th\u00f4ng tin ch\u00ednh x\u00e1c<\/b><span style=\"font-weight: 400;\">: Ph\u1ea3i \u0111i\u1ec1n \u0111\u00fang v\u00e0 \u0111\u1ea7y \u0111\u1ee7 \u0111\u1ec3 tr\u00e1nh r\u1eafc r\u1ed1i trong qu\u00e1 tr\u00ecnh r\u00fat ti\u1ec1n ho\u1eb7c x\u00e1c minh t\u00e0i kho\u1ea3n.<\/span><\/li>\n<li style=\"font-weight: 400;\" aria-level=\"1\"><b>B\u1ea3o m\u1eadt th\u00f4ng tin<\/b><span style=\"font-weight: 400;\">: Kh\u00f4ng chia s\u1ebb t\u00ean \u0111\u0103ng nh\u1eadp, m\u1eadt kh\u1ea9u v\u1edbi ng\u01b0\u1eddi kh\u00e1c.<\/span><\/li>\n<li style=\"font-weight: 400;\" aria-level=\"1\"><b>Ch\u1ecdn m\u1eadt kh\u1ea9u m\u1ea1nh<\/b><span style=\"font-weight: 400;\">: K\u1ebft h\u1ee3p k\u00fd t\u1ef1 \u0111\u1eb7c bi\u1ec7t, ch\u1eef hoa, ch\u1eef th\u01b0\u1eddng, s\u1ed1 \u0111\u1ec3 \u0111\u1ea3m b\u1ea3o an to\u00e0n.<\/span><\/li>\n<\/ul>\n<h2><b>C\u00e1c v\u1ea5n \u0111\u1ec1 th\u01b0\u1eddng g\u1eb7p khi \u0111\u0103ng k\u00fd 188BET v\u00e0 c\u00e1ch x\u1eed l\u00fd<\/b><\/h2>\n<table>\n<tbody>\n<tr>\n<td><b>V\u1ea5n \u0111\u1ec1<\/b><\/td>\n<td><b>Nguy\u00ean nh\u00e2n<\/b><\/td>\n<td><b>C\u00e1ch kh\u1eafc ph\u1ee5c<\/b><\/td>\n<\/tr>\n<tr>\n<td><span style=\"font-weight: 400;\">Kh\u00f4ng nh\u1eadn m\u00e3 OTP<\/span><\/td>\n<td><span style=\"font-weight: 400;\">Server qu\u00e1 t\u1ea3i ho\u1eb7c s\u1ed1 \u0111i\u1ec7n tho\u1ea1i sai<\/span><\/td>\n<td><span style=\"font-weight: 400;\">Th\u1eed l\u1ea1i sau v\u00e0i ph\u00fat ho\u1eb7c ki\u1ec3m tra s\u1ed1 \u0111\u00fang<\/span><\/td>\n<\/tr>\n<tr>\n<td><span style=\"font-weight: 400;\">\u0110\u1ecba ch\u1ec9 email kh\u00f4ng x\u00e1c nh\u1eadn \u0111\u01b0\u1ee3c<\/span><\/td>\n<td><span style=\"font-weight: 400;\">Email kh\u00f4ng \u0111\u00fang ho\u1eb7c h\u1ed9p th\u01b0 \u0111\u1ea7y<\/span><\/td>\n<td><span style=\"font-weight: 400;\">Ki\u1ec3m tra ch\u00ednh x\u00e1c \u0111\u1ecba ch\u1ec9 email ho\u1eb7c \u0111\u1ed5i email kh\u00e1c<\/span><\/td>\n<\/tr>\n<tr>\n<td><span style=\"font-weight: 400;\">T\u00e0i kho\u1ea3n b\u1ecb kh\u00f3a t\u1ea1m th\u1eddi<\/span><\/td>\n<td><span style=\"font-weight: 400;\">Sai th\u00f4ng tin nhi\u1ec1u l\u1ea7n ho\u1eb7c ch\u01b0a x\u00e1c minh \u0111\u1ea7y \u0111\u1ee7<\/span><\/td>\n<td><span style=\"font-weight: 400;\">G\u1eedi y\u00eau c\u1ea7u h\u1ed7 tr\u1ee3 ho\u1eb7c x\u00e1c minh l\u1ea1i th\u00f4ng tin<\/span><\/td>\n<\/tr>\n<\/tbody>\n<\/table>\n<h2><b>B\u1ea3ng so s\u00e1nh c\u00e1c h\u00ecnh th\u1ee9c ph\u1ed5 bi\u1ebfn<\/b><\/h2>\n<table>\n<tbody>\n<tr>\n<td><b>H\u00ecnh th\u1ee9c \u0111\u0103ng k\u00fd 188BET<\/b><\/td>\n<td><b>\u01afu \u0111i\u1ec3m<\/b><\/td>\n<td><b>Nh\u01b0\u1ee3c \u0111i\u1ec3m<\/b><\/td>\n<td><b>Ph\u00f9 h\u1ee3p v\u1edbi<\/b><\/td>\n<\/tr>\n<tr>\n<td><span style=\"font-weight: 400;\">Tr\u1ef1c ti\u1ebfp tr\u00ean website<\/span><\/td>\n<td><span style=\"font-weight: 400;\">D\u1ec5 thao t\u00e1c, nhanh ch\u00f3ng<\/span><\/td>\n<td><span style=\"font-weight: 400;\">C\u1ea7n c\u1ea9n th\u1eadn ki\u1ec3m tra d\u1eef li\u1ec7u<\/span><\/td>\n<td><span style=\"font-weight: 400;\">Ng\u01b0\u1eddi m\u1edbi b\u1eaft \u0111\u1ea7u, kh\u00f4ng quen thi\u1ebft b\u1ecb kh\u00e1c<\/span><\/td>\n<\/tr>\n<tr>\n<td><span style=\"font-weight: 400;\">\u0110\u0103ng qua \u1ee9ng d\u1ee5ng di \u0111\u1ed9ng<\/span><\/td>\n<td><span style=\"font-weight: 400;\">Ti\u1ec7n l\u1ee3i, truy c\u1eadp m\u1ecdi n\u01a1i<\/span><\/td>\n<td><span style=\"font-weight: 400;\">C\u1ea7n t\u1ea3i app, dung l\u01b0\u1ee3ng \u0111i\u1ec7n tho\u1ea1i<\/span><\/td>\n<td><span style=\"font-weight: 400;\">Ng\u01b0\u1eddi th\u01b0\u1eddng xuy\u00ean di chuy\u1ec3n, th\u00edch d\u00f9ng \u0111i\u1ec7n tho\u1ea1i<\/span><\/td>\n<\/tr>\n<tr>\n<td><span style=\"font-weight: 400;\">\u0111\u0103ng k\u00fd 188BET qua h\u1ed7 tr\u1ee3 tr\u1ef1c tuy\u1ebfn (Live chat)<\/span><\/td>\n<td><span style=\"font-weight: 400;\">H\u1ed7 tr\u1ee3 tr\u1ef1c ti\u1ebfp, d\u1ec5 d\u00e0ng<\/span><\/td>\n<td><span style=\"font-weight: 400;\">C\u1ea7n li\u00ean h\u1ec7 \u0111\u00fang th\u1eddi \u0111i\u1ec3m h\u1ed7 tr\u1ee3<\/span><\/td>\n<td><span style=\"font-weight: 400;\">Ng\u01b0\u1eddi c\u1ea7n h\u01b0\u1edbng d\u1eabn chi ti\u1ebft ho\u1eb7c g\u1eb7p v\u1ea5n \u0111\u1ec1 k\u1ef9 thu\u1eadt<\/span><\/td>\n<\/tr>\n<\/tbody>\n<\/table>\n<p><b>L\u01b0u \u00fd:<\/b><span style=\"font-weight: 400;\"> Ch\u1ecdn ph\u01b0\u01a1ng th\u1ee9c ph\u00f9 h\u1ee3p nh\u1ea5t v\u1edbi \u0111i\u1ec1u ki\u1ec7n c\u1ee7a b\u1ea3n th\u00e2n \u0111\u1ec3 qu\u00e1 tr\u00ecnh thu\u1eadn ti\u1ec7n v\u00e0 an to\u00e0n h\u01a1n.<\/span><\/p>\n<h2><b>C\u00e1c c\u00e2u h\u1ecfi th\u01b0\u1eddng g\u1eb7p v\u1ec1 \u0111\u0103ng k\u00fd 188BET\u00a0<\/b><\/h2>\n<h3><b>1. C\u00f3 c\u1ea7n ph\u1ea3i cung c\u1ea5p gi\u1ea5y t\u1edd \u0111\u1ec3 x\u00e1c minh t\u00e0i kho\u1ea3n kh\u00f4ng?<\/b><\/h3>\n<p><span style=\"font-weight: 400;\">C\u00f3, \u0111\u1ec3 \u0111\u1ea3m b\u1ea3o an to\u00e0n, ph\u00e1p l\u00fd, 188BET c\u00f3 th\u1ec3 y\u00eau c\u1ea7u x\u00e1c minh danh t\u00ednh nh\u01b0 ch\u1ee9ng minh nh\u00e2n d\u00e2n, c\u0103n c\u01b0\u1edbc ho\u1eb7c h\u00f3a \u0111\u01a1n \u0111i\u1ec7n, n\u01b0\u1edbc.<\/span><\/p>\n<h3><b>2. Th\u1eddi gian \u0111\u0103ng k\u00fd 188BET c\u00f3 nhanh kh\u00f4ng?<\/b><\/h3>\n<p><span style=\"font-weight: 400;\">Ch\u1ec9 m\u1ea5t kho\u1ea3ng 3-5 ph\u00fat \u0111\u1ec3 ho\u00e0n t\u1ea5t, t\u00f9y thu\u1ed9c t\u1ed1c \u0111\u1ed9 \u0111i\u1ec1n th\u00f4ng tin v\u00e0 x\u00e1c nh\u1eadn c\u1ee7a b\u1ea1n.<\/span><\/p>\n<h3><b>3. C\u00f3 th\u1ec3 \u0111\u0103ng k\u00fd 188BET nhi\u1ec1u t\u00e0i kho\u1ea3n kh\u00f4ng?<\/b><\/h3>\n<p><span style=\"font-weight: 400;\">Kh\u00f4ng, m\u1ed7i ng\u01b0\u1eddi ch\u1ec9 n\u00ean c\u00f3 1 t\u00e0i kho\u1ea3n \u0111\u1ec3 tr\u00e1nh vi ph\u1ea1m \u0111i\u1ec1u kho\u1ea3n c\u1ee7a nh\u00e0 c\u00e1i.<\/span><\/p>\n<h2><b>T\u1ed5ng k\u1ebft<\/b><\/h2>\n<p><span style=\"font-weight: 400;\">Trong b\u00e0i vi\u1ebft n\u00e0y, ch\u00fang t\u00f4i \u0111\u00e3 h\u01b0\u1edbng d\u1eabn chi ti\u1ebft c\u00e1ch <\/span><a href=\"https:\/\/d-factory.in.net\/index.php\/dang-ky-188bet\"><b>\u0111\u0103ng k\u00fd 188BET<\/b><\/a><span style=\"font-weight: 400;\"> t\u1eeb c\u00e1c b\u01b0\u1edbc c\u01a1 b\u1ea3n, l\u01b0u \u00fd c\u1ea7n thi\u1ebft v\u00e0 c\u00e1c v\u1ea5n \u0111\u1ec1 th\u01b0\u1eddng g\u1eb7p, gi\u00fap b\u1ea1n d\u1ec5 d\u00e0ng ti\u1ebfp c\u1eadn n\u1ec1n t\u1ea3ng c\u00e1 c\u01b0\u1ee3c h\u00e0ng \u0111\u1ea7u n\u00e0y m\u1ed9t c\u00e1ch an to\u00e0n v\u00e0 thu\u1eadn ti\u1ec7n nh\u1ea5t. \u0110\u1eebng qu\u00ean ki\u1ec3m tra k\u1ef9 th\u00f4ng tin v\u00e0 gi\u1eef b\u00ed m\u1eadt t\u00e0i kho\u1ea3n \u0111\u1ec3 b\u1ea3o v\u1ec7 quy\u1ec1n l\u1ee3i c\u1ee7a ch\u00ednh m\u00ecnh. Ch\u00fac b\u1ea1n th\u00e0nh c\u00f4ng v\u00e0 c\u00f3 nh\u1eefng ph\u00fat gi\u00e2y gi\u1ea3i tr\u00ed th\u1eadt vui v\u1ebb t\u1ea1i \u0111\u00e2y!<\/span><\/p>\n","protected":false},"excerpt":{"rendered":"<p>Trong th\u1ebf gi\u1edbi c\u00e1 c\u01b0\u1ee3c tr\u1ef1c tuy\u1ebfn ng\u00e0y nay, \u0111\u0103ng k\u00fd 188BET l\u00e0 b\u01b0\u1edbc \u0111\u1ea7u ti\u00ean \u0111\u1ec3 ng\u01b0\u1eddi ch\u01a1i c\u00f3 th\u1ec3 ti\u1ebfp c\u1eadn v\u1edbi m\u1ed9t trong nh\u1eefng n\u1ec1n t\u1ea3ng c\u00e1 c\u01b0\u1ee3c uy t\u00edn h\u00e0ng \u0111\u1ea7u khu v\u1ef1c. B\u00e0i vi\u1ebft n\u00e0y s\u1ebd gi\u00fap b\u1ea1n hi\u1ec3u r\u00f5 h\u01a1n v\u1ec1 qu\u00e1 tr\u00ecnh, t\u1ea7m quan tr\u1ecdng c\u1ee7a vi\u1ec7c \u0111\u00f3, [&#8230;]\n","protected":false},"author":1,"featured_media":104,"parent":0,"menu_order":0,"comment_status":"closed","ping_status":"closed","template":"page-blank-title-center.php","meta":{"footnotes":""},"class_list":["post-100","page","type-page","status-publish","has-post-thumbnail","hentry"],"_links":{"self":[{"href":"https:\/\/d-factory.in.net\/index.php\/wp-json\/wp\/v2\/pages\/100","targetHints":{"allow":["GET"]}}],"collection":[{"href":"https:\/\/d-factory.in.net\/index.php\/wp-json\/wp\/v2\/pages"}],"about":[{"href":"https:\/\/d-factory.in.net\/index.php\/wp-json\/wp\/v2\/types\/page"}],"author":[{"embeddable":true,"href":"https:\/\/d-factory.in.net\/index.php\/wp-json\/wp\/v2\/users\/1"}],"replies":[{"embeddable":true,"href":"https:\/\/d-factory.in.net\/index.php\/wp-json\/wp\/v2\/comments?post=100"}],"version-history":[{"count":1,"href":"https:\/\/d-factory.in.net\/index.php\/wp-json\/wp\/v2\/pages\/100\/revisions"}],"predecessor-version":[{"id":105,"href":"https:\/\/d-factory.in.net\/index.php\/wp-json\/wp\/v2\/pages\/100\/revisions\/105"}],"wp:featuredmedia":[{"embeddable":true,"href":"https:\/\/d-factory.in.net\/index.php\/wp-json\/wp\/v2\/media\/104"}],"wp:attachment":[{"href":"https:\/\/d-factory.in.net\/index.php\/wp-json\/wp\/v2\/media?parent=100"}],"curies":[{"name":"wp","href":"https:\/\/api.w.org\/{rel}","templated":true}]}}